{"id":2377,"date":"2022-08-16T08:31:58","date_gmt":"2022-08-16T08:31:58","guid":{"rendered":"https:\/\/pmi.ro\/?page_id=2377"},"modified":"2026-01-18T15:20:02","modified_gmt":"2026-01-18T13:20:02","slug":"alegeri","status":"publish","type":"page","link":"https:\/\/pmi.ro\/en\/alegeri\/","title":{"rendered":"Alegeri"},"content":{"rendered":"<section class=\"section\" id=\"section_468913595\">\n\t\t<div class=\"section-bg fill\" >\n\t\t\t\t\t\t\t\t\t\n\t\t\t\n\n\t\t<\/div>\n\n\t\t\n\n\t\t<div class=\"section-content relative\">\n\t\t\t\n\t<div id=\"gap-1740533344\" class=\"gap-element clearfix\" style=\"display:block; height:auto;\">\n\t\t\n<style>\n#gap-1740533344 {\n  padding-top: 30px;\n}\n<\/style>\n\t<\/div>\n\t\n<div class=\"row align-center\"  id=\"row-1852508442\">\n\n\t<div id=\"col-1463655717\" class=\"col medium-5 small-12 large-5\"  >\n\t\t\t\t<div class=\"col-inner text-center\"  >\n\t\t\t\n\t\t\t\n\t<div id=\"text-3844868716\" class=\"text\">\n\t\t\n<h6>PMI Romania chapter<\/h6>\n\t\t\n<style>\n#text-3844868716 {\n  font-size: 0.9rem;\n}\n<\/style>\n\t<\/div>\n\t\n\t<div id=\"gap-298150605\" class=\"gap-element clearfix\" style=\"display:block; height:auto;\">\n\t\t\n<style>\n#gap-298150605 {\n  padding-top: 10px;\n}\n<\/style>\n\t<\/div>\n\t\n\t<div id=\"text-2669513868\" class=\"text\">\n\t\t\n<h3>Alegeri<\/h3>\n\t\t\n<style>\n#text-2669513868 {\n  font-size: 2rem;\n  line-height: 1;\n}\n<\/style>\n\t<\/div>\n\t\n\t\t<\/div>\n\t\t\t\t\t<\/div>\n\n\t\n<\/div>\n<div class=\"row row-small\"  id=\"row-1384079114\">\n\n\t<div id=\"col-1891971425\" class=\"col small-12 large-12\"  >\n\t\t\t\t<div class=\"col-inner\"  >\n\t\t\t\n\t\t\t\n<p>Stima\u021bi membri ai PMI Rom\u00e2nia Chapter,<\/p>\n<p>V\u0103 inform\u0103m c\u0103, \u00eencep\u00e2nd cu <strong>1 ianuarie 2026<\/strong>, comitetul director al filialei PMI Rom\u00e2nia are urm\u0103toarea structur\u0103:<\/p>\n<ol>\n<li>Pre\u0219edinte \u2013 R\u0103zvan Ichim<\/li>\n<li>Vicepre\u0219edinte pentru Finan\u021be \u0219i Trezorerie \u2013 Cristina Dragomir<\/li>\n<li>Vicepre\u0219edinte pentru Finan\u021be \u0219i Trezorerie \u2013 Ionela Avram<\/li>\n<li>Director General de Comunicare \u0219i Publicitate \u2013 Cristina Niculescu<\/li>\n<li>Vicepre\u0219edinte pentru Membri \u0219i Recrutare \u2013 Cristina B\u0103nic\u0103<\/li>\n<li>Director General pentru Membri \u0219i Recrutare \u2013 C\u0103t\u0103lin Voicu<\/li>\n<li>Vicepre\u0219edinte pentru Formare \u0219i Certificare \u2013 Marius B\u0103doi<\/li>\n<li>Director General pentru Formare \u0219i Certificare \u2013 Daniela Cosma<\/li>\n<li>Secretar Executiv \u2013 Raul R\u021bi<\/li>\n<\/ol>\n<p><span style=\"font-size: 14.4px;\">Numai bine,<\/span><\/p>\n<div>\n<p>Echipa PMI Rom\u00e2nia Chapter<\/p>\n<\/div>\n<div>\u00a0<\/div>\n\t\t<\/div>\n\t\t\t\t\t<\/div>\n\n\t\n<\/div>\n<p>&nbsp;<\/p>\n<p>&nbsp;<\/p>\n<p>&nbsp;<\/p>\n<div class=\"row row-small\"  id=\"row-371803103\">\n\n\t<div id=\"col-1659905850\" class=\"col small-12 large-12\"  >\n\t\t\t\t<div class=\"col-inner\"  >\n\t\t\t\n\t\t\t\n\t\t<\/div>\n\t\t\t\t\t<\/div>\n\n\t\n<\/div>\n<div class=\"row row-small\"  id=\"row-410552521\">\n\n\t<div id=\"col-1047980236\" class=\"col medium-3 small-6 large-3\"  >\n\t\t\t\t<div class=\"col-inner\"  >\n\t\t\t\n\t\t\t\n\t\t<\/div>\n\t\t\t\t\t<\/div>\n\n\t\n\n\t<div id=\"col-1087349914\" class=\"col medium-3 small-6 large-3\"  >\n\t\t\t\t<div class=\"col-inner\"  >\n\t\t\t\n\t\t\t\n\t\t<\/div>\n\t\t\t\t\t<\/div>\n\n\t\n\n\t<div id=\"col-145843253\" class=\"col medium-3 small-6 large-3\"  >\n\t\t\t\t<div class=\"col-inner\"  >\n\t\t\t\n\t\t\t\n\t\t<\/div>\n\t\t\t\t\t<\/div>\n\n\t\n\n\t<div id=\"col-2039162122\" class=\"col medium-3 small-6 large-3\"  >\n\t\t\t\t<div class=\"col-inner\"  >\n\t\t\t\n\t\t\t\n\t\t<\/div>\n\t\t\t\t\t<\/div>\n\n\t\n<\/div>\n\t\t<\/div>\n\n\t\t\n<style>\n#section_468913595 {\n  padding-top: 30px;\n  padding-bottom: 30px;\n}\n<\/style>\n\t<\/section>","protected":false},"excerpt":{"rendered":"","protected":false},"author":4,"featured_media":0,"parent":0,"menu_order":0,"comment_status":"closed","ping_status":"closed","template":"","meta":{"footnotes":""},"class_list":["post-2377","page","type-page","status-publish","hentry"],"_links":{"self":[{"href":"https:\/\/pmi.ro\/en\/wp-json\/wp\/v2\/pages\/2377","targetHints":{"allow":["GET"]}}],"collection":[{"href":"https:\/\/pmi.ro\/en\/wp-json\/wp\/v2\/pages"}],"about":[{"href":"https:\/\/pmi.ro\/en\/wp-json\/wp\/v2\/types\/page"}],"author":[{"embeddable":true,"href":"https:\/\/pmi.ro\/en\/wp-json\/wp\/v2\/users\/4"}],"replies":[{"embeddable":true,"href":"https:\/\/pmi.ro\/en\/wp-json\/wp\/v2\/comments?post=2377"}],"version-history":[{"count":6,"href":"https:\/\/pmi.ro\/en\/wp-json\/wp\/v2\/pages\/2377\/revisions"}],"predecessor-version":[{"id":999216,"href":"https:\/\/pmi.ro\/en\/wp-json\/wp\/v2\/pages\/2377\/revisions\/999216"}],"wp:attachment":[{"href":"https:\/\/pmi.ro\/en\/wp-json\/wp\/v2\/media?parent=2377"}],"curies":[{"name":"wp","href":"https:\/\/api.w.org\/{rel}","templated":true}]}}