{"id":2683,"date":"2022-09-22T08:13:24","date_gmt":"2022-09-22T08:13:24","guid":{"rendered":"https:\/\/pmi.ro\/?page_id=2683"},"modified":"2022-10-13T09:57:44","modified_gmt":"2022-10-13T09:57:44","slug":"conferinta-aniversara-i-am-romanian-pm","status":"publish","type":"page","link":"https:\/\/pmi.ro\/en\/conferinta-aniversara-i-am-romanian-pm\/","title":{"rendered":"Conferinta aniversara I am Romanian PM"},"content":{"rendered":"<section class=\"section\" id=\"section_1711550223\">\n\t\t<div class=\"section-bg fill\" >\n\t\t\t\t\t\t\t\t\t\n\t\t\t\n\n\t\t<\/div>\n\n\t\t\n\n\t\t<div class=\"section-content relative\">\n\t\t\t\n<div class=\"row align-middle align-center\"  id=\"row-1064529096\">\n\n\t<div id=\"col-576343124\" class=\"col medium-12 small-12 large-6\"  >\n\t\t\t\t<div class=\"col-inner\"  >\n\t\t\t\n\t\t\t\n<div class=\"row\"  id=\"row-710204501\">\n\n\t<div id=\"col-549593029\" class=\"col medium-6 small-12 large-12\"  >\n\t\t\t\t<div class=\"col-inner\"  >\n\t\t\t\n\t\t\t\n\n  <div class=\"banner has-hover\" id=\"banner-1371314027\">\n          <div class=\"banner-inner fill\">\n        <div class=\"banner-bg fill\" >\n            <img loading=\"lazy\" decoding=\"async\" width=\"650\" height=\"766\" src=\"https:\/\/pmi.ro\/wp-content\/uploads\/2022\/09\/Agenda-eveniment-20220928-3.jpg\" class=\"bg attachment-large size-large\" alt=\"\" \/>                                    \n                    <\/div>\n\t\t\n        <div class=\"banner-layers container\">\n            <div class=\"fill banner-link\"><\/div>            \n        <\/div>\n      <\/div>\n\n            \n<style>\n#banner-1371314027 {\n  padding-top: 99.99%;\n  background-color: rgba(0, 0, 0, 0);\n}\n@media (min-width:550px) {\n  #banner-1371314027 {\n    padding-top: 150%;\n  }\n}\n@media (min-width:850px) {\n  #banner-1371314027 {\n    padding-top: 117%;\n  }\n}\n<\/style>\n  <\/div>\n\n\n\t\t<\/div>\n\t\t\t\t\t<\/div>\n\n\t\n<\/div>\n<div class=\"row align-right\"  id=\"row-1166636710\">\n<\/div>\n\t\t<\/div>\n\t\t\t\t\t<\/div>\n\n\t\n\n\t<div id=\"col-1845532478\" class=\"col medium-12 small-12 large-6\"  >\n\t\t\t\t<div class=\"col-inner\"  >\n\t\t\t\n\t\t\t\n\t<div id=\"text-3518808351\" class=\"text\">\n\t\t\n<p>Cu ocazia celor 20 de ani de activitate<\/p>\n\t\t\n<style>\n#text-3518808351 {\n  font-size: 1.3rem;\n}\n<\/style>\n\t<\/div>\n\t\n\t<div id=\"text-85597572\" class=\"text\">\n\t\t\n<p>PMI Romania Chapter a invitat to\u021bi managerii de proiecte \u0219i pe to\u021bi cei care au contribuit la dezvoltarea comunit\u0103\u021bii de <a href=\"https:\/\/www.linkedin.com\/feed\/hashtag\/?keywords=pm&amp;highlightedUpdateUrns=urn%3Ali%3Aactivity%3A6972270531312013312\" data-attribute-index=\"2\">#pm<\/a>\u00a0din Rom\u00e2nia, s\u0103 participe la conferin\u021ba\u00a0<a href=\"https:\/\/www.linkedin.com\/feed\/hashtag\/?keywords=iamromanianpm&amp;highlightedUpdateUrns=urn%3Ali%3Aactivity%3A6972270531312013312\" data-attribute-index=\"3\">#IamRomanianPM<\/a>, care a avut loc \u00een data de 30 septembrie 2022, la Hotel Novotel din Bucure\u0219ti.<\/p>\n\t\t\n<style>\n#text-85597572 {\n  font-size: 1.3rem;\n  line-height: 2.3;\n}\n<\/style>\n\t<\/div>\n\t\n\t\t<\/div>\n\t\t\t\t\n<style>\n#col-1845532478 > .col-inner {\n  padding: 0px 0 0px 0px;\n}\n@media (min-width:550px) {\n  #col-1845532478 > .col-inner {\n    padding: 0px 10% 0px 0px;\n  }\n}\n@media (min-width:850px) {\n  #col-1845532478 > .col-inner {\n    padding: 0px 0px 0px 15%;\n  }\n}\n<\/style>\n\t<\/div>\n\n\t\n\n\t<div id=\"col-1211803729\" class=\"col small-12 large-12\"  >\n\t\t\t\t<div class=\"col-inner\"  >\n\t\t\t\n\t\t\t\n\t<div id=\"text-3768770788\" class=\"text\">\n\t\t\n<p>\ud83d\udce2 Evenimentul a fost moderat de <a href=\"https:\/\/www.linkedin.com\/in\/ACoAABvbH2MBx-s1-POapburmPca8HFgYmuZ2b4\" data-attribute-index=\"4\" data-entity-hovercard-id=\"urn:li:fs_miniProfile:ACoAABvbH2MBx-s1-POapburmPca8HFgYmuZ2b4\" data-entity-type=\"MINI_PROFILE\">Antoaneta Banu<\/a>.<br \/>\ud83d\udc49 Invita\u021bi ai Panelului Guvernamental au fost: <a href=\"https:\/\/www.linkedin.com\/in\/ACoAAACGKN0B1coX2SWWb_eC6oaaK53CtRUlDuU\" data-attribute-index=\"6\" data-entity-hovercard-id=\"urn:li:fs_miniProfile:ACoAAACGKN0B1coX2SWWb_eC6oaaK53CtRUlDuU\" data-entity-type=\"MINI_PROFILE\">Oana \u021aoiu<\/a>,\u00a0<a href=\"https:\/\/www.linkedin.com\/in\/ACoAAC5R8LwB7kLrT3PsusFeVFnhCYwe0lxXtWo\" data-attribute-index=\"8\" data-entity-hovercard-id=\"urn:li:fs_miniProfile:ACoAAC5R8LwB7kLrT3PsusFeVFnhCYwe0lxXtWo\" data-entity-type=\"MINI_PROFILE\">George Cristian Tu\u021b\u0103<\/a>,\u00a0<a href=\"https:\/\/www.linkedin.com\/in\/ACoAAASlqRABtoHlInSg3I0MPXj47GVuWYhPyFI\" data-attribute-index=\"10\" data-entity-hovercard-id=\"urn:li:fs_miniProfile:ACoAAASlqRABtoHlInSg3I0MPXj47GVuWYhPyFI\" data-entity-type=\"MINI_PROFILE\">Buiculescu Mihai Gabriel <\/a>\u0219i al\u021bii.<br \/>\ud83d\udc49\u00cen cadrul Panelului Universitar au fost prezen\u021bi: <a href=\"https:\/\/www.linkedin.com\/in\/ACoAAAAOHqEBJZBD69_eWSEdlWevVz2ErTC2Gn8\" data-attribute-index=\"14\" data-entity-hovercard-id=\"urn:li:fs_miniProfile:ACoAAAAOHqEBJZBD69_eWSEdlWevVz2ErTC2Gn8\" data-entity-type=\"MINI_PROFILE\">Tanase Stamule<\/a>,\u00a0<a href=\"https:\/\/www.linkedin.com\/in\/ACoAAAAcel8BWcIkPYmPnpQHzF__EAveb9_BTDQ\" data-attribute-index=\"16\" data-entity-hovercard-id=\"urn:li:fs_miniProfile:ACoAAAAcel8BWcIkPYmPnpQHzF__EAveb9_BTDQ\" data-entity-type=\"MINI_PROFILE\">Simona Bonghez, Ph.D.<\/a>,\u00a0<a href=\"https:\/\/www.linkedin.com\/in\/ACoAAABwFcsBO1HninjPLDvc67I_HFv1jafhReE\" data-attribute-index=\"18\" data-entity-hovercard-id=\"urn:li:fs_miniProfile:ACoAAABwFcsBO1HninjPLDvc67I_HFv1jafhReE\" data-entity-type=\"MINI_PROFILE\">Dan Suciu<\/a>,\u00a0<a href=\"https:\/\/www.linkedin.com\/in\/ACoAAABdBM8BLUjkSDNwDrmcAeU0TRLOMG6b8vM\" data-attribute-index=\"20\" data-entity-hovercard-id=\"urn:li:fs_miniProfile:ACoAAABdBM8BLUjkSDNwDrmcAeU0TRLOMG6b8vM\" data-entity-type=\"MINI_PROFILE\">Narciss Popescu<\/a>,\u00a0<a href=\"https:\/\/www.linkedin.com\/in\/ACoAAACL38sB00W42jS0KVqhRA9ai1UGQELd4zw\" data-attribute-index=\"22\" data-entity-hovercard-id=\"urn:li:fs_miniProfile:ACoAAACL38sB00W42jS0KVqhRA9ai1UGQELd4zw\" data-entity-type=\"MINI_PROFILE\">Ilie I. Dragan<\/a>.<br \/>\ud83c\udfc6\u00cen cadrul Panelului &#8222;Project of my heart&#8221; au fost prezente echipele de proiect din cadrul: <a href=\"https:\/\/www.linkedin.com\/company\/petrom\/\" data-attribute-index=\"24\" data-entity-hovercard-id=\"urn:li:fs_miniCompany:10776\" data-entity-type=\"MINI_COMPANY\">OMV Petrom<\/a>,\u00a0<a href=\"https:\/\/www.linkedin.com\/company\/renaultgroup\/\" data-attribute-index=\"26\" data-entity-hovercard-id=\"urn:li:fs_miniCompany:2431\" data-entity-type=\"MINI_COMPANY\">Renault Group<\/a>,\u00a0<a href=\"https:\/\/www.linkedin.com\/company\/nttdataro\/\" data-attribute-index=\"28\" data-entity-hovercard-id=\"urn:li:fs_miniCompany:10835289\" data-entity-type=\"MINI_COMPANY\">NTT DATA Romania<\/a>,\u00a0<a href=\"https:\/\/www.linkedin.com\/company\/asociatia-magic\/\" data-attribute-index=\"30\" data-entity-hovercard-id=\"urn:li:fs_miniCompany:69017870\" data-entity-type=\"MINI_COMPANY\">Asociatia Magic<\/a>, Ambulanta pentru Monumente, Primaria Sector 4. Panelul a fost coordonat de <a href=\"https:\/\/www.linkedin.com\/in\/ACoAAANs9VIBeL7rbqkWfZxZhfqZalDBrFNkIY4\" data-attribute-index=\"34\" data-entity-hovercard-id=\"urn:li:fs_miniProfile:ACoAAANs9VIBeL7rbqkWfZxZhfqZalDBrFNkIY4\" data-entity-type=\"MINI_PROFILE\">Liliana Mateescu<\/a>.<\/p>\n<p>Pentru mai multe detalii v\u0103 rug\u0103m s\u0103 consulta\u021bi bro\u0219ura de mai jos:<\/p>\n<p><a href=\"\/wp-content\/uploads\/2022\/09\/PMI-Project-of-my-heart-public.pdf\">PMI Project of my heart public<\/a><\/p>\n<p>Pe pagina de YouTube a PMI Rom\u00e2nia Chapter pute\u021bi reg\u0103si m\u0103rturii ale participan\u021bilor:<\/p>\n<p><a href=\"https:\/\/youtu.be\/9rMJJd0ma_A\">Interviu Antoaneta Bau<\/a><\/p>\n<p><a href=\"https:\/\/youtu.be\/PUskhdEuEqE\">Interviu George Tuta<\/a><\/p>\n<p><a href=\"https:\/\/www.youtube.com\/watch?v=9Dvkh3jTKrc\">Interviu Oana Toiu<\/a><\/p>\n<p>Pozele de la eveniment pot fi vizualizate \u0219i desc\u0103rcate aici:<\/p>\n<p><a href=\"\/wp-content\/uploads\/2022\/10\/poze-conferinta-IamRomanianPM.pdf\">poze conferinta IamRomanianPM<\/a><\/p>\n<p>Mul\u021bumim celor care au participat la eveniment!<\/p>\n\t\t\n<style>\n#text-3768770788 {\n  font-size: 1.3rem;\n  line-height: 2.3;\n}\n<\/style>\n\t<\/div>\n\t\n\t\t<\/div>\n\t\t\t\t\t<\/div>\n\n\t\n<\/div>\n\t<div id=\"text-3780890778\" class=\"text\">\n\t\t\n<p>Membrii Comitetului Director<br \/>\nPMI Romania Chapter<br \/>\n\t\t\n<style>\n#text-3780890778 {\n  font-size: 1.3rem;\n  line-height: 2.3;\n}\n<\/style>\n\t<\/div>\n\t\n\t\t<\/div>\n\n\t\t\n<style>\n#section_1711550223 {\n  padding-top: 30px;\n  padding-bottom: 30px;\n}\n<\/style>\n\t<\/section>","protected":false},"excerpt":{"rendered":"","protected":false},"author":4,"featured_media":0,"parent":0,"menu_order":0,"comment_status":"closed","ping_status":"closed","template":"","meta":{"footnotes":""},"class_list":["post-2683","page","type-page","status-publish","hentry"],"_links":{"self":[{"href":"https:\/\/pmi.ro\/en\/wp-json\/wp\/v2\/pages\/2683","targetHints":{"allow":["GET"]}}],"collection":[{"href":"https:\/\/pmi.ro\/en\/wp-json\/wp\/v2\/pages"}],"about":[{"href":"https:\/\/pmi.ro\/en\/wp-json\/wp\/v2\/types\/page"}],"author":[{"embeddable":true,"href":"https:\/\/pmi.ro\/en\/wp-json\/wp\/v2\/users\/4"}],"replies":[{"embeddable":true,"href":"https:\/\/pmi.ro\/en\/wp-json\/wp\/v2\/comments?post=2683"}],"version-history":[{"count":0,"href":"https:\/\/pmi.ro\/en\/wp-json\/wp\/v2\/pages\/2683\/revisions"}],"wp:attachment":[{"href":"https:\/\/pmi.ro\/en\/wp-json\/wp\/v2\/media?parent=2683"}],"curies":[{"name":"wp","href":"https:\/\/api.w.org\/{rel}","templated":true}]}}