{"id":292,"date":"2021-09-02T18:29:58","date_gmt":"2021-09-02T18:29:58","guid":{"rendered":"https:\/\/pmi.ro\/?page_id=292"},"modified":"2024-10-31T19:33:48","modified_gmt":"2024-10-31T17:33:48","slug":"mesajul-presedintelui","status":"publish","type":"page","link":"https:\/\/pmi.ro\/en\/mesajul-presedintelui\/","title":{"rendered":"Mesajul comitetului director"},"content":{"rendered":"<section class=\"section\" id=\"section_1506284970\">\n\t\t<div class=\"section-bg fill\" >\n\t\t\t\t\t\t\t\t\t\n\t\t\t\n\n\t\t<\/div>\n\n\t\t\n\n\t\t<div class=\"section-content relative\">\n\t\t\t\n<div class=\"row align-middle align-center\"  id=\"row-1073527541\">\n\n\t<div id=\"col-1433967441\" class=\"col medium-12 small-12 large-6\"  >\n\t\t\t\t<div class=\"col-inner\"  >\n\t\t\t\n\t\t\t\n<div class=\"row\"  id=\"row-515411230\">\n\n\t<div id=\"col-1989812283\" class=\"col medium-6 small-12 large-7\"  >\n\t\t\t\t<div class=\"col-inner\"  >\n\t\t\t\n\t\t\t\n\n  <div class=\"banner has-hover\" id=\"banner-526695395\">\n          <div class=\"banner-inner fill\">\n        <div class=\"banner-bg fill\" >\n            <img loading=\"lazy\" decoding=\"async\" width=\"800\" height=\"516\" src=\"https:\/\/pmi.ro\/wp-content\/uploads\/2024\/10\/vision.webp\" class=\"bg attachment-large size-large\" alt=\"\" \/>                                    \n                    <\/div>\n\t\t\n        <div class=\"banner-layers container\">\n            <div class=\"fill banner-link\"><\/div>            \n        <\/div>\n      <\/div>\n\n            \n<style>\n#banner-526695395 {\n  padding-top: 99.99%;\n  background-color: rgba(0, 0, 0, 0);\n}\n@media (min-width:550px) {\n  #banner-526695395 {\n    padding-top: 150%;\n  }\n}\n@media (min-width:850px) {\n  #banner-526695395 {\n    padding-top: 117%;\n  }\n}\n<\/style>\n  <\/div>\n\n\n\t\t<\/div>\n\t\t\t\t\t<\/div>\n\n\t\n\n\t<div id=\"col-504692742\" class=\"col medium-4 small-12 large-4\"  >\n\t\t\t\t<div class=\"col-inner\"  >\n\t\t\t\n\t\t\t\n\t\t<\/div>\n\t\t\t\t\t<\/div>\n\n\t\n\n\t<div id=\"col-382406641\" class=\"col medium-6 small-12 large-5\"  >\n\t\t\t\t<div class=\"col-inner\"  >\n\t\t\t\n\t\t\t\n\n  <div class=\"banner has-hover\" id=\"banner-929804911\">\n          <div class=\"banner-inner fill\">\n        <div class=\"banner-bg fill\" >\n            <img loading=\"lazy\" decoding=\"async\" width=\"1000\" height=\"650\" src=\"https:\/\/pmi.ro\/wp-content\/uploads\/2024\/10\/bg1-1.webp\" class=\"bg attachment-large size-large\" alt=\"\" \/>                                    \n                    <\/div>\n\t\t\n        <div class=\"banner-layers container\">\n            <div class=\"fill banner-link\"><\/div>            \n        <\/div>\n      <\/div>\n\n            \n<style>\n#banner-929804911 {\n  padding-top: 60%;\n  background-color: rgba(0, 0, 0, 0);\n}\n@media (min-width:550px) {\n  #banner-929804911 {\n    padding-top: 76%;\n  }\n}\n@media (min-width:850px) {\n  #banner-929804911 {\n    padding-top: 87%;\n  }\n}\n<\/style>\n  <\/div>\n\n\n\t\t<\/div>\n\t\t\t\t\t<\/div>\n\n\t\n<\/div>\n<div class=\"row align-right\"  id=\"row-217669771\">\n\n\t<div id=\"col-1718186907\" class=\"col medium-6 small-12 large-6\"  >\n\t\t\t\t<div class=\"col-inner\"  >\n\t\t\t\n\t\t\t\n\n  <div class=\"banner has-hover\" id=\"banner-83681435\">\n          <div class=\"banner-inner fill\">\n        <div class=\"banner-bg fill\" >\n            <img loading=\"lazy\" decoding=\"async\" width=\"1020\" height=\"679\" src=\"https:\/\/pmi.ro\/wp-content\/uploads\/2024\/10\/s-o-c-i-a-l-c-u-t-1RT4txDDAbM-unsplash-scaled-1-1202x800.jpg\" class=\"bg attachment-large size-large\" alt=\"\" \/>                                    \n                    <\/div>\n\t\t\n        <div class=\"banner-layers container\">\n            <div class=\"fill banner-link\"><\/div>            \n        <\/div>\n      <\/div>\n\n            \n<style>\n#banner-83681435 {\n  padding-top: 60%;\n  background-color: rgba(0, 0, 0, 0);\n}\n@media (min-width:550px) {\n  #banner-83681435 {\n    padding-top: 75%;\n  }\n}\n<\/style>\n  <\/div>\n\n\n\t\t<\/div>\n\t\t\t\t\n<style>\n#col-1718186907 > .col-inner {\n  margin: 0 0px 0px 0px;\n}\n@media (min-width:550px) {\n  #col-1718186907 > .col-inner {\n    margin: -290px 0px 0px 0px;\n  }\n}\n@media (min-width:850px) {\n  #col-1718186907 > .col-inner {\n    margin: -165px 0px 0px 0px;\n  }\n}\n<\/style>\n\t<\/div>\n\n\t\n<\/div>\n\t\t<\/div>\n\t\t\t\t\t<\/div>\n\n\t\n\n\t<div id=\"col-1844368557\" class=\"col medium-12 small-12 large-6\"  >\n\t\t\t\t<div class=\"col-inner\"  >\n\t\t\t\n\t\t\t\n\t<div id=\"text-4120846948\" class=\"text\">\n\t\t\n<h2>Mesajul comitetului director<\/h2>\n\t\t\n<style>\n#text-4120846948 {\n  font-size: 1.3rem;\n}\n<\/style>\n\t<\/div>\n\t\n\t<div id=\"text-1575890485\" class=\"text\">\n\t\t\n<p>Stimate membru al comunit\u0103\u021bii de management al proiectelor din Rom\u00e2nia,<br \/>\n\t\t\n<style>\n#text-1575890485 {\n  font-size: 1.3rem;\n  line-height: 2.3;\n}\n<\/style>\n\t<\/div>\n\t\n\t<div id=\"text-3636163581\" class=\"text\">\n\t\t\n<p>Bine a\u021bi venit la PMI Romania Chapter. Suntem \u00eenc\u00e2nta\u021bi c\u0103 a\u021bi aflat de noi \u0219i sper\u0103m s\u0103 r\u0103m\u00e2ne\u021bi \u0219i s\u0103 v\u0103 al\u0103tura\u021bi comunit\u0103\u021bii noastre.<br \/>\n\t\t\n<style>\n#text-3636163581 {\n  font-size: 1.3rem;\n  line-height: 2.3;\n}\n<\/style>\n\t<\/div>\n\t\n\t\t<\/div>\n\t\t\t\t\n<style>\n#col-1844368557 > .col-inner {\n  padding: 0px 0 0px 0px;\n}\n@media (min-width:550px) {\n  #col-1844368557 > .col-inner {\n    padding: 0px 10% 0px 0px;\n  }\n}\n@media (min-width:850px) {\n  #col-1844368557 > .col-inner {\n    padding: 0px 0px 0px 15%;\n  }\n}\n<\/style>\n\t<\/div>\n\n\t\n\n\t<div id=\"col-1063274\" class=\"col small-12 large-12\"  >\n\t\t\t\t<div class=\"col-inner\"  >\n\t\t\t\n\t\t\t\n\t<div id=\"text-2399977331\" class=\"text\">\n\t\t\n<p>\u00cen timp ce PMI, la nivel global, a fost fondat\u0103 \u00een 1969, disciplina de management de proiect, \u00een sine, a existat \u00eentotdeauna \u00eentr-un fel, \u00eentr-o form\u0103 sau alta \u0219i a transformat societatea \u00een bine. Ast\u0103zi, managementul de proiect joac\u0103 un rol din ce \u00een ce mai important \u00een economiile \u0219i comunit\u0103\u021bile noastre \u0219i ne permite s\u0103 model\u0103m un viitor mai bun \u0219i mai durabil. PMI este reprezentat \u00een \u00eentreaga lume prin filiale locale conduse de voluntari \u0219i este ghi\u0219eul unic pentru managementul proiectelor. Filialele sunt \u201ccoloana vertebral\u0103\u201d a PMI, iar voluntarii sunt \u201cingredientul nostru minune\u201d. Voluntarii sunt cei care continu\u0103 s\u0103 aib\u0103 un impact at\u00e2t de semnificativ prin pasiunea, devotamentul \u0219i angajamentul lor.\u00cen aceste perioade de schimb\u0103ri majore, managementul proiectelor a devenit cheia pentru a face diferen\u021ba, determin\u00e2nd indivizii \u0219i organiza\u021biile s\u0103 ob\u021bin\u0103 performan\u021be remarcabile. \u00cen PMI, membrii activi ai capitolului sunt, de asemenea, o for\u021b\u0103 care contribuie, prin cuno\u0219tin\u021be \u0219i ac\u021biune, la transpunerea ideilor \u00een realitate. Astfel spus, membrii comunit\u0103\u021bii noastre sunt persoane talentate, calificate \u0219i cu experien\u021b\u0103, care \u0219tiu cum s\u0103 fac\u0103 lucrurile, pun\u00e2nd abilit\u0103\u021bile \u00een ac\u021biune, at\u00e2t \u00een slujba unora dintre cele mai bune companii din lume, c\u00e2t \u0219i \u00een slujba comunit\u0103\u021bii noastre. Suntem, de asemenea, o echip\u0103 voioas\u0103 \u0219i foarte primitoare. Dac\u0103 sunte\u021bi pasionat de managementul proiectelor, al\u0103tur\u00e2ndu-v\u0103 comunit\u0103\u021bii noastre, v\u0103 ve\u021bi dezvolta re\u021beaua profesional\u0103, ve\u021bi sim\u021bi c\u0103 face\u021bi parte din comunitatea noastr\u0103 de membri \u0219i v\u0103 ve\u021bi face prieteni pe care ve\u021bi dori s\u0103 \u00eei vede\u021bi la evenimentele noastre. Sper\u0103m c\u0103 ve\u021bi participa, \u00een viitorul apropiat, la unul dintre aceste evenimente, astfel \u00eenc\u00e2t s\u0103 v\u0103 putem cunoa\u0219te personal.\u00cen timpul crizei COVID-19, pentru siguran\u021ba tuturor, \u0219i respect\u00e2nd \u00eendrum\u0103rile \u0219i regulile guvernamentale, ne-am adaptat temporar evenimentele la solu\u021bii virtuale. Consulta\u021bi calendarul evenimentelor noastre pentru mai multe detalii. Pentru a beneficia de toate oportunit\u0103\u021bile oferite, deveni\u021bi membru al capitolului \u0219i ob\u021bine\u021bi acces la toate evenimentele, la mentorat \u0219i la oportunit\u0103\u021bi de proiecte de voluntariat.Membrilor dragi ai sucursalei noastre le mul\u021bumim pentru oportunitatea de a v\u0103 servi din postura de reprezentan\u021bi ai comitetului director. V\u0103 rug\u0103m s\u0103 continua\u021bi s\u0103 \u00eemp\u0103rt\u0103\u0219i\u021bi ideile dvs. \u0219i s\u0103 oferi\u021bi comunit\u0103\u021bii experien\u021ba \u0219i cuno\u0219tin\u021bele dumneavoastr\u0103.Aceasta este o c\u0103l\u0103torie interesant\u0103 \u0219i \u00eempreun\u0103 vom continua s\u0103 cre\u0219tem \u0219i s\u0103 consolid\u0103m comunitatea.<br \/>\n\t\t\n<style>\n#text-2399977331 {\n  font-size: 1.3rem;\n  line-height: 2.3;\n}\n<\/style>\n\t<\/div>\n\t\n\t\t<\/div>\n\t\t\t\t\t<\/div>\n\n\t\n<\/div>\n\t<div id=\"text-1439474643\" class=\"text\">\n\t\t\n<p>Membrii Comitetului Director<br \/>\nPMI Romania Chapter<br \/>\n\t\t\n<style>\n#text-1439474643 {\n  font-size: 1.3rem;\n  line-height: 2.3;\n}\n<\/style>\n\t<\/div>\n\t\n\t\t<\/div>\n\n\t\t\n<style>\n#section_1506284970 {\n  padding-top: 30px;\n  padding-bottom: 30px;\n}\n<\/style>\n\t<\/section>","protected":false},"excerpt":{"rendered":"","protected":false},"author":2,"featured_media":0,"parent":0,"menu_order":0,"comment_status":"closed","ping_status":"closed","template":"","meta":{"footnotes":""},"class_list":["post-292","page","type-page","status-publish","hentry"],"_links":{"self":[{"href":"https:\/\/pmi.ro\/en\/wp-json\/wp\/v2\/pages\/292","targetHints":{"allow":["GET"]}}],"collection":[{"href":"https:\/\/pmi.ro\/en\/wp-json\/wp\/v2\/pages"}],"about":[{"href":"https:\/\/pmi.ro\/en\/wp-json\/wp\/v2\/types\/page"}],"author":[{"embeddable":true,"href":"https:\/\/pmi.ro\/en\/wp-json\/wp\/v2\/users\/2"}],"replies":[{"embeddable":true,"href":"https:\/\/pmi.ro\/en\/wp-json\/wp\/v2\/comments?post=292"}],"version-history":[{"count":0,"href":"https:\/\/pmi.ro\/en\/wp-json\/wp\/v2\/pages\/292\/revisions"}],"wp:attachment":[{"href":"https:\/\/pmi.ro\/en\/wp-json\/wp\/v2\/media?parent=292"}],"curies":[{"name":"wp","href":"https:\/\/api.w.org\/{rel}","templated":true}]}}