{"id":296,"date":"2021-09-02T18:33:12","date_gmt":"2021-09-02T18:33:12","guid":{"rendered":"https:\/\/pmi.ro\/?page_id=296"},"modified":"2026-04-19T17:23:09","modified_gmt":"2026-04-19T14:23:09","slug":"statistici","status":"publish","type":"page","link":"https:\/\/pmi.ro\/en\/statistici\/","title":{"rendered":"Catalog"},"content":{"rendered":"<section class=\"section\" id=\"section_1241156665\">\n\t\t<div class=\"section-bg fill\" >\n\t\t\t\t\t\t\t\t\t\n\t\t\t\n\n\t\t<\/div>\n\n\t\t\n\n\t\t<div class=\"section-content relative\">\n\t\t\t\n<div class=\"row\"  id=\"row-871448966\">\n\n\t<div id=\"col-424014755\" class=\"col small-12 large-12\"  >\n\t\t\t\t<div class=\"col-inner text-center\"  >\n\t\t\t\n\t\t\t\n<h2>Distribu\u021bie acredit\u0103ri<\/h2>\n\t\t<\/div>\n\t\t\t\t\t<\/div>\n\n\t\n<\/div>\n\n\t\t<div class=\"tabbed-content\">\n\t\t\t\n\t\t\t<ul class=\"nav nav-pills nav-uppercase nav-size-large nav-center\" role=\"tablist\"><li id=\"tab-pmi-romania-chapter\" class=\"tab active has-icon\" role=\"presentation\"><a href=\"#tab_pmi-romania-chapter\" role=\"tab\" aria-selected=\"true\" aria-controls=\"tab_pmi-romania-chapter\"><span>PMI Romania chapter<\/span><\/a><\/li>\n<li id=\"tab-num\u0103r-certifica\u021bi\" class=\"tab has-icon\" role=\"presentation\"><a href=\"#tab_num\u0103r-certifica\u021bi\" tabindex=\"-1\" role=\"tab\" aria-selected=\"false\" aria-controls=\"tab_num\u0103r-certifica\u021bi\"><span>Num\u0103r Certifica\u021bi<\/span><\/a><\/li><\/ul><div class=\"tab-panels\"><div id=\"tab_pmi-romania-chapter\" class=\"panel active entry-content\" role=\"tabpanel\" aria-labelledby=\"tab-pmi-romania-chapter\">\n<div class=\"row align-center\"  id=\"row-489811275\">\n\n\t<div id=\"col-353611160\" class=\"col medium-8 small-12 large-10\"  >\n\t\t\t\t<div class=\"col-inner text-center\" style=\"background-color:rgb(255,255,255);\" >\n\t\t\t\n\t\t\t\n<div class=\"is-divider divider clearfix\" style=\"max-width:100%;height:2px;background-color:rgb(111, 166, 212);\"><\/div>\n<div class=\"row row-collapse\"  id=\"row-505790076\">\n\n\t<div id=\"col-1062248035\" class=\"col medium-6 small-6 large-6\"  >\n\t\t\t\t<div class=\"col-inner text-left\"  >\n\t\t\t\n\t\t\t\n\t<div id=\"text-673592064\" class=\"text\">\n\t\t\n<p>Num\u0103rul membrilor activi la 19.04.2026<\/p>\n\t\t\n<style>\n#text-673592064 {\n  text-align: center;\n}\n<\/style>\n\t<\/div>\n\t\n\t\t<\/div>\n\t\t\t\t\t<\/div>\n\n\t\n\n\t<div id=\"col-878033911\" class=\"col medium-6 small-6 large-6\"  >\n\t\t\t\t<div class=\"col-inner text-left\"  >\n\t\t\t\n\t\t\t\n\t<div id=\"text-194095423\" class=\"text\">\n\t\t\n<p style=\"font-size: 120%;\">1272<\/p>\n\t\t\n<style>\n#text-194095423 {\n  text-align: center;\n}\n<\/style>\n\t<\/div>\n\t\n\t\t<\/div>\n\t\t\t\t\t<\/div>\n\n\t\n<\/div>\n<div class=\"is-divider divider clearfix\" style=\"max-width:100%;height:2px;background-color:rgb(111, 166, 212);\"><\/div>\n<div class=\"row row-collapse\"  id=\"row-1789645436\">\n\n\t<div id=\"col-1817070562\" class=\"col medium-6 small-6 large-6\"  >\n\t\t\t\t<div class=\"col-inner text-left\"  >\n\t\t\t\n\t\t\t\n\t<div id=\"text-2946601134\" class=\"text\">\n\t\t\n<p>Num\u0103rul membrilor noi ai Chapter-ului (din ultima lun\u0103)<br \/>\n\t\t\n<style>\n#text-2946601134 {\n  text-align: center;\n}\n<\/style>\n\t<\/div>\n\t\n\t\t<\/div>\n\t\t\t\t\t<\/div>\n\n\t\n\n\t<div id=\"col-2059095813\" class=\"col medium-6 small-6 large-6\"  >\n\t\t\t\t<div class=\"col-inner text-left\"  >\n\t\t\t\n\t\t\t\n\t<div id=\"text-3763728374\" class=\"text\">\n\t\t\n<p style=\"font-size: 120%;\">39<\/p>\n\t\t\n<style>\n#text-3763728374 {\n  text-align: center;\n}\n<\/style>\n\t<\/div>\n\t\n\t\t<\/div>\n\t\t\t\t\t<\/div>\n\n\t\n<\/div>\n<div class=\"is-divider divider clearfix\" style=\"max-width:100%;height:2px;background-color:rgb(111, 166, 212);\"><\/div>\n<div class=\"row row-collapse\"  id=\"row-1195056666\">\n\n\t<div id=\"col-855379045\" class=\"col medium-6 small-6 large-6\"  >\n\t\t\t\t<div class=\"col-inner text-left\"  >\n\t\t\t\n\t\t\t\n\t<div id=\"text-1289987421\" class=\"text\">\n\t\t\n<p>Num\u0103rul membrilor care au cel putin 5 ani de apartenen\u021b\u0103 la PMI Romania Chapter<br \/>\n\t\t\n<style>\n#text-1289987421 {\n  text-align: center;\n}\n<\/style>\n\t<\/div>\n\t\n\t\t<\/div>\n\t\t\t\t\t<\/div>\n\n\t\n\n\t<div id=\"col-1795136772\" class=\"col medium-6 small-6 large-6\"  >\n\t\t\t\t<div class=\"col-inner text-left\"  >\n\t\t\t\n\t\t\t\n\t<div id=\"text-1573354889\" class=\"text\">\n\t\t\n<p style=\"font-size: 120%;\">252<\/p>\n\t\t\n<style>\n#text-1573354889 {\n  text-align: center;\n}\n<\/style>\n\t<\/div>\n\t\n\t\t<\/div>\n\t\t\t\t\t<\/div>\n\n\t\n<\/div>\n<div class=\"is-divider divider clearfix\" style=\"max-width:100%;height:2px;background-color:rgb(111, 166, 212);\"><\/div>\n<div class=\"row row-collapse\"  id=\"row-1297686752\">\n\n\t<div id=\"col-256600325\" class=\"col medium-6 small-12 large-6\"  >\n\t\t\t\t<div class=\"col-inner\"  >\n\t\t\t\n\t\t\t\n\t<div id=\"text-425233167\" class=\"text\">\n\t\t\n<p>Num\u0103rul membrilor care \u0219i-au re\u00eennoit membership-ul \u00een ultima lun\u0103<br \/>\n\t\t\n<style>\n#text-425233167 {\n  text-align: center;\n}\n<\/style>\n\t<\/div>\n\t\n\t\t<\/div>\n\t\t\t\t\t<\/div>\n\n\t\n\n\t<div id=\"col-2017085642\" class=\"col medium-6 small-6 large-6\"  >\n\t\t\t\t<div class=\"col-inner text-left\"  >\n\t\t\t\n\t\t\t\n\t<div id=\"text-527076940\" class=\"text\">\n\t\t\n<p style=\"font-size: 120%;\">35<\/p>\n\t\t\n<style>\n#text-527076940 {\n  text-align: center;\n}\n<\/style>\n\t<\/div>\n\t\n\t\t<\/div>\n\t\t\t\t\t<\/div>\n\n\t\n<\/div>\n<div class=\"is-divider divider clearfix\" style=\"max-width:100%;height:2px;background-color:rgb(111, 166, 212);\"><\/div>\n\t\t<\/div>\n\t\t\t\t\t<\/div>\n\n\t\n\n<style>\n#row-489811275 > .col > .col-inner {\n  padding: 50px 50px 50px 50px;\n}\n<\/style>\n<\/div>\n<\/div>\n<div id=\"tab_num\u0103r-certifica\u021bi\" class=\"panel entry-content\" role=\"tabpanel\" aria-labelledby=\"tab-num\u0103r-certifica\u021bi\">\n<div class=\"row align-center\"  id=\"row-2091866994\">\n\n\t<div id=\"col-450540033\" class=\"col medium-8 small-12 large-6\"  >\n\t\t\t\t<div class=\"col-inner text-center\" style=\"background-color:rgb(255,255,255);\" >\n\t\t\t\n\t\t\t\n<div class=\"row row-collapse\"  id=\"row-1178606978\">\n\n\t<div id=\"col-191841404\" class=\"col medium-6 small-6 large-6\"  >\n\t\t\t\t<div class=\"col-inner text-left\"  >\n\t\t\t\n\t\t\t\n\t<div id=\"text-661496904\" class=\"text\">\n\t\t\n<h5><strong>Certificare<\/strong><\/h5>\n\t\t\n<style>\n#text-661496904 {\n  text-align: center;\n}\n<\/style>\n\t<\/div>\n\t\n\t\t<\/div>\n\t\t\t\t\t<\/div>\n\n\t\n\n\t<div id=\"col-1671502119\" class=\"col medium-6 small-6 large-6\"  >\n\t\t\t\t<div class=\"col-inner text-left\"  >\n\t\t\t\n\t\t\t\n<h5><strong>Num\u0103r acredit\u0103ri<\/strong><\/h5>\n\t\t<\/div>\n\t\t\t\t\t<\/div>\n\n\t\n<\/div>\n<div class=\"is-divider divider clearfix\" style=\"max-width:100%;height:2px;background-color:rgb(111, 166, 212);\"><\/div>\n<div class=\"row row-collapse\"  id=\"row-1735514629\">\n\n\t<div id=\"col-103522293\" class=\"col medium-6 small-6 large-6\"  >\n\t\t\t\t<div class=\"col-inner text-left\"  >\n\t\t\t\n\t\t\t\n\t<div id=\"text-2729154944\" class=\"text\">\n\t\t\n<p>PMP<br \/>\n\t\t\n<style>\n#text-2729154944 {\n  text-align: center;\n}\n<\/style>\n\t<\/div>\n\t\n\t\t<\/div>\n\t\t\t\t\t<\/div>\n\n\t\n\n\t<div id=\"col-595778417\" class=\"col medium-6 small-6 large-6\"  >\n\t\t\t\t<div class=\"col-inner text-left\"  >\n\t\t\t\n\t\t\t\n\t<div id=\"text-1930310775\" class=\"text\">\n\t\t\n<p style=\"font-size: 120%;\">778<\/p>\n\t\t\n<style>\n#text-1930310775 {\n  text-align: center;\n}\n<\/style>\n\t<\/div>\n\t\n\t\t<\/div>\n\t\t\t\t\t<\/div>\n\n\t\n<\/div>\n<div class=\"is-divider divider clearfix\" style=\"max-width:100%;height:2px;background-color:rgb(111, 166, 212);\"><\/div>\n<div class=\"row row-collapse\"  id=\"row-316569444\">\n\n\t<div id=\"col-1646439306\" class=\"col medium-6 small-6 large-6\"  >\n\t\t\t\t<div class=\"col-inner text-left\"  >\n\t\t\t\n\t\t\t\n\t<div id=\"text-3744526389\" class=\"text\">\n\t\t\n<p>PMI-ACP<br \/>\n\t\t\n<style>\n#text-3744526389 {\n  text-align: center;\n}\n<\/style>\n\t<\/div>\n\t\n\t\t<\/div>\n\t\t\t\t\t<\/div>\n\n\t\n\n\t<div id=\"col-112023520\" class=\"col medium-6 small-6 large-6\"  >\n\t\t\t\t<div class=\"col-inner text-left\"  >\n\t\t\t\n\t\t\t\n\t<div id=\"text-102841597\" class=\"text\">\n\t\t\n<p style=\"font-size: 120%;\">144<\/p>\n\t\t\n<style>\n#text-102841597 {\n  text-align: center;\n}\n<\/style>\n\t<\/div>\n\t\n\t\t<\/div>\n\t\t\t\t\t<\/div>\n\n\t\n<\/div>\n<div class=\"is-divider divider clearfix\" style=\"max-width:100%;height:2px;background-color:rgb(111, 166, 212);\"><\/div>\n<div class=\"row row-collapse\"  id=\"row-164965339\">\n\n\t<div id=\"col-1596274147\" class=\"col medium-6 small-6 large-6\"  >\n\t\t\t\t<div class=\"col-inner text-left\"  >\n\t\t\t\n\t\t\t\n\t<div id=\"text-2409710845\" class=\"text\">\n\t\t\n<p>PMI-RMP<br \/>\n\t\t\n<style>\n#text-2409710845 {\n  text-align: center;\n}\n<\/style>\n\t<\/div>\n\t\n\t\t<\/div>\n\t\t\t\t\t<\/div>\n\n\t\n\n\t<div id=\"col-1138022131\" class=\"col medium-6 small-6 large-6\"  >\n\t\t\t\t<div class=\"col-inner text-left\"  >\n\t\t\t\n\t\t\t\n\t<div id=\"text-3834890850\" class=\"text\">\n\t\t\n<p style=\"font-size: 120%;\">13<\/p>\n\t\t\n<style>\n#text-3834890850 {\n  text-align: center;\n}\n<\/style>\n\t<\/div>\n\t\n\t\t<\/div>\n\t\t\t\t\t<\/div>\n\n\t\n<\/div>\n<div class=\"is-divider divider clearfix\" style=\"max-width:100%;height:2px;background-color:rgb(111, 166, 212);\"><\/div>\n\t\t<\/div>\n\t\t\t\t\t<\/div>\n\n\t\n\n\t<div id=\"col-1758538612\" class=\"col medium-8 small-12 large-6\"  >\n\t\t\t\t<div class=\"col-inner text-center\" style=\"background-color:rgb(255,255,255);\" >\n\t\t\t\n\t\t\t\n<div class=\"row row-collapse\"  id=\"row-1108610494\">\n\n\t<div id=\"col-1749475553\" class=\"col medium-6 small-6 large-6\"  >\n\t\t\t\t<div class=\"col-inner text-left\"  >\n\t\t\t\n\t\t\t\n\t<div id=\"text-350555003\" class=\"text\">\n\t\t\n<h5><strong>Certificare<\/strong><\/h5>\n\t\t\n<style>\n#text-350555003 {\n  text-align: center;\n}\n<\/style>\n\t<\/div>\n\t\n\t\t<\/div>\n\t\t\t\t\t<\/div>\n\n\t\n\n\t<div id=\"col-1473406041\" class=\"col medium-6 small-6 large-6\"  >\n\t\t\t\t<div class=\"col-inner text-left\"  >\n\t\t\t\n\t\t\t\n<h5><strong>Num\u0103r acredit\u0103ri<\/strong><\/h5>\n\t\t<\/div>\n\t\t\t\t\t<\/div>\n\n\t\n<\/div>\n<div class=\"is-divider divider clearfix\" style=\"max-width:100%;height:2px;background-color:rgb(111, 166, 212);\"><\/div>\n<div class=\"row row-collapse\"  id=\"row-932524703\">\n\n\t<div id=\"col-1994437116\" class=\"col medium-6 small-6 large-6\"  >\n\t\t\t\t<div class=\"col-inner text-left\"  >\n\t\t\t\n\t\t\t\n\t<div id=\"text-3971612952\" class=\"text\">\n\t\t\n<p>PgMP<br \/>\n\t\t\n<style>\n#text-3971612952 {\n  text-align: center;\n}\n<\/style>\n\t<\/div>\n\t\n\t\t<\/div>\n\t\t\t\t\t<\/div>\n\n\t\n\n\t<div id=\"col-861199729\" class=\"col medium-6 small-6 large-6\"  >\n\t\t\t\t<div class=\"col-inner text-left\"  >\n\t\t\t\n\t\t\t\n\t<div id=\"text-799043653\" class=\"text\">\n\t\t\n<p style=\"font-size: 120%;\">2<\/p>\n\t\t\n<style>\n#text-799043653 {\n  text-align: center;\n}\n<\/style>\n\t<\/div>\n\t\n\t\t<\/div>\n\t\t\t\t\t<\/div>\n\n\t\n<\/div>\n<div class=\"is-divider divider clearfix\" style=\"max-width:100%;height:2px;background-color:rgb(111, 166, 212);\"><\/div>\n<div class=\"row row-collapse\"  id=\"row-1750557704\">\n\n\t<div id=\"col-484059884\" class=\"col medium-6 small-6 large-6\"  >\n\t\t\t\t<div class=\"col-inner text-left\"  >\n\t\t\t\n\t\t\t\n\t<div id=\"text-3648126366\" class=\"text\">\n\t\t\n<p>PfMP<br \/>\n\t\t\n<style>\n#text-3648126366 {\n  text-align: center;\n}\n<\/style>\n\t<\/div>\n\t\n\t\t<\/div>\n\t\t\t\t\t<\/div>\n\n\t\n\n\t<div id=\"col-799851940\" class=\"col medium-6 small-6 large-6\"  >\n\t\t\t\t<div class=\"col-inner text-left\"  >\n\t\t\t\n\t\t\t\n\t<div id=\"text-1698341798\" class=\"text\">\n\t\t\n<p style=\"font-size: 120%;\">1<\/p>\n\t\t\n<style>\n#text-1698341798 {\n  text-align: center;\n}\n<\/style>\n\t<\/div>\n\t\n\t\t<\/div>\n\t\t\t\t\t<\/div>\n\n\t\n<\/div>\n<div class=\"is-divider divider clearfix\" style=\"max-width:100%;height:2px;background-color:rgb(111, 166, 212);\"><\/div>\n<div class=\"row row-collapse row-full-width\"  id=\"row-1450430135\">\n\n\t<div id=\"col-1322533961\" class=\"col medium-6 large-6\"  >\n\t\t\t\t<div class=\"col-inner\"  >\n\t\t\t\n\t\t\t\n<p>CAPM<\/p>\n\t\t<\/div>\n\t\t\t\t\t<\/div>\n\n\t\n\n\t<div id=\"col-325150074\" class=\"col medium-6 large-6\"  >\n\t\t\t\t<div class=\"col-inner\"  >\n\t\t\t\n\t\t\t\n<p style=\"font-size: 120%;\">30<\/p>\n\t\t<\/div>\n\t\t\t\t\t<\/div>\n\n\t\n<\/div>\n<div class=\"is-divider divider clearfix\" style=\"max-width:100%;height:2px;background-color:rgb(111, 166, 212);\"><\/div>\n\t\t<\/div>\n\t\t\t\t\t<\/div>\n\n\t\n\n<style>\n#row-2091866994 > .col > .col-inner {\n  padding: 50px 50px 50px 50px;\n}\n<\/style>\n<\/div>\n<div class=\"row align-center\"  id=\"row-367016\">\n\n\t<div id=\"col-389818952\" class=\"col medium-8 small-12 large-6\"  >\n\t\t\t\t<div class=\"col-inner text-center\" style=\"background-color:rgb(255,255,255);\" >\n\t\t\t\n\t\t\t\n<div class=\"is-divider divider clearfix\" style=\"max-width:100%;height:2px;background-color:rgb(111, 166, 212);\"><\/div>\n<div class=\"row row-collapse\"  id=\"row-518981006\">\n\n\t<div id=\"col-892054560\" class=\"col medium-6 small-6 large-6\"  >\n\t\t\t\t<div class=\"col-inner text-left\"  >\n\t\t\t\n\t\t\t\n\t<div id=\"text-3449397694\" class=\"text\">\n\t\t\n<p><strong>TOTAL<\/strong><br \/>\n\t\t\n<style>\n#text-3449397694 {\n  text-align: center;\n}\n<\/style>\n\t<\/div>\n\t\n\t\t<\/div>\n\t\t\t\t\t<\/div>\n\n\t\n\n\t<div id=\"col-1979574085\" class=\"col medium-6 small-6 large-6\"  >\n\t\t\t\t<div class=\"col-inner text-left\"  >\n\t\t\t\n\t\t\t\n\t<div id=\"text-3731819321\" class=\"text\">\n\t\t\n<p style=\"font-size: 120%;\"><strong>968<\/strong><\/p>\n\t\t\n<style>\n#text-3731819321 {\n  text-align: center;\n}\n<\/style>\n\t<\/div>\n\t\n\t\t<\/div>\n\t\t\t\t\t<\/div>\n\n\t\n<\/div>\n<div class=\"is-divider divider clearfix\" style=\"max-width:100%;height:2px;background-color:rgb(111, 166, 212);\"><\/div>\n\t\t<\/div>\n\t\t\t\t\t<\/div>\n\n\t\n\n<style>\n#row-367016 > .col > .col-inner {\n  padding: 50px 50px 50px 50px;\n}\n<\/style>\n<\/div>\n<div class=\"row align-center\"  id=\"row-273928395\">\n\n<style>\n#row-273928395 > .col > .col-inner {\n  padding: 50px 50px 50px 50px;\n}\n<\/style>\n<\/div>\n<\/div><\/div><\/div>\n\t\t<\/div>\n\n\t\t\n<style>\n#section_1241156665 {\n  padding-top: 60px;\n  padding-bottom: 60px;\n  background-color: rgb(245, 247, 251);\n}\n<\/style>\n\t<\/section>","protected":false},"excerpt":{"rendered":"","protected":false},"author":2,"featured_media":0,"parent":0,"menu_order":0,"comment_status":"closed","ping_status":"closed","template":"","meta":{"footnotes":""},"class_list":["post-296","page","type-page","status-publish","hentry"],"_links":{"self":[{"href":"https:\/\/pmi.ro\/en\/wp-json\/wp\/v2\/pages\/296","targetHints":{"allow":["GET"]}}],"collection":[{"href":"https:\/\/pmi.ro\/en\/wp-json\/wp\/v2\/pages"}],"about":[{"href":"https:\/\/pmi.ro\/en\/wp-json\/wp\/v2\/types\/page"}],"author":[{"embeddable":true,"href":"https:\/\/pmi.ro\/en\/wp-json\/wp\/v2\/users\/2"}],"replies":[{"embeddable":true,"href":"https:\/\/pmi.ro\/en\/wp-json\/wp\/v2\/comments?post=296"}],"version-history":[{"count":18,"href":"https:\/\/pmi.ro\/en\/wp-json\/wp\/v2\/pages\/296\/revisions"}],"predecessor-version":[{"id":999294,"href":"https:\/\/pmi.ro\/en\/wp-json\/wp\/v2\/pages\/296\/revisions\/999294"}],"wp:attachment":[{"href":"https:\/\/pmi.ro\/en\/wp-json\/wp\/v2\/media?parent=296"}],"curies":[{"name":"wp","href":"https:\/\/api.w.org\/{rel}","templated":true}]}}