{"id":298,"date":"2021-09-02T18:34:24","date_gmt":"2021-09-02T18:34:24","guid":{"rendered":"https:\/\/pmi.ro\/?page_id=298"},"modified":"2026-04-21T08:22:11","modified_gmt":"2026-04-21T05:22:11","slug":"costuri-si-avantaje","status":"publish","type":"page","link":"https:\/\/pmi.ro\/en\/costuri-si-avantaje\/","title":{"rendered":"Costuri \u0219i avantaje"},"content":{"rendered":"<section class=\"section\" id=\"section_1050836400\">\n\t\t<div class=\"section-bg fill\" >\n\t\t\t\t\t\t\t\t\t\n\t\t\t\n\n\t\t<\/div>\n\n\t\t\n\n\t\t<div class=\"section-content relative\">\n\t\t\t\n<div class=\"row\"  id=\"row-1634544349\">\n\n\t<div id=\"col-299503326\" class=\"col small-12 large-12\"  >\n\t\t\t\t<div class=\"col-inner text-center\"  >\n\t\t\t\n\t\t\t\n<h2>Costuri \u0219i avantaje<\/h2>\n\t\t<\/div>\n\t\t\t\t\t<\/div>\n\n\t\n<\/div>\n\n\t\t<div class=\"tabbed-content\">\n\t\t\t\n\t\t\t<ul class=\"nav nav-pills nav-uppercase nav-size-large nav-center\" role=\"tablist\"><li id=\"tab-costuri\" class=\"tab active has-icon\" role=\"presentation\"><a href=\"#tab_costuri\" role=\"tab\" aria-selected=\"true\" aria-controls=\"tab_costuri\"><span>Costuri<\/span><\/a><\/li>\n<li id=\"tab-avantaje\" class=\"tab has-icon\" role=\"presentation\"><a href=\"#tab_avantaje\" tabindex=\"-1\" role=\"tab\" aria-selected=\"false\" aria-controls=\"tab_avantaje\"><span>Avantaje<\/span><\/a><\/li><\/ul><div class=\"tab-panels\"><div id=\"tab_costuri\" class=\"panel active entry-content\" role=\"tabpanel\" aria-labelledby=\"tab-costuri\">\n<div class=\"accordion\">\n\t<div id=\"accordion-223627445\" class=\"accordion-item\">\n\t\t<a id=\"accordion-223627445-label\" class=\"accordion-title plain active\" href=\"#accordion-item-membru\" aria-expanded=\"true\" aria-controls=\"accordion-223627445-content\">\n\t\t\t<button class=\"toggle\" aria-label=\"Toggle\"><i class=\"icon-angle-down\" aria-hidden=\"true\"><\/i><\/button>\n\t\t\t<span>Membru<\/span>\n\t\t<\/a>\n\t\t<div id=\"accordion-223627445-content\" class=\"accordion-inner\" style=\"display: block;\" aria-labelledby=\"accordion-223627445-label\">\n\t\t\t\n<p>159 USD \u2013 plat\u0103 unic\u0103 anual\u0103 pentru a fi membru PMI, alocarea la PMI Romania Chapter se face pe baza domiciliului declarat la aderarea la PMI International<\/p>\n<p>10 USD &#8211; plat\u0103 unic\u0103 pentru prima aderare la PMI International<\/p>\n\t\t<\/div>\n\t<\/div>\n\t\n\t<div id=\"accordion-3138160638\" class=\"accordion-item\">\n\t\t<a id=\"accordion-3138160638-label\" class=\"accordion-title plain\" href=\"#accordion-item-student\" aria-expanded=\"false\" aria-controls=\"accordion-3138160638-content\">\n\t\t\t<button class=\"toggle\" aria-label=\"Toggle\"><i class=\"icon-angle-down\" aria-hidden=\"true\"><\/i><\/button>\n\t\t\t<span>Student<\/span>\n\t\t<\/a>\n\t\t<div id=\"accordion-3138160638-content\" class=\"accordion-inner\" aria-labelledby=\"accordion-3138160638-label\">\n\t\t\t\n<p>32 USD \u2013 plat\u0103 anual\u0103 pentru a fi membru PMI International.<\/p>\n<p>La momentul primei \u00eenrol\u0103ri \u00een PMI Romania, membrii pot beneficia de reduceri.<\/p>\n\t\t<\/div>\n\t<\/div>\n\t\n\t<div id=\"accordion-1879150378\" class=\"accordion-item\">\n\t\t<a id=\"accordion-1879150378-label\" class=\"accordion-title plain\" href=\"#accordion-item-pensionar\" aria-expanded=\"false\" aria-controls=\"accordion-1879150378-content\">\n\t\t\t<button class=\"toggle\" aria-label=\"Toggle\"><i class=\"icon-angle-down\" aria-hidden=\"true\"><\/i><\/button>\n\t\t\t<span>Pensionar<\/span>\n\t\t<\/a>\n\t\t<div id=\"accordion-1879150378-content\" class=\"accordion-inner\" aria-labelledby=\"accordion-1879150378-label\">\n\t\t\t\n<p>65 USD \u2013 plat\u0103 anual\u0103 pentru a fi membru PMI International.<\/p>\n<p>La momentul primei \u00eenrol\u0103ri \u00een PMI Romania, membrii pot beneficia de reduceri.<\/p>\n\t\t<\/div>\n\t<\/div>\n\t\n<\/div>\n<\/div>\n<div id=\"tab_avantaje\" class=\"panel entry-content\" role=\"tabpanel\" aria-labelledby=\"tab-avantaje\">\n\t<div id=\"gap-243187579\" class=\"gap-element clearfix\" style=\"display:block; height:auto;\">\n\t\t\n<style>\n#gap-243187579 {\n  padding-top: 30px;\n}\n<\/style>\n\t<\/div>\n\t\n<div class=\"row row-large steps-simple-headline\"  id=\"row-1211251155\">\n\n\t<div id=\"col-1770974207\" class=\"col medium-4 small-12 large-4\"  >\n\t\t\t\t<div class=\"col-inner\"  >\n\t\t\t\n\t\t\t\n<h2>Avantajele de a fi membru PMI Romania Chapter<\/h2>\n<p>Dup\u0103 ce deveni\u021bi membru al PMI Romania Chapter v\u0103 bucura\u021bi de urm\u0103toarele avantaje exclusive:<\/p>\n\t\t<\/div>\n\t\t\t\t\t<\/div>\n\n\t\n\n\t<div id=\"col-112321172\" class=\"col hide-for-medium medium-1 small-12 large-1\"  >\n\t\t\t\t<div class=\"col-inner\"  >\n\t\t\t\n\t\t\t\n\t<div id=\"gap-1480243279\" class=\"gap-element clearfix\" style=\"display:block; height:auto;\">\n\t\t\n<style>\n#gap-1480243279 {\n  padding-top: 30px;\n}\n<\/style>\n\t<\/div>\n\t\n\t\t<\/div>\n\t\t\t\t\t<\/div>\n\n\t\n\n\t<div id=\"col-1855122153\" class=\"col medium-8 small-12 large-7\"  >\n\t\t\t\t<div class=\"col-inner\"  >\n\t\t\t\n\t\t\t\n<div class=\"row row-collapse\"  id=\"row-986789174\">\n\n\t<div id=\"col-913339890\" class=\"col medium-1 small-2 large-1\"  >\n\t\t\t\t<div class=\"col-inner\"  >\n\t\t\t\n\t\t\t\n<h2>&#8211;<\/h2>\n\t\t<\/div>\n\t\t\t\t\t<\/div>\n\n\t\n\n\t<div id=\"col-731047214\" class=\"col medium-11 small-10 large-11\"  >\n\t\t\t\t<div class=\"col-inner\"  >\n\t\t\t\n\t\t\t\n<p>Acces gratuit la resursele PMI Romania Chapter \u2013 Ghidul PMBok \u2013 versiune online<\/p>\n\t\t<\/div>\n\t\t\t\t\t<\/div>\n\n\t\n<\/div>\n<div class=\"row row-collapse\"  id=\"row-1777335642\">\n\n\t<div id=\"col-2062901378\" class=\"col medium-1 small-2 large-1\"  >\n\t\t\t\t<div class=\"col-inner\"  >\n\t\t\t\n\t\t\t\n<h2>&#8211;<\/h2>\n\t\t<\/div>\n\t\t\t\t\t<\/div>\n\n\t\n\n\t<div id=\"col-1113765870\" class=\"col medium-11 small-10 large-11\"  >\n\t\t\t\t<div class=\"col-inner\"  >\n\t\t\t\n\t\t\t\n<p>Acces gratuit la articole \u0219i webinarii organizate de PMI Romania Chapter<\/p>\n\t\t<\/div>\n\t\t\t\t\t<\/div>\n\n\t\n<\/div>\n<div class=\"row row-collapse align-middle\"  id=\"row-1079362026\">\n\n\t<div id=\"col-1212553190\" class=\"col medium-1 small-2 large-1\"  >\n\t\t\t\t<div class=\"col-inner\"  >\n\t\t\t\n\t\t\t\n<h2>&#8211;<\/h2>\n\t\t<\/div>\n\t\t\t\t\t<\/div>\n\n\t\n\n\t<div id=\"col-759729026\" class=\"col medium-11 small-10 large-11\"  >\n\t\t\t\t<div class=\"col-inner\"  >\n\t\t\t\n\t\t\t\n<p>Reduceri la cursurile de Project Management organizate de companiile de training A.T.P partenere<\/p>\n\t\t<\/div>\n\t\t\t\t\t<\/div>\n\n\t\n<\/div>\n<div class=\"row row-collapse align-middle\"  id=\"row-645981383\">\n\n\t<div id=\"col-474260007\" class=\"col medium-1 small-2 large-1\"  >\n\t\t\t\t<div class=\"col-inner\"  >\n\t\t\t\n\t\t\t\n<h2>&#8211;<\/h2>\n\t\t<\/div>\n\t\t\t\t\t<\/div>\n\n\t\n\n\t<div id=\"col-1890498850\" class=\"col medium-11 small-10 large-11\"  >\n\t\t\t\t<div class=\"col-inner\"  >\n\t\t\t\n\t\t\t\n<p>Participare gratuit\u0103 la evenimente organizate de PMI Romania (\u00cent\u00e2lniri lunare, meetup-uri, workshop-uri, etc.)<\/p>\n\t\t<\/div>\n\t\t\t\t\t<\/div>\n\n\t\n<\/div>\n<div class=\"row row-collapse align-middle\"  id=\"row-22712635\">\n\n\t<div id=\"col-1993491914\" class=\"col medium-1 small-2 large-1\"  >\n\t\t\t\t<div class=\"col-inner\"  >\n\t\t\t\n\t\t\t\n<h2>&#8211;<\/h2>\n\t\t<\/div>\n\t\t\t\t\t<\/div>\n\n\t\n\n\t<div id=\"col-809310882\" class=\"col medium-11 small-10 large-11\"  >\n\t\t\t\t<div class=\"col-inner\"  >\n\t\t\t\n\t\t\t\n<p>Reduceri individuale \u0219i de grup pentru participare la evenimentele sponsorizate de PMI Romania Chapter<\/p>\n\t\t<\/div>\n\t\t\t\t\t<\/div>\n\n\t\n<\/div>\n<div class=\"row row-collapse align-middle\"  id=\"row-1164057206\">\n\n\t<div id=\"col-563326967\" class=\"col medium-1 small-2 large-1\"  >\n\t\t\t\t<div class=\"col-inner\"  >\n\t\t\t\n\t\t\t\n<h2>&#8211;<\/h2>\n\t\t<\/div>\n\t\t\t\t\t<\/div>\n\n\t\n\n\t<div id=\"col-1070960114\" class=\"col medium-11 small-10 large-11\"  >\n\t\t\t\t<div class=\"col-inner\"  >\n\t\t\t\n\t\t\t\n<p>Oportunit\u0103\u021bi de implicare ca voluntar \u00een proiecte din portofoliul PMI Romania Chapter (MENTORSHIP, Webinar, etc.)<\/p>\n\t\t<\/div>\n\t\t\t\t\t<\/div>\n\n\t\n<\/div>\n<div class=\"row row-collapse align-middle\"  id=\"row-693338794\">\n\n\t<div id=\"col-1999651052\" class=\"col medium-1 small-2 large-1\"  >\n\t\t\t\t<div class=\"col-inner\"  >\n\t\t\t\n\t\t\t\n<h2>&#8211;<\/h2>\n\t\t<\/div>\n\t\t\t\t\t<\/div>\n\n\t\n\n\t<div id=\"col-1771403644\" class=\"col medium-11 small-10 large-11\"  >\n\t\t\t\t<div class=\"col-inner\"  >\n\t\t\t\n\t\t\t\n<p>Participarea la evenimente ofer\u0103 \u0219i un num\u0103r de PDU-uri pentru men\u021binerea certific\u0103rilor PMI(R) (CAPM, PMP, PMI-ACP, etc.)<\/p>\n\t\t<\/div>\n\t\t\t\t\t<\/div>\n\n\t\n<\/div>\n<div class=\"row row-collapse align-middle\"  id=\"row-1426007744\">\n\n\t<div id=\"col-981816369\" class=\"col medium-1 small-2 large-1\"  >\n\t\t\t\t<div class=\"col-inner\"  >\n\t\t\t\n\t\t\t\n<h2>&#8211;<\/h2>\n\t\t<\/div>\n\t\t\t\t\t<\/div>\n\n\t\n\n\t<div id=\"col-1022173747\" class=\"col medium-11 small-10 large-11\"  >\n\t\t\t\t<div class=\"col-inner\"  >\n\t\t\t\n\t\t\t\n<p>Oportunit\u0103\u021bi de implicare ca voluntar \u00een proiecte din portofoliul PMI(R) \u0219i PMIRO acces\u00e2nd VEP (Volunteer Engagement Platform)<\/p>\n\t\t<\/div>\n\t\t\t\t\t<\/div>\n\n\t\n<\/div>\n\t\t<\/div>\n\t\t\t\t\t<\/div>\n\n\t\n<\/div>\n<div class=\"row row-large steps-simple-headline\"  id=\"row-1647695348\">\n\n\t<div id=\"col-33976209\" class=\"col medium-4 small-12 large-4\"  >\n\t\t\t\t<div class=\"col-inner\"  >\n\t\t\t\n\t\t\t\n<h4>\u00cen plus, beneficia\u021bi de:<\/h4>\n\t\t<\/div>\n\t\t\t\t\t<\/div>\n\n\t\n\n\t<div id=\"col-532070704\" class=\"col hide-for-medium medium-1 small-12 large-1\"  >\n\t\t\t\t<div class=\"col-inner\"  >\n\t\t\t\n\t\t\t\n\t<div id=\"gap-397022245\" class=\"gap-element clearfix\" style=\"display:block; height:auto;\">\n\t\t\n<style>\n#gap-397022245 {\n  padding-top: 30px;\n}\n<\/style>\n\t<\/div>\n\t\n\t\t<\/div>\n\t\t\t\t\t<\/div>\n\n\t\n\n\t<div id=\"col-1052324807\" class=\"col medium-8 small-12 large-7\"  >\n\t\t\t\t<div class=\"col-inner\"  >\n\t\t\t\n\t\t\t\n<div class=\"row row-collapse\"  id=\"row-1015265714\">\n\n\t<div id=\"col-6990988\" class=\"col medium-1 small-2 large-1\"  >\n\t\t\t\t<div class=\"col-inner\"  >\n\t\t\t\n\t\t\t\n<h2>&#8211;<\/h2>\n\t\t<\/div>\n\t\t\t\t\t<\/div>\n\n\t\n\n\t<div id=\"col-1366700674\" class=\"col medium-11 small-10 large-11\"  >\n\t\t\t\t<div class=\"col-inner\"  >\n\t\t\t\n\t\t\t\n<p>Acces gratuit la resursele PMI(R) \u2013 versiune online (Ghid PMBok, Ghiduri Practice, formulare \u0219i instrumente, etc.)<\/p>\n\t\t<\/div>\n\t\t\t\t\t<\/div>\n\n\t\n<\/div>\n<div class=\"row row-collapse\"  id=\"row-1642790576\">\n\n\t<div id=\"col-614206597\" class=\"col medium-1 small-2 large-1\"  >\n\t\t\t\t<div class=\"col-inner\"  >\n\t\t\t\n\t\t\t\n<h2>&#8211;<\/h2>\n\t\t<\/div>\n\t\t\t\t\t<\/div>\n\n\t\n\n\t<div id=\"col-891079136\" class=\"col medium-11 small-10 large-11\"  >\n\t\t\t\t<div class=\"col-inner\"  >\n\t\t\t\n\t\t\t\n<p>Acces gratuit la articole \u0219i webinarii oferite de PMI(R) pe site-ul www.projectmanagement.com<\/p>\n\t\t<\/div>\n\t\t\t\t\t<\/div>\n\n\t\n<\/div>\n<div class=\"row row-collapse align-middle\"  id=\"row-1032786894\">\n\n\t<div id=\"col-1510192457\" class=\"col medium-1 small-2 large-1\"  >\n\t\t\t\t<div class=\"col-inner\"  >\n\t\t\t\n\t\t\t\n<h2>&#8211;<\/h2>\n\t\t<\/div>\n\t\t\t\t\t<\/div>\n\n\t\n\n\t<div id=\"col-1477848412\" class=\"col medium-11 small-10 large-11\"  >\n\t\t\t\t<div class=\"col-inner\"  >\n\t\t\t\n\t\t\t\n<p>Reduceri oferite pentru participare la evenimente sponsorizate de PMI(R) \u0219i la c\u0103r\u021bi tip\u0103rite din libr\u0103ria online PMI(R)<\/p>\n\t\t<\/div>\n\t\t\t\t\t<\/div>\n\n\t\n<\/div>\n\t\t<\/div>\n\t\t\t\t\t<\/div>\n\n\t\n<\/div>\n<\/div><\/div><\/div>\n\t\t<\/div>\n\n\t\t\n<style>\n#section_1050836400 {\n  padding-top: 60px;\n  padding-bottom: 60px;\n  background-color: rgb(245, 247, 251);\n}\n<\/style>\n\t<\/section>","protected":false},"excerpt":{"rendered":"","protected":false},"author":2,"featured_media":0,"parent":0,"menu_order":0,"comment_status":"closed","ping_status":"closed","template":"","meta":{"footnotes":""},"class_list":["post-298","page","type-page","status-publish","hentry"],"_links":{"self":[{"href":"https:\/\/pmi.ro\/en\/wp-json\/wp\/v2\/pages\/298","targetHints":{"allow":["GET"]}}],"collection":[{"href":"https:\/\/pmi.ro\/en\/wp-json\/wp\/v2\/pages"}],"about":[{"href":"https:\/\/pmi.ro\/en\/wp-json\/wp\/v2\/types\/page"}],"author":[{"embeddable":true,"href":"https:\/\/pmi.ro\/en\/wp-json\/wp\/v2\/users\/2"}],"replies":[{"embeddable":true,"href":"https:\/\/pmi.ro\/en\/wp-json\/wp\/v2\/comments?post=298"}],"version-history":[{"count":2,"href":"https:\/\/pmi.ro\/en\/wp-json\/wp\/v2\/pages\/298\/revisions"}],"predecessor-version":[{"id":999306,"href":"https:\/\/pmi.ro\/en\/wp-json\/wp\/v2\/pages\/298\/revisions\/999306"}],"wp:attachment":[{"href":"https:\/\/pmi.ro\/en\/wp-json\/wp\/v2\/media?parent=298"}],"curies":[{"name":"wp","href":"https:\/\/api.w.org\/{rel}","templated":true}]}}