{"id":473,"date":"2021-09-28T12:44:01","date_gmt":"2021-09-28T12:44:01","guid":{"rendered":"https:\/\/pmi.ro\/?page_id=473"},"modified":"2022-08-31T08:36:18","modified_gmt":"2022-08-31T08:36:18","slug":"devino-membru","status":"publish","type":"page","link":"https:\/\/pmi.ro\/en\/implicare\/devino-membru\/","title":{"rendered":"Devino membru"},"content":{"rendered":"<section class=\"section\" id=\"section_770638386\">\n\t\t<div class=\"section-bg fill\" >\n\t\t\t\t\t\t\t\t\t\n\t\t\t\n\n\t\t<\/div>\n\n\t\t\n\n\t\t<div class=\"section-content relative\">\n\t\t\t\n<div class=\"row align-center\"  id=\"row-323550751\">\n\n\t<div id=\"col-1334111160\" class=\"col medium-8 small-12 large-5\"  >\n\t\t\t\t<div class=\"col-inner text-center\"  >\n\t\t\t\n\t\t\t\n<h6>Vreau s\u0103 contribui<\/h6>\n\t<div id=\"text-23435120\" class=\"text\">\n\t\t\n<h2>Devino Membru<\/h2>\n\t\t\n<style>\n#text-23435120 {\n  font-size: 1.75rem;\n}\n<\/style>\n\t<\/div>\n\t\n\t\t<\/div>\n\t\t\t\t\t<\/div>\n\n\t\n<\/div>\n<div class=\"row align-center\"  id=\"row-1825880363\">\n\n\t<div id=\"col-193694195\" class=\"col medium-12 small-12 large-10\"  >\n\t\t\t\t<div class=\"col-inner\"  >\n\t\t\t\n\t\t\t\n<div class=\"row row-large\"  id=\"row-578010106\">\n\n\t<div id=\"col-684350957\" class=\"col medium-6 small-12 large-6\"  >\n\t\t\t\t<div class=\"col-inner\"  >\n\t\t\t\n\t\t\t\n\n\t\t<div class=\"icon-box featured-box icon-box-left text-left\"  >\n\t\t\t\t\t<div class=\"icon-box-img has-icon-bg\" style=\"width: 55px\">\n\t\t\t\t<div class=\"icon\">\n\t\t\t\t\t<div class=\"icon-inner\" style=\"border-width:3px;color:rgb(39, 54, 71);\">\n\t\t\t\t\t\t<img loading=\"lazy\" decoding=\"async\" width=\"120\" height=\"120\" src=\"https:\/\/pmi.ro\/wp-content\/uploads\/2021\/10\/computer-line.png\" class=\"attachment-medium size-medium\" alt=\"\" srcset=\"https:\/\/pmi.ro\/wp-content\/uploads\/2021\/10\/computer-line.png 120w, https:\/\/pmi.ro\/wp-content\/uploads\/2021\/10\/computer-line-100x100.png 100w\" sizes=\"auto, (max-width: 120px) 100vw, 120px\" \/>\t\t\t\t\t<\/div>\n\t\t\t\t<\/div>\n\t\t\t<\/div>\n\t\t\t\t<div class=\"icon-box-text last-reset\">\n\t\t\t\t\t\t\t\t\t\n\t<div id=\"text-998761851\" class=\"text\">\n\t\t\n<h3>PMI International<\/h3>\n\t\t\n<style>\n#text-998761851 {\n  font-size: 1.25rem;\n}\n<\/style>\n\t<\/div>\n\t\n<p>\u00cenainte de a putea deveni membru PMI Romania Chapter, trebuie s\u0103 deveni\u021bi membru PMI International. Pentru aceasta, accesa\u021bi <a href=\"https:\/\/www.pmi.org\/membership\/join\" target=\"\u201d_blank\u201d\" rel=\"noopener\"> pmi.org <\/a>, selecta\u021bi sec\u021biunea JOIN \u0219i urma\u021bi pa\u0219ii indica\u021bi. Va trebui s\u0103 achita\u021bi taxa anual\u0103 de 129 USD. La prima \u00eenregistrare, exist\u0103 \u0219i o tax\u0103 de procesare a aplica\u021biei de 10 USD. <\/p>\n\t\t<\/div>\n\t<\/div>\n\t\n\t\n\t\t<\/div>\n\t\t\t\t\t<\/div>\n\n\t\n\n\t<div id=\"col-1380750734\" class=\"col medium-6 small-12 large-6\"  >\n\t\t\t\t<div class=\"col-inner\"  >\n\t\t\t\n\t\t\t\n\n\t\t<div class=\"icon-box featured-box icon-box-left text-left\"  >\n\t\t\t\t\t<div class=\"icon-box-img has-icon-bg\" style=\"width: 55px\">\n\t\t\t\t<div class=\"icon\">\n\t\t\t\t\t<div class=\"icon-inner\" style=\"border-width:3px;color:rgb(39, 54, 71);\">\n\t\t\t\t\t\t<img loading=\"lazy\" decoding=\"async\" width=\"120\" height=\"120\" src=\"https:\/\/pmi.ro\/wp-content\/uploads\/2021\/10\/settings-4-line-1.png\" class=\"attachment-medium size-medium\" alt=\"\" srcset=\"https:\/\/pmi.ro\/wp-content\/uploads\/2021\/10\/settings-4-line-1.png 120w, https:\/\/pmi.ro\/wp-content\/uploads\/2021\/10\/settings-4-line-1-100x100.png 100w\" sizes=\"auto, (max-width: 120px) 100vw, 120px\" \/>\t\t\t\t\t<\/div>\n\t\t\t\t<\/div>\n\t\t\t<\/div>\n\t\t\t\t<div class=\"icon-box-text last-reset\">\n\t\t\t\t\t\t\t\t\t\n\t<div id=\"text-1305799542\" class=\"text\">\n\t\t\n<h3>PMI Romania Chapter<\/h3>\n\t\t\n<style>\n#text-1305799542 {\n  font-size: 1.25rem;\n}\n<\/style>\n\t<\/div>\n\t\n<p>Odat\u0103 membru PMI International, pute\u021bi opta s\u0103 deveni\u021bi membru PMI Romania Chapter. Taxa anual\u0103 este de <strong>30\u00a0USD<\/strong>.<\/p>\n\t\t<\/div>\n\t<\/div>\n\t\n\t\n\t\t<\/div>\n\t\t\t\t\t<\/div>\n\n\t\n\n\t<div id=\"col-2108067400\" class=\"col medium-6 small-12 large-6\"  >\n\t\t\t\t<div class=\"col-inner\"  >\n\t\t\t\n\t\t\t\n\t<div id=\"gap-1877641234\" class=\"gap-element clearfix\" style=\"display:block; height:auto;\">\n\t\t\n<style>\n#gap-1877641234 {\n  padding-top: 15px;\n}\n<\/style>\n\t<\/div>\n\t\n\n\t\t<div class=\"icon-box featured-box icon-box-left text-left\"  >\n\t\t\t\t\t<div class=\"icon-box-img has-icon-bg\" style=\"width: 55px\">\n\t\t\t\t<div class=\"icon\">\n\t\t\t\t\t<div class=\"icon-inner\" style=\"border-width:3px;color:rgb(39, 54, 71);\">\n\t\t\t\t\t\t<img loading=\"lazy\" decoding=\"async\" width=\"120\" height=\"120\" src=\"https:\/\/pmi.ro\/wp-content\/uploads\/2021\/10\/stack-line-1.png\" class=\"attachment-medium size-medium\" alt=\"\" srcset=\"https:\/\/pmi.ro\/wp-content\/uploads\/2021\/10\/stack-line-1.png 120w, https:\/\/pmi.ro\/wp-content\/uploads\/2021\/10\/stack-line-1-100x100.png 100w\" sizes=\"auto, (max-width: 120px) 100vw, 120px\" \/>\t\t\t\t\t<\/div>\n\t\t\t\t<\/div>\n\t\t\t<\/div>\n\t\t\t\t<div class=\"icon-box-text last-reset\">\n\t\t\t\t\t\t\t\t\t\n\t<div id=\"text-3058071642\" class=\"text\">\n\t\t\n<h3>Reduceri<\/h3>\n\t\t\n<style>\n#text-3058071642 {\n  font-size: 1.25rem;\n}\n<\/style>\n\t<\/div>\n\t\n<p>Sumele achitate \u00een momentul \u00eenregistr\u0103rii pot fi amortizate. De exemplu, c\u00e2nd achita\u021bi taxa de examinare pentru ob\u021binerea certific\u0103rilor PMI Project Management Professional, PMI Risk Management Professional, PMI Agile Certified Professional pute\u021bi beneficia de reduceri. Pentru mai multe detalii v\u0103 rug\u0103m s\u0103 consulta\u021bi prima pagin\u0103 a site-ului nostru.<\/p>\n\t\t<\/div>\n\t<\/div>\n\t\n\t\n\t\t<\/div>\n\t\t\t\t\t<\/div>\n\n\t\n\n\t<div id=\"col-1172724595\" class=\"col medium-6 small-12 large-6\"  >\n\t\t\t\t<div class=\"col-inner\"  >\n\t\t\t\n\t\t\t\n\t<div id=\"gap-442942312\" class=\"gap-element clearfix\" style=\"display:block; height:auto;\">\n\t\t\n<style>\n#gap-442942312 {\n  padding-top: 15px;\n}\n<\/style>\n\t<\/div>\n\t\n\n\t\t<div class=\"icon-box featured-box icon-box-left text-left\"  >\n\t\t\t\t\t<div class=\"icon-box-img has-icon-bg\" style=\"width: 55px\">\n\t\t\t\t<div class=\"icon\">\n\t\t\t\t\t<div class=\"icon-inner\" style=\"border-width:3px;color:rgb(39, 54, 71);\">\n\t\t\t\t\t\t<img loading=\"lazy\" decoding=\"async\" width=\"96\" height=\"96\" src=\"https:\/\/pmi.ro\/wp-content\/uploads\/2021\/10\/suitcase-line.png\" class=\"attachment-medium size-medium\" alt=\"\" \/>\t\t\t\t\t<\/div>\n\t\t\t\t<\/div>\n\t\t\t<\/div>\n\t\t\t\t<div class=\"icon-box-text last-reset\">\n\t\t\t\t\t\t\t\t\t\n\t<div id=\"text-2733182561\" class=\"text\">\n\t\t\n<h3>Alte avantaje<\/h3>\n\t\t\n<style>\n#text-2733182561 {\n  font-size: 1.25rem;\n}\n<\/style>\n\t<\/div>\n\t\n<p>\u00cen plus, evenimentele organizate de PMI International \u0219i PMI Romania Chapter v\u0103 pot aduce PDU (Professional Development Units) care sunt necesare pentru men\u021binerea certific\u0103rilor. De asemenea, pute\u021bi ob\u021bine gratuit c\u0103r\u021bi comercializate de PMI \u0219i PMI Romania Chapter<\/p>\n\t\t<\/div>\n\t<\/div>\n\t\n\t\n\t\t<\/div>\n\t\t\t\t\t<\/div>\n\n\t\n<\/div>\n\t\t<\/div>\n\t\t\t\t\t<\/div>\n\n\t\n<\/div>\n<div class=\"message-box relative\" style=\"padding-top:15px;padding-bottom:15px;\"><div class=\"message-box-bg-image bg-fill fill\" ><\/div><div class=\"message-box-bg-overlay bg-fill fill\" ><\/div><div class=\"container relative\"><div class=\"inner last-reset\">\n<div class=\"row align-middle align-center\"  id=\"row-1768204358\">\n\n\t<div id=\"col-862275022\" class=\"col medium-9 small-12 large-9\"  >\n\t\t\t\t<div class=\"col-inner\"  >\n\t\t\t\n\t\t\t\n<h3>Pentru mai multe detalii, nu ezita\u021bi s\u0103 ne contacta\u021bi!<\/h3>\n\t\t<\/div>\n\t\t\t\t\t<\/div>\n\n\t\n\n\t<div id=\"col-445737056\" class=\"col medium-2 small-12 large-2\"  >\n\t\t\t\t<div class=\"col-inner text-center\"  >\n\t\t\t\n\t\t\t\n<a href=\"\/en\/contact\/\" class=\"button white is-outline\" style=\"border-radius:99px;\">\n\t\t<span>CONTACT<\/span>\n\t<\/a>\n\n\t\t<\/div>\n\t\t\t\t\t<\/div>\n\n\t\n<\/div>\n<\/div><\/div><\/div>\n\t\t<\/div>\n\n\t\t\n<style>\n#section_770638386 {\n  padding-top: 25px;\n  padding-bottom: 25px;\n}\n@media (min-width:850px) {\n  #section_770638386 {\n    padding-top: 50px;\n    padding-bottom: 50px;\n  }\n}\n<\/style>\n\t<\/section>","protected":false},"excerpt":{"rendered":"","protected":false},"author":2,"featured_media":0,"parent":322,"menu_order":0,"comment_status":"closed","ping_status":"closed","template":"","meta":{"footnotes":""},"class_list":["post-473","page","type-page","status-publish","hentry"],"_links":{"self":[{"href":"https:\/\/pmi.ro\/en\/wp-json\/wp\/v2\/pages\/473","targetHints":{"allow":["GET"]}}],"collection":[{"href":"https:\/\/pmi.ro\/en\/wp-json\/wp\/v2\/pages"}],"about":[{"href":"https:\/\/pmi.ro\/en\/wp-json\/wp\/v2\/types\/page"}],"author":[{"embeddable":true,"href":"https:\/\/pmi.ro\/en\/wp-json\/wp\/v2\/users\/2"}],"replies":[{"embeddable":true,"href":"https:\/\/pmi.ro\/en\/wp-json\/wp\/v2\/comments?post=473"}],"version-history":[{"count":0,"href":"https:\/\/pmi.ro\/en\/wp-json\/wp\/v2\/pages\/473\/revisions"}],"up":[{"embeddable":true,"href":"https:\/\/pmi.ro\/en\/wp-json\/wp\/v2\/pages\/322"}],"wp:attachment":[{"href":"https:\/\/pmi.ro\/en\/wp-json\/wp\/v2\/media?parent=473"}],"curies":[{"name":"wp","href":"https:\/\/api.w.org\/{rel}","templated":true}]}}