{"id":586,"date":"2021-10-02T07:36:07","date_gmt":"2021-10-02T07:36:07","guid":{"rendered":"https:\/\/pmi.ro\/?page_id=586"},"modified":"2025-10-28T11:58:47","modified_gmt":"2025-10-28T09:58:47","slug":"devino-mentor","status":"publish","type":"page","link":"https:\/\/pmi.ro\/en\/implicare\/devino-mentor\/","title":{"rendered":"Devino mentor"},"content":{"rendered":"<section class=\"section\" id=\"section_1724644174\">\n\t\t<div class=\"section-bg fill\" >\n\t\t\t\t\t\t\t\t\t\n\t\t\t\n\n\t\t<\/div>\n\n\t\t\n\n\t\t<div class=\"section-content relative\">\n\t\t\t\n\t<div id=\"gap-549896483\" class=\"gap-element clearfix\" style=\"display:block; height:auto;\">\n\t\t\n<style>\n#gap-549896483 {\n  padding-top: 30px;\n}\n<\/style>\n\t<\/div>\n\t\n<div class=\"row row-large\"  id=\"row-1337677604\">\n\n\t<div id=\"col-318566312\" class=\"col medium-12 small-12 large-6\"  >\n\t\t\t\t<div class=\"col-inner\"  >\n\t\t\t\n\t\t\t\n\t<div id=\"text-2026187806\" class=\"text\">\n\t\t\n<h2>Devino mentor!<\/h2>\n\t\t\n<style>\n#text-2026187806 {\n  font-size: 1.5rem;\n}\n<\/style>\n\t<\/div>\n\t\n<p>PMI\u00a0<span class=\"dia_suggestion w1\" contextmenu=\"true\">Romania<\/span>\u00a0Chapter\u00a0<span class=\"dia_suggestion w3\" contextmenu=\"true\">dore\u0219te<\/span>\u00a0s\u0103 ofere un program de mentorat \u00een\u00a0<span class=\"dia_suggestion w11\" contextmenu=\"true\">care<\/span>\u00a0membrii filialei <span class=\"dia_suggestion w14\" contextmenu=\"true\">sunt<\/span>\u00a0parteneri cu profesioni\u0219ti certifica\u021bi consacra\u021bi pentru a primi aten\u021bie individual\u0103 \u0219i \u00eendrum\u0103ri legate de aspira\u021biile de carier\u0103, dezvoltarea profesional\u0103 \u0219i networking, precum \u0219i pentru a ob\u021bine informa\u021bii valoroase despre certificarea managementului de proiect.<\/p>\n<p>Programul de mentorat al PMI Romania Chapter se desf\u0103\u0219oar\u0103 \u00een doua runde conform acestui <a href=\"https:\/\/pmi.ro\/wp-content\/uploads\/2025\/10\/MENTORING-PROGRAM-2.pdf\" target=\"_blank\" rel=\"noopener\">regulament<\/a>.<\/p>\n<p>Prima rund\u0103: 15 martie 2025 &#8211; 15 iulie 2025<\/p>\n<p>A doua rund\u0103: 15 noiembrie 2025 &#8211; 15 aprilie 2026<\/p>\n<p>Le ur\u0103m succes mentorilor \u0219i discipolilor care s-au \u00eenscris \u00een acest program.\u00a0<\/p>\n\t\t<\/div>\n\t\t\t\t\t<\/div>\n\n\t\n\n\t<div id=\"col-739845837\" class=\"col medium-12 small-12 large-6\"  >\n\t\t\t\t<div class=\"col-inner\"  >\n\t\t\t\n\t\t\t\n\n\t\t<div class=\"icon-box featured-box icon-box-left text-left\"  >\n\t\t\t\t\t<div class=\"icon-box-img\" style=\"width: 50px\">\n\t\t\t\t<div class=\"icon\">\n\t\t\t\t\t<div class=\"icon-inner\" >\n\t\t\t\t\t\t<img loading=\"lazy\" decoding=\"async\" width=\"120\" height=\"120\" src=\"https:\/\/pmi.ro\/wp-content\/uploads\/2021\/10\/stack-line.png\" class=\"attachment-medium size-medium\" alt=\"\" srcset=\"https:\/\/pmi.ro\/wp-content\/uploads\/2021\/10\/stack-line.png 120w, https:\/\/pmi.ro\/wp-content\/uploads\/2021\/10\/stack-line-100x100.png 100w\" sizes=\"auto, (max-width: 120px) 100vw, 120px\" \/>\t\t\t\t\t<\/div>\n\t\t\t\t<\/div>\n\t\t\t<\/div>\n\t\t\t\t<div class=\"icon-box-text last-reset\">\n\t\t\t\t\t\t\t\t\t\n<h3>Obiective<\/h3>\n<p>Programul de mentorat \u00ee\u0219i propune s\u0103 dezvolte abilit\u0103\u021bile de management de proiect ale mentoratului, precum \u0219i s\u0103 sprijine dezvoltarea carierei. Scopurile \u0219i obiectivele rela\u021biei Mentor-Discipol<\/p>\n<ul>\n<li>Stabilirea practicii de mentorat individual<\/li>\n<li>Contribu\u021bia\u00a0la\u00a0dezvoltarea individual\u0103 a participan\u021bilor\u00a0prin\u00a0dezvoltarea setului de abilit\u0103\u021bi empatice<\/li>\n<li>Sprijinirea\u00a0dezvolt\u0103rii\u00a0abilit\u0103\u021bilor triunghiului talentelor<\/li>\n<li>Oferirea de\u00a0oportunit\u0103\u021bi\u00a0pentru dezvoltarea re\u021belei profesionale \u0219i c\u00e2\u0219tigarea PDU-urilor<\/li>\n<\/ul>\n\t<div id=\"gap-1800740010\" class=\"gap-element clearfix\" style=\"display:block; height:auto;\">\n\t\t\n<style>\n#gap-1800740010 {\n  padding-top: 30px;\n}\n<\/style>\n\t<\/div>\n\t\n\t\t<\/div>\n\t<\/div>\n\t\n\t\n\t\t<\/div>\n\t\t\t\t\t<\/div>\n\n\t\n<\/div>\n<div class=\"row row-large\"  id=\"row-1534074177\">\n\n\t<div id=\"col-1864199768\" class=\"col medium-12 small-12 large-6\"  >\n\t\t\t\t<div class=\"col-inner\"  >\n\t\t\t\n\t\t\t\n\n\t\t<div class=\"icon-box featured-box icon-box-left text-left\"  >\n\t\t\t\t\t<div class=\"icon-box-img\" style=\"width: 50px\">\n\t\t\t\t<div class=\"icon\">\n\t\t\t\t\t<div class=\"icon-inner\" >\n\t\t\t\t\t\t<img loading=\"lazy\" decoding=\"async\" width=\"120\" height=\"120\" src=\"https:\/\/pmi.ro\/wp-content\/uploads\/2021\/10\/account-circle-line-2.png\" class=\"attachment-medium size-medium\" alt=\"\" srcset=\"https:\/\/pmi.ro\/wp-content\/uploads\/2021\/10\/account-circle-line-2.png 120w, https:\/\/pmi.ro\/wp-content\/uploads\/2021\/10\/account-circle-line-2-100x100.png 100w\" sizes=\"auto, (max-width: 120px) 100vw, 120px\" \/>\t\t\t\t\t<\/div>\n\t\t\t\t<\/div>\n\t\t\t<\/div>\n\t\t\t\t<div class=\"icon-box-text last-reset\">\n\t\t\t\t\t\t\t\t\t\n<h3>Rolul unui mentor<\/h3>\n<p>A fi mentor ofer\u0103 o oportunitate pentru practicienii din managementul proiectelor de a-\u0219i \u00eemp\u0103rt\u0103\u0219i cuno\u0219tin\u021bele, abilit\u0103\u021bile \u0219i experien\u021ba unor oameni afla\u021bi la \u00eenceput de drum \u00een domeniul managementului de proiecte. Mentorul va ac\u021biona ca un model pentru a ajuta un discipol \u00een dezvoltarea sa personal\u0103 \u0219i profesional\u0103, \u00eemp\u0103rt\u0103\u0219ind cuno\u0219tin\u021be, ajut\u00e2nd la clarificarea parcursului \u00een carier\u0103 \u0219i la atingerea obiectivelor. Programul ofer\u0103 o oportunitate mentorilor de a-\u0219i dezvolta propriul stil de mentorat \u0219i abilit\u0103\u021bi u\u0219oare stabilite \u00een acela\u0219i timp cu influen\u021barea noii genera\u021bii de manageri de proiect.<\/p>\n\t\t<\/div>\n\t<\/div>\n\t\n\t\n\t<div id=\"gap-1174375348\" class=\"gap-element clearfix\" style=\"display:block; height:auto;\">\n\t\t\n<style>\n#gap-1174375348 {\n  padding-top: 30px;\n}\n<\/style>\n\t<\/div>\n\t\n\n\t\t<div class=\"icon-box featured-box icon-box-left text-left\"  >\n\t\t\t\t\t<div class=\"icon-box-img\" style=\"width: 50px\">\n\t\t\t\t<div class=\"icon\">\n\t\t\t\t\t<div class=\"icon-inner\" >\n\t\t\t\t\t\t<img loading=\"lazy\" decoding=\"async\" width=\"120\" height=\"120\" src=\"https:\/\/pmi.ro\/wp-content\/uploads\/2021\/10\/stack-line.png\" class=\"attachment-medium size-medium\" alt=\"\" srcset=\"https:\/\/pmi.ro\/wp-content\/uploads\/2021\/10\/stack-line.png 120w, https:\/\/pmi.ro\/wp-content\/uploads\/2021\/10\/stack-line-100x100.png 100w\" sizes=\"auto, (max-width: 120px) 100vw, 120px\" \/>\t\t\t\t\t<\/div>\n\t\t\t\t<\/div>\n\t\t\t<\/div>\n\t\t\t\t<div class=\"icon-box-text last-reset\">\n\t\t\t\t\t\t\t\t\t\n<h3>Criterii de eligibilitate si responsabilit\u0103\u021bile mentorilor<\/h3>\n<ul>\n<li>Membru activ al PMI Romania Chapter<\/li>\n<li>De\u021binerea unei certific\u0103ri recunoscute de PMI<\/li>\n<li>Participarea \u00een persoan\u0103 sau online la \u00eent\u00e2lnirile lunare (3 p\u00e2n\u0103 la 6 \u00eent\u00e2lniri timp de 1-2 ore \u00een timpul ciclului)<\/li>\n<li>Oferirea de sfaturi \u0219i \u00eencuraj\u0103ri pentru discipol<\/li>\n<li>Completarea sondajul de la finalul ciclului de mentorat<\/li>\n<\/ul>\n\t\t<\/div>\n\t<\/div>\n\t\n\t\n\t\t<\/div>\n\t\t\t\t\t<\/div>\n\n\t\n\n\t<div id=\"col-912307526\" class=\"col medium-12 small-12 large-6\"  >\n\t\t\t\t<div class=\"col-inner\"  >\n\t\t\t\n\t\t\t\n\n\t\t<div class=\"icon-box featured-box icon-box-left text-left\"  >\n\t\t\t\t\t<div class=\"icon-box-img\" style=\"width: 50px\">\n\t\t\t\t<div class=\"icon\">\n\t\t\t\t\t<div class=\"icon-inner\" >\n\t\t\t\t\t\t<img loading=\"lazy\" decoding=\"async\" width=\"120\" height=\"120\" src=\"https:\/\/pmi.ro\/wp-content\/uploads\/2021\/10\/account-circle-line-2.png\" class=\"attachment-medium size-medium\" alt=\"\" srcset=\"https:\/\/pmi.ro\/wp-content\/uploads\/2021\/10\/account-circle-line-2.png 120w, https:\/\/pmi.ro\/wp-content\/uploads\/2021\/10\/account-circle-line-2-100x100.png 100w\" sizes=\"auto, (max-width: 120px) 100vw, 120px\" \/>\t\t\t\t\t<\/div>\n\t\t\t\t<\/div>\n\t\t\t<\/div>\n\t\t\t\t<div class=\"icon-box-text last-reset\">\n\t\t\t\t\t\t\t\t\t\n<h3>Rolul unui discipol<\/h3>\n<p>A\u00a0<span class=\"dia_suggestion w1\" contextmenu=\"true\">fi<\/span>\u00a0<span class=\"dia_suggestion w2\" contextmenu=\"true\">discipol<\/span>\u00a0este o oportunitate de a\u00a0<span class=\"dia_suggestion w8\" contextmenu=\"true\">experimenta<\/span>, a \u00een\u021belege \u0219i a \u00eenv\u0103\u021ba de\u00a0<span class=\"dia_suggestion w15\" contextmenu=\"true\"><span class=\"dia_suggestion w28\" contextmenu=\"true\">la<\/span><\/span>\u00a0un profesionist cu experien\u021b\u0103\u00a0<span class=\"dia_suggestion w20\" contextmenu=\"true\">consacrat\u0103<\/span>\u00a0\u00een domeniul managementului de proiect. Rela\u021bia unu-la-unu mentor \u2013 discipol ofer\u0103<\/span>\u00a0fiec\u0103rui participant ocazia s\u0103 primeasc\u0103 aten\u021bie individual\u0103 \u0219i \u00eendrum\u0103ri adaptate nevoilor \u0219i aspira\u021biilor\u00a0<span class=\"dia_suggestion w46\" contextmenu=\"true\">sale<\/span>\u00a0personale.<\/p>\n\t\t<\/div>\n\t<\/div>\n\t\n\t\n\t<div id=\"gap-1352929647\" class=\"gap-element clearfix\" style=\"display:block; height:auto;\">\n\t\t\n<style>\n#gap-1352929647 {\n  padding-top: 150px;\n}\n<\/style>\n\t<\/div>\n\t\n\n\t\t<div class=\"icon-box featured-box icon-box-left text-left\"  >\n\t\t\t\t\t<div class=\"icon-box-img\" style=\"width: 50px\">\n\t\t\t\t<div class=\"icon\">\n\t\t\t\t\t<div class=\"icon-inner\" >\n\t\t\t\t\t\t<img loading=\"lazy\" decoding=\"async\" width=\"120\" height=\"120\" src=\"https:\/\/pmi.ro\/wp-content\/uploads\/2021\/10\/stack-line.png\" class=\"attachment-medium size-medium\" alt=\"\" srcset=\"https:\/\/pmi.ro\/wp-content\/uploads\/2021\/10\/stack-line.png 120w, https:\/\/pmi.ro\/wp-content\/uploads\/2021\/10\/stack-line-100x100.png 100w\" sizes=\"auto, (max-width: 120px) 100vw, 120px\" \/>\t\t\t\t\t<\/div>\n\t\t\t\t<\/div>\n\t\t\t<\/div>\n\t\t\t\t<div class=\"icon-box-text last-reset\">\n\t\t\t\t\t\t\t\t\t\n<h3>Criterii de eligibilitate \u0219i responsabilit\u0103\u021bile discipolilor<\/h3>\n<ul>\n<li>Membru activ al PMI Romania Chapter<\/li>\n<li>Participarea \u00een persoan\u0103 sau online la \u00eent\u00e2lnirile lunare (3 p\u00e2n\u0103 la 6 \u00eent\u00e2lniri timp de 1-2 ore \u00een timpul ciclului)<\/li>\n<li>Participarea activ\u0103 \u00een rela\u021bia condus\u0103 de mentori, coordonarea \u00eent\u00e2lnirii \u0219i preg\u0103tirea subiectelor pentru discu\u021bie<\/li>\n<li>Completarea sondajului de la finalul ciclului de mentorat<\/li>\n<\/ul>\n\t\t<\/div>\n\t<\/div>\n\t\n\t\n\t\t<\/div>\n\t\t\t\t\t<\/div>\n\n\t\n<\/div>\n<div class=\"message-box relative\" style=\"padding-top:15px;padding-bottom:15px;\"><div class=\"message-box-bg-image bg-fill fill\" ><\/div><div class=\"message-box-bg-overlay bg-fill fill\" ><\/div><div class=\"container relative\"><div class=\"inner last-reset\">\n<div class=\"row align-middle align-center\"  id=\"row-1056690957\">\n\n\t<div id=\"col-1013744758\" class=\"col medium-9 small-12 large-9\"  >\n\t\t\t\t<div class=\"col-inner\"  >\n\t\t\t\n\t\t\t\n<h3>Pentru mai multe detalii, nu ezita\u021bi s\u0103 ne contacta\u021bi!<\/h3>\n\t\t<\/div>\n\t\t\t\t\t<\/div>\n\n\t\n\n\t<div id=\"col-65915612\" class=\"col medium-2 small-12 large-2\"  >\n\t\t\t\t<div class=\"col-inner text-center\"  >\n\t\t\t\n\t\t\t\n<a href=\"\/en\/contact\/\" class=\"button white is-outline\" style=\"border-radius:99px;\">\n\t\t<span>CONTACT<\/span>\n\t<\/a>\n\n\t\t<\/div>\n\t\t\t\t\t<\/div>\n\n\t\n<\/div>\n<\/div><\/div><\/div>\n\t\t<\/div>\n\n\t\t\n<style>\n#section_1724644174 {\n  padding-top: 30px;\n  padding-bottom: 30px;\n}\n<\/style>\n\t<\/section>","protected":false},"excerpt":{"rendered":"","protected":false},"author":2,"featured_media":0,"parent":322,"menu_order":0,"comment_status":"closed","ping_status":"closed","template":"","meta":{"footnotes":""},"class_list":["post-586","page","type-page","status-publish","hentry"],"_links":{"self":[{"href":"https:\/\/pmi.ro\/en\/wp-json\/wp\/v2\/pages\/586","targetHints":{"allow":["GET"]}}],"collection":[{"href":"https:\/\/pmi.ro\/en\/wp-json\/wp\/v2\/pages"}],"about":[{"href":"https:\/\/pmi.ro\/en\/wp-json\/wp\/v2\/types\/page"}],"author":[{"embeddable":true,"href":"https:\/\/pmi.ro\/en\/wp-json\/wp\/v2\/users\/2"}],"replies":[{"embeddable":true,"href":"https:\/\/pmi.ro\/en\/wp-json\/wp\/v2\/comments?post=586"}],"version-history":[{"count":2,"href":"https:\/\/pmi.ro\/en\/wp-json\/wp\/v2\/pages\/586\/revisions"}],"predecessor-version":[{"id":999126,"href":"https:\/\/pmi.ro\/en\/wp-json\/wp\/v2\/pages\/586\/revisions\/999126"}],"up":[{"embeddable":true,"href":"https:\/\/pmi.ro\/en\/wp-json\/wp\/v2\/pages\/322"}],"wp:attachment":[{"href":"https:\/\/pmi.ro\/en\/wp-json\/wp\/v2\/media?parent=586"}],"curies":[{"name":"wp","href":"https:\/\/api.w.org\/{rel}","templated":true}]}}