{"id":596,"date":"2021-10-02T11:28:28","date_gmt":"2021-10-02T11:28:28","guid":{"rendered":"https:\/\/pmi.ro\/?page_id=596"},"modified":"2022-01-21T06:43:31","modified_gmt":"2022-01-21T06:43:31","slug":"devino-sponsor","status":"publish","type":"page","link":"https:\/\/pmi.ro\/en\/implicare\/devino-sponsor\/","title":{"rendered":"Devino sponsor"},"content":{"rendered":"<section class=\"section\" id=\"section_1244034303\">\n\t\t<div class=\"section-bg fill\" >\n\t\t\t\t\t\t\t\t\t\n\t\t\t\n\n\t\t<\/div>\n\n\t\t\n\n\t\t<div class=\"section-content relative\">\n\t\t\t\n\t<div id=\"gap-1831614285\" class=\"gap-element clearfix\" style=\"display:block; height:auto;\">\n\t\t\n<style>\n#gap-1831614285 {\n  padding-top: 30px;\n}\n<\/style>\n\t<\/div>\n\t\n<div class=\"row align-center\"  id=\"row-1059636745\">\n\n\t<div id=\"col-908741160\" class=\"col medium-8 small-12 large-8\"  >\n\t\t\t\t<div class=\"col-inner text-center\"  >\n\t\t\t\n\t\t\t\n<h6>devino sponsor<\/h6>\n\t<div id=\"text-1513759853\" class=\"text\">\n\t\t\n<h1>De ce s\u0103 fiu sponsor?<\/h1>\n\t\t\n<style>\n#text-1513759853 {\n  font-size: 1.75rem;\n}\n<\/style>\n\t<\/div>\n\t\n\t\t<\/div>\n\t\t\t\t\t<\/div>\n\n\t\n<\/div>\n\t\t<\/div>\n\n\t\t\n<style>\n#section_1244034303 {\n  padding-top: 25px;\n  padding-bottom: 25px;\n}\n@media (min-width:850px) {\n  #section_1244034303 {\n    padding-top: 50px;\n    padding-bottom: 50px;\n  }\n}\n<\/style>\n\t<\/section>\n\t\n\n\t<section class=\"section\" id=\"section_916156314\">\n\t\t<div class=\"section-bg fill\" >\n\t\t\t\t\t\t\t\t\t\n\t\t\t\n\n\t\t<\/div>\n\n\t\t\n\n\t\t<div class=\"section-content relative\">\n\t\t\t\n<div class=\"row row-collapse row-full-width align-middle align-center\"  id=\"row-763292041\">\n\n\t<div id=\"col-510634799\" class=\"col medium-12 small-12 large-3 medium-col-first\"  >\n\t\t\t\t<div class=\"col-inner\"  >\n\t\t\t\n\t\t\t\n\n  <div class=\"banner has-hover\" id=\"banner-1600588521\">\n          <div class=\"banner-inner fill\">\n        <div class=\"banner-bg fill\" >\n            <img loading=\"lazy\" decoding=\"async\" width=\"640\" height=\"427\" src=\"https:\/\/pmi.ro\/wp-content\/uploads\/2021\/10\/fabian-enzensperger-JPvJrNqtzJU-unsplash.jpg\" class=\"bg attachment-large size-large\" alt=\"\" \/>                                    \n                    <\/div>\n\t\t\n        <div class=\"banner-layers container\">\n            <div class=\"fill banner-link\"><\/div>            \n        <\/div>\n      <\/div>\n\n            \n<style>\n#banner-1600588521 {\n  padding-top: 300px;\n  background-color: rgba(255, 255, 255, 0);\n}\n#banner-1600588521 .banner-bg img {\n  object-position: 67% 25%;\n}\n@media (min-width:550px) {\n  #banner-1600588521 {\n    padding-top: 400px;\n  }\n}\n@media (min-width:850px) {\n  #banner-1600588521 {\n    padding-top: 550px;\n  }\n}\n<\/style>\n  <\/div>\n\n\n\t\t<\/div>\n\t\t\t\t\t<\/div>\n\n\t\n\n\t<div id=\"col-1469768862\" class=\"col index-up medium-12 small-11 large-9\"  >\n\t\t\t\t<div class=\"col-inner\"  >\n\t\t\t\n\t\t\t\n\t<div id=\"gap-1687305547\" class=\"gap-element clearfix\" style=\"display:block; height:auto;\">\n\t\t\n<style>\n#gap-1687305547 {\n  padding-top: 30px;\n}\n<\/style>\n\t<\/div>\n\t\n<div class=\"row align-center\"  id=\"row-842321633\">\n\n\t<div id=\"col-916862167\" class=\"col index-up medium-11 small-12 large-12\"  >\n\t\t\t\t<div class=\"col-inner text-center\" style=\"background-color:rgb(255, 255, 255);\" >\n\t\t\t\n\t\t\t\n<h2>Fi\u021bi parte a SOLU\u021aIEI!<\/h2>\n<p>Dori\u021bi s\u0103 v\u0103 conecta\u021bi organiza\u021bia cu mai multe organiza\u021bii caritabile, organiza\u021bii non-profit, management de proiect \u0219i profesioni\u0219ti \u00een analize de afaceri? <\/p>\n<p>Dori\u021bi s\u0103 v\u0103 conecta\u021bi marca dvs. la organiza\u021bii de caritate \u0219i organiza\u021bii non-profit? C\u0103ut\u0103m sponsori pentru a face diferen\u021ba \u00een PMI Romania Chapter ! <\/p>\n<p>\u00cembun\u0103t\u0103\u021bi\u021bi-v\u0103 profilul de RESPONSABILITATE SOCIAL\u0102 CORPORATIV\u0102 (CSR), aduc\u00e2nd o contribu\u021bie valoroas\u0103 care va aduce beneficii reputa\u021biei generale a companiei dvs. <\/p>\n<p><p>Promova\u021bi-v\u0103 MARCA c\u0103tre profesioni\u0219ti \u00een managementul de proiect \u0219i anali\u0219ti de business, organiza\u021bii caritabile \u0219i organiza\u021bii non-profit, precum \u0219i c\u0103tre publicul larg. <\/p>\n<p>Profita\u021bi de ocazie pentru a v\u0103 promova produsele \u0219i serviciile. Nu contribui\u021bi pur \u0219i simplu cu fonduri, ci face\u021bi vizibil\u0103 organiza\u021bia dvs. <\/p>\n<p> Oferi\u021bi angaja\u021bilor dvs. un motiv pentru a fi m\u00e2ndri s\u0103 lucreze pentru o organiza\u021bie cu o latur\u0103 filantropic\u0103. Atrage\u021bi talente de top, ave\u021bi o reten\u021bie mai mare \u0219i o loialitate sporit\u0103. <\/p>\n\t\t<\/div>\n\t\t\t\t\n<style>\n#col-916862167 > .col-inner {\n  padding: 15% 10% 15% 10%;\n  margin: -100px 0px 0px 0px;\n  border-radius: 5px;\n}\n@media (min-width:550px) {\n  #col-916862167 > .col-inner {\n    padding: 6% 6% 6% 6%;\n    margin: -150px 0px 0px 0px;\n  }\n}\n@media (min-width:850px) {\n  #col-916862167 > .col-inner {\n    padding: 7% 10% 7% 10%;\n    margin: 0px 0px 0px -100px;\n  }\n}\n<\/style>\n\t<\/div>\n\n\t\n<\/div>\n\t\t<\/div>\n\t\t\t\t\n<style>\n#col-1469768862 > .col-inner {\n  padding: 10px 0px 20px 0px;\n}\n@media (min-width:550px) {\n  #col-1469768862 > .col-inner {\n    padding: 35px 0px 30px 0px;\n  }\n}\n@media (min-width:850px) {\n  #col-1469768862 > .col-inner {\n    padding: 0 0px 0px 0px;\n  }\n}\n<\/style>\n\t<\/div>\n\n\t\n<\/div>\n\t\t<\/div>\n\n\t\t\n<style>\n#section_916156314 {\n  padding-top: 0px;\n  padding-bottom: 0px;\n  margin-bottom: 0px;\n  background-color: #273647;\n}\n@media (min-width:550px) {\n  #section_916156314 {\n    padding-top: 0px;\n    padding-bottom: 0px;\n  }\n}\n<\/style>\n\t<\/section>\n\t\n\n\t<section class=\"section\" id=\"section_1492270667\">\n\t\t<div class=\"section-bg fill\" >\n\t\t\t\t\t\t\t\t\t\n\t\t\t\n\n\t\t<\/div>\n\n\t\t\n\n\t\t<div class=\"section-content relative\">\n\t\t\t\n<div class=\"row\"  id=\"row-49404764\">\n\n\t<div id=\"col-1389639565\" class=\"col small-12 large-12\"  >\n\t\t\t\t<div class=\"col-inner text-center\"  >\n\t\t\t\n\t\t\t\n<h2>Op\u021biuni de sponsorizare<\/h2>\n\t\t<\/div>\n\t\t\t\t\t<\/div>\n\n\t\n<\/div>\n<div class=\"row align-equal align-center\"  id=\"row-1686649918\">\n\n\t<div id=\"col-1405343414\" class=\"col medium-8 small-12 large-6\"  >\n\t\t\t\t<div class=\"col-inner text-left\"  >\n\t\t\t\n\t\t\t\n<h3>BRONZE<\/h3>\n<h4><span style=\"font-size: 300%;\">\u20ac 750<\/span><\/h4>\n<p>Contribu\u021bie anual\u0103<br \/>\n<div class=\"is-divider divider clearfix\" style=\"max-width:100px;\"><\/div>\n<h6>Logo companie<\/h6>\n<ul>\n<li class=\"bullet-checkmark\">Afi\u0219are pe paginile evenimentelor anuale organizate de PMI Romania Chapter<\/li>\n<li class=\"bullet-checkmark\">Afi\u0219are logo companie \u00een prezent\u0103rile evenimentelor PMI Romania Chapter<\/li>\n<\/ul>\n\t<div id=\"gap-811144715\" class=\"gap-element clearfix\" style=\"display:block; height:auto;\">\n\t\t\n<style>\n#gap-811144715 {\n  padding-top: 10px;\n}\n<\/style>\n\t<\/div>\n\t\n<h6>Promovare pe re\u021belele de socializare &#8211; LinkedIn, Facebook, YouTube, Twitter<\/h6>\n<ul>\n<li class=\"bullet-checkmark\">Anun\u021b despre sponsorizare \u0219i promovare sponsor<\/li>\n<li class=\"bullet-checkmark\">Anun\u021buri lunare \u0219i promovare periodic\u0103 sponsor<\/li>\n<li class=\"bullet-checkmark\">Anun\u021buri periodice \u0219i promovare a sponsorului \u00eenainte de evenimentele anuale<\/li>\n<\/ul>\n<h6>\u00cen ziua evenimentului<\/h6>\n<ul>\n<li class=\"bullet-checkmark\">Prezentare continu\u0103 a companiei sponsor \u00eenainte de \u00eenceperea evenimentului &#8211; slide-ul poate con\u021bine logo-ul de la unul sau mai mul\u021bi sponsori<\/li>\n<li class=\"bullet-checkmark\">Promovare de 1\/4 pagin\u0103 \u00een materialele evenimentului<\/li>\n<li class=\"bullet-checkmark\">3 produse \u00een cadoul primit la eveniment<\/li>\n<li class=\"bullet-checkmark\">Afi\u0219are banere primite de la sponsor \u00een loca\u021bia evenimentului &#8211; maxim 1 buc\/sponsor<\/li>\n<\/ul>\n\t\t<\/div>\n\t\t\t\t\t<\/div>\n\n\t\n\n\t<div id=\"col-1648640072\" class=\"col medium-8 small-12 large-6\"  >\n\t\t\t\t<div class=\"col-inner text-left\"  >\n\t\t\t\n\t\t\t\n<h3>SILVER<\/h3>\n<h4><span style=\"font-size: 300%;\">\u20ac 1000<\/span><\/h4>\n<p>Contribu\u021bie anual\u0103<br \/>\n<div class=\"is-divider divider clearfix\" style=\"max-width:100px;\"><\/div>\n<h6>Logo companie<\/h6>\n<ul>\n<li class=\"bullet-checkmark\">Afi\u0219are pe paginile evenimentelor anuale organizate de PMI Romania Chapter<\/li>\n<li class=\"bullet-checkmark\">Afi\u0219are logo companie \u00een prezent\u0103rile evenimentelor PMI Romania Chapter<\/li>\n<\/ul>\n\t<div id=\"gap-820901013\" class=\"gap-element clearfix\" style=\"display:block; height:auto;\">\n\t\t\n<style>\n#gap-820901013 {\n  padding-top: 10px;\n}\n<\/style>\n\t<\/div>\n\t\n<h6>Promovare pe re\u021belele de socializare &#8211; LinkedIn, Facebook, YouTube, Twitter<\/h6>\n<ul>\n<li class=\"bullet-checkmark\">Anun\u021b despre sponsorizare \u0219i promovare sponsor<\/li>\n<li class=\"bullet-checkmark\">Anun\u021buri lunare \u0219i promovare periodic\u0103 sponsor<\/li>\n<li class=\"bullet-checkmark\">Anun\u021buri periodice \u0219i promovare a sponsorului \u00eenainte de evenimentele anuale<\/li>\n<\/ul>\n<h6>\u00cen ziua evenimentului<\/h6>\n<ul>\n<li class=\"bullet-checkmark\">Prezentare continu\u0103 a companiei sponsor \u00eenainte de \u00eenceperea evenimentului &#8211; slide-ul poate con\u021bine logo-ul de la unul sau mai mul\u021bi sponsori<\/li>\n<li class=\"bullet-checkmark\">Promovare de 1\/2 pagin\u0103 \u00een materialele evenimentului<\/li>\n<li class=\"bullet-checkmark\">3 produse \u00een cadoul primit la eveniment<\/li>\n<li class=\"bullet-checkmark\">Afi\u0219are banere primite de la sponsor \u00een loca\u021bia evenimentului &#8211; maxim 1 buc\/sponsor<\/li>\n<\/ul>\n\t\t<\/div>\n\t\t\t\t\t<\/div>\n\n\t\n\n\t<div id=\"col-1065348015\" class=\"col medium-8 small-12 large-6\"  >\n\t\t\t\t<div class=\"col-inner text-left\"  >\n\t\t\t\n\t\t\t\n<h3>GOLD<\/h3>\n<h4><span style=\"font-size: 300%;\">\u20ac 1500<\/span><\/h4>\n<p>Contribu\u021bie anual\u0103<br \/>\n<div class=\"is-divider divider clearfix\" style=\"max-width:100px;\"><\/div>\n<h6>Logo companie<\/h6>\n<ul>\n<li class=\"bullet-checkmark\">Afi\u0219are pe pagina web www.pmi.ro<\/li>\n<li class=\"bullet-checkmark\">Afi\u0219are pe paginile evenimentelor anuale organizate de PMI Romania Chapter<\/li>\n<li class=\"bullet-checkmark\">Afi\u0219are pe paginile evenimentelor lunare organizate de PMI Romania Chapter<\/li>\n<li class=\"bullet-checkmark\">Afi\u0219are logo companie \u00een prezent\u0103rile evenimentelor PMI Romania Chapter<\/li>\n<\/ul>\n\t<div id=\"gap-749020810\" class=\"gap-element clearfix\" style=\"display:block; height:auto;\">\n\t\t\n<style>\n#gap-749020810 {\n  padding-top: 10px;\n}\n<\/style>\n\t<\/div>\n\t\n<h6>Promovare pe re\u021belele de socializare &#8211; LinkedIn, Facebook, YouTube, Twitter<\/h6>\n<ul>\n<li class=\"bullet-checkmark\">Anun\u021b despre sponsorizare \u0219i promovare sponsor<\/li>\n<li class=\"bullet-checkmark\">Anun\u021buri lunare \u0219i promovare periodic\u0103 sponsor<\/li>\n<li class=\"bullet-checkmark\">Anun\u021buri periodice \u0219i promovare a sponsorului \u00eenainte de evenimentele lunare<\/li>\n<li class=\"bullet-checkmark\">Anun\u021buri periodice \u0219i promovare a sponsorului \u00eenainte de evenimentele anuale<\/li>\n<\/ul>\n<h6>\u00cen ziua evenimentului<\/h6>\n<ul>\n<li class=\"bullet-checkmark\">Prezentare continu\u0103 a companiei sponsor \u00eenainte de \u00eenceperea evenimentului &#8211; slide-ul con\u021bine doar logo-ul unui singur sponsor<\/li>\n<li class=\"bullet-checkmark\">Promovare de 1\/2 pagin\u0103 \u00een materialele evenimentului<\/li>\n<li class=\"bullet-checkmark\">3 produse \u00een cadoul primit la eveniment<\/li>\n<li class=\"bullet-checkmark\">Afi\u0219are banere primite de la sponsor \u00een loca\u021bia evenimentului &#8211; maxim 2 buc\/sponsor<\/li>\n<\/ul>\n\t\t<\/div>\n\t\t\t\t\t<\/div>\n\n\t\n\n\t<div id=\"col-1212259712\" class=\"col medium-8 small-12 large-6\"  >\n\t\t\t\t<div class=\"col-inner text-left\"  >\n\t\t\t\n\t\t\t\n<h3>PLATINUM<\/h3>\n<h4><span style=\"font-size: 300%;\">\u20ac 2500<\/span><\/h4>\n<p>Contribu\u021bie anual\u0103<br \/>\n<div class=\"is-divider divider clearfix\" style=\"max-width:100px;\"><\/div>\n<h6>Logo companie<\/h6>\n<ul>\n<li class=\"bullet-checkmark\">Afi\u0219are pe pagina web www.pmi.ro<\/li>\n<li class=\"bullet-checkmark\">Afi\u0219are pe paginile evenimentelor anuale organizate de PMI Romania Chapter<\/li>\n<li class=\"bullet-checkmark\">Afi\u0219are pe paginile evenimentelor lunare organizate de PMI Romania Chapter<\/li>\n<li class=\"bullet-checkmark\">Afi\u0219are logo companie \u00een prezent\u0103rile evenimentelor PMI Romania Chapter<\/li>\n<\/ul>\n\t<div id=\"gap-1519873114\" class=\"gap-element clearfix\" style=\"display:block; height:auto;\">\n\t\t\n<style>\n#gap-1519873114 {\n  padding-top: 10px;\n}\n<\/style>\n\t<\/div>\n\t\n<h6>Promovare pe re\u021belele de socializare &#8211; LinkedIn, Facebook, YouTube, Twitter<\/h6>\n<ul>\n<li class=\"bullet-checkmark\">Anun\u021b despre sponsorizare \u0219i promovare sponsor<\/li>\n<li class=\"bullet-checkmark\">Anun\u021buri lunare \u0219i promovare periodic\u0103 sponsor<\/li>\n<li class=\"bullet-checkmark\">Anun\u021buri periodice \u0219i promovare a sponsorului \u00eenainte de evenimentele lunare<\/li>\n<li class=\"bullet-checkmark\">Anun\u021buri periodice \u0219i promovare a sponsorului \u00eenainte de evenimentele anuale<\/li>\n<\/ul>\n<h6>\u00cen ziua evenimentului<\/h6>\n<ul>\n<li class=\"bullet-checkmark\">Prezentare continu\u0103 a companiei sponsor \u00eenainte de \u00eenceperea evenimentului &#8211; slide-ul con\u021bine doar logo-ul unui singur sponsor<\/li>\n<li class=\"bullet-checkmark\">Promovare full-page \u00een materialele evenimentului<\/li>\n<li class=\"bullet-checkmark\">3 produse \u00een cadoul primit la eveniment<\/li>\n<li class=\"bullet-checkmark\">Afi\u0219are banere primite de la sponsor \u00een loca\u021bia evenimentului &#8211; maxim 2 buc\/sponsor<\/li>\n<\/ul>\n\t\t<\/div>\n\t\t\t\t\t<\/div>\n\n\t\n\n<style>\n#row-1686649918 > .col > .col-inner {\n  padding: 30px 30px 30px 30px;\n  background-color: rgb(255,255,255);\n}\n<\/style>\n<\/div>\n\t\t<\/div>\n\n\t\t\n<style>\n#section_1492270667 {\n  padding-top: 60px;\n  padding-bottom: 60px;\n  background-color: rgb(245, 247, 251);\n}\n<\/style>\n\t<\/section>\n\t\n\n\t<section class=\"section\" id=\"section_1006731605\">\n\t\t<div class=\"section-bg fill\" >\n\t\t\t\t\t\t\t\t\t\n\t\t\t\n\n\t\t<\/div>\n\n\t\t\n\n\t\t<div class=\"section-content relative\">\n\t\t\t\n\t<div id=\"gap-1606218701\" class=\"gap-element clearfix\" style=\"display:block; height:auto;\">\n\t\t\n<style>\n#gap-1606218701 {\n  padding-top: 30px;\n}\n<\/style>\n\t<\/div>\n\t\n<div class=\"row\"  id=\"row-2006304948\">\n\n\t<div id=\"col-2055551179\" class=\"col medium-4 small-12 large-4\"  >\n\t\t\t\t<div class=\"col-inner\"  >\n\t\t\t\n\t\t\t\n\t<div id=\"text-2308847051\" class=\"text\">\n\t\t\n<h3>Cine poate fi sponsor?<\/h3>\n\t\t\n<style>\n#text-2308847051 {\n  font-size: 1.75rem;\n}\n<\/style>\n\t<\/div>\n\t\n\t\t<\/div>\n\t\t\t\t\t<\/div>\n\n\t\n\n\t<div id=\"col-1650376818\" class=\"col medium-8 small-12 large-8\"  >\n\t\t\t\t<div class=\"col-inner\"  >\n\t\t\t\n\t\t\t\n<p>Sponsorii vin \u00een dou\u0103 mari categorii:<\/p>\n<ol>\n<li>financiari<\/li>\n<li>sponsori \u00een natur\u0103.<\/li>\n<\/ol>\n<p>Sponsorii financiari au la dispozi\u021bie pachete de sponsorizare bronz, argint sau aur, care sunt adaptate \u00een func\u021bie de promovarea pe care o dore\u0219te fiecare dintre sponsori.Sponsorii \u00een natur\u0103 contribuie cu un produs sau un serviciu agreat reciproc \u00een schimbul recunoa\u0219terii nivelului de sponsorizare.<\/p>\n\t\t<\/div>\n\t\t\t\t\t<\/div>\n\n\t\n<\/div>\n<div class=\"row\"  id=\"row-1763911966\">\n\n\t<div id=\"col-1320325623\" class=\"col medium-4 small-12 large-4\"  >\n\t\t\t\t<div class=\"col-inner\"  >\n\t\t\t\n\t\t\t\n\t<div id=\"text-4215160266\" class=\"text\">\n\t\t\n<h3>Cum func\u021bioneaz\u0103?<\/h3>\n\t\t\n<style>\n#text-4215160266 {\n  font-size: 1.75rem;\n}\n<\/style>\n\t<\/div>\n\t\n\t\t<\/div>\n\t\t\t\t\t<\/div>\n\n\t\n\n\t<div id=\"col-1676515765\" class=\"col medium-8 small-12 large-8\"  >\n\t\t\t\t<div class=\"col-inner\"  >\n\t\t\t\n\t\t\t\n<p>Organiza\u021bia dvs. poate achizi\u021biona un pachet de sponsorizare sau poate oferi produse sau servicii. Dup\u0103 ce v-a\u021bi conectat, ve\u021bi avea ocazia s\u0103 v\u0103 prezenta\u021bi marca pe mai multe canale &#8211; \u0219i anume site-ul web al PMI Romania Chapter, LinkedIn \u0219i la evenimentele organizate de PMI Romania Chapter.<\/p>\n\t\t<\/div>\n\t\t\t\t\t<\/div>\n\n\t\n<\/div>\n\t\t<\/div>\n\n\t\t\n<style>\n#section_1006731605 {\n  padding-top: 30px;\n  padding-bottom: 30px;\n}\n<\/style>\n\t<\/section>\n\t\n\n\t<section class=\"section\" id=\"section_1238238980\">\n\t\t<div class=\"section-bg fill\" >\n\t\t\t\t\t\t\t\t\t\n\t\t\t\n\n\t\t<\/div>\n\n\t\t\n\n\t\t<div class=\"section-content relative\">\n\t\t\t\n<div class=\"message-box relative\" style=\"padding-top:15px;padding-bottom:15px;\"><div class=\"message-box-bg-image bg-fill fill\" ><\/div><div class=\"message-box-bg-overlay bg-fill fill\" ><\/div><div class=\"container relative\"><div class=\"inner last-reset\">\n<div class=\"row align-middle align-center\"  id=\"row-575585034\">\n\n\t<div id=\"col-1562965316\" class=\"col medium-9 small-12 large-9\"  >\n\t\t\t\t<div class=\"col-inner\"  >\n\t\t\t\n\t\t\t\n<h3>Pentru mai multe detalii, nu ezita\u021bi s\u0103 ne contacta\u021bi!<\/h3>\n\t\t<\/div>\n\t\t\t\t\t<\/div>\n\n\t\n\n\t<div id=\"col-507649207\" class=\"col medium-2 small-12 large-2\"  >\n\t\t\t\t<div class=\"col-inner text-center\"  >\n\t\t\t\n\t\t\t\n<a href=\"\/en\/contact\/\" class=\"button white is-outline\" style=\"border-radius:99px;\">\n\t\t<span>CONTACT<\/span>\n\t<\/a>\n\n\t\t<\/div>\n\t\t\t\t\t<\/div>\n\n\t\n<\/div>\n<\/div><\/div><\/div>\n\t\t<\/div>\n\n\t\t\n<style>\n#section_1238238980 {\n  padding-top: 30px;\n  padding-bottom: 30px;\n}\n<\/style>\n\t<\/section>","protected":false},"excerpt":{"rendered":"","protected":false},"author":2,"featured_media":0,"parent":322,"menu_order":0,"comment_status":"closed","ping_status":"closed","template":"","meta":{"footnotes":""},"class_list":["post-596","page","type-page","status-publish","hentry"],"_links":{"self":[{"href":"https:\/\/pmi.ro\/en\/wp-json\/wp\/v2\/pages\/596","targetHints":{"allow":["GET"]}}],"collection":[{"href":"https:\/\/pmi.ro\/en\/wp-json\/wp\/v2\/pages"}],"about":[{"href":"https:\/\/pmi.ro\/en\/wp-json\/wp\/v2\/types\/page"}],"author":[{"embeddable":true,"href":"https:\/\/pmi.ro\/en\/wp-json\/wp\/v2\/users\/2"}],"replies":[{"embeddable":true,"href":"https:\/\/pmi.ro\/en\/wp-json\/wp\/v2\/comments?post=596"}],"version-history":[{"count":0,"href":"https:\/\/pmi.ro\/en\/wp-json\/wp\/v2\/pages\/596\/revisions"}],"up":[{"embeddable":true,"href":"https:\/\/pmi.ro\/en\/wp-json\/wp\/v2\/pages\/322"}],"wp:attachment":[{"href":"https:\/\/pmi.ro\/en\/wp-json\/wp\/v2\/media?parent=596"}],"curies":[{"name":"wp","href":"https:\/\/api.w.org\/{rel}","templated":true}]}}