{"id":619,"date":"2021-10-02T11:47:57","date_gmt":"2021-10-02T11:47:57","guid":{"rendered":"https:\/\/pmi.ro\/?page_id=619"},"modified":"2022-01-21T07:24:12","modified_gmt":"2022-01-21T07:24:12","slug":"devino-voluntar","status":"publish","type":"page","link":"https:\/\/pmi.ro\/en\/implicare\/devino-voluntar\/","title":{"rendered":"Devino voluntar"},"content":{"rendered":"<section class=\"section\" id=\"section_311034827\">\n\t\t<div class=\"section-bg fill\" >\n\t\t\t\t\t\t\t\t\t\n\t\t\t\n\n\t\t<\/div>\n\n\t\t\n\n\t\t<div class=\"section-content relative\">\n\t\t\t\n\t<div id=\"gap-728949290\" class=\"gap-element clearfix\" style=\"display:block; height:auto;\">\n\t\t\n<style>\n#gap-728949290 {\n  padding-top: 30px;\n}\n<\/style>\n\t<\/div>\n\t\n<div class=\"row row-large\"  id=\"row-52158356\">\n\n\t<div id=\"col-676097520\" class=\"col medium-12 small-12 large-4\"  >\n\t\t\t\t<div class=\"col-inner\"  >\n\t\t\t\n\t\t\t\n\t<div id=\"text-2913570862\" class=\"text\">\n\t\t\n<h2>Devino voluntar! <br \/> De ce s\u0103 fiu voluntar\u2026<br \/>\n<\/h2>\n\t\t\n<style>\n#text-2913570862 {\n  font-size: 1.5rem;\n}\n<\/style>\n\t<\/div>\n\t\n<p>Voluntariatul cu noi este mai u\u0219or ca niciodat\u0103! <\/p>\n<p>PMI Romania Chapter ar dori s\u0103 v\u0103 ureze bun venit pentru c\u0103 v\u0103 implica\u021bi \u00een activit\u0103\u021bile de voluntariat \u0219i pentru c\u0103 dori\u021bi s\u0103 v\u0103 \u00eembun\u0103t\u0103\u021bi\u021bi rela\u021bia cu noi \u0219i comunitatea global\u0103 PMI.\n<\/p>\n\t\t<\/div>\n\t\t\t\t\t<\/div>\n\n\t\n\n\t<div id=\"col-435584563\" class=\"col medium-12 small-12 large-8\"  >\n\t\t\t\t<div class=\"col-inner\"  >\n\t\t\t\n\t\t\t\n\n\t\t<div class=\"icon-box featured-box icon-box-left text-left\"  >\n\t\t\t\t\t<div class=\"icon-box-img\" style=\"width: 50px\">\n\t\t\t\t<div class=\"icon\">\n\t\t\t\t\t<div class=\"icon-inner\" >\n\t\t\t\t\t\t<img loading=\"lazy\" decoding=\"async\" width=\"120\" height=\"120\" src=\"https:\/\/pmi.ro\/wp-content\/uploads\/2021\/10\/account-circle-line-2.png\" class=\"attachment-medium size-medium\" alt=\"\" srcset=\"https:\/\/pmi.ro\/wp-content\/uploads\/2021\/10\/account-circle-line-2.png 120w, https:\/\/pmi.ro\/wp-content\/uploads\/2021\/10\/account-circle-line-2-100x100.png 100w\" sizes=\"auto, (max-width: 120px) 100vw, 120px\" \/>\t\t\t\t\t<\/div>\n\t\t\t\t<\/div>\n\t\t\t<\/div>\n\t\t\t\t<div class=\"icon-box-text last-reset\">\n\t\t\t\t\t\t\t\t\t\n<h3>Care este rolul unui voluntar?<\/h3>\n<p>C\u0103ut\u0103m \u00een permanen\u021b\u0103 oameni care s\u0103 ne ajute cu o gam\u0103 variat\u0103 de activit\u0103\u021bi, inclusiv: <\/p>\n<ul>\n<li>Evenimente (organizare, planificare \u0219i asisten\u021b\u0103 la fa\u021ba locului pentru micul dejun \u0219i \u00eent\u00e2lnirile noastre de sear\u0103) <\/li>\n<li>Construirea unui viitor mai bun (programe de educa\u021bie comunitar\u0103 \u0219i \u0219colar\u0103) <\/li>\n<li>Comunic\u0103ri (gestionarea site-ului web, producerea buletinelor noastre informative \u0219i implicarea \u00een social media)<\/li>\n<li>Marketing (r\u0103sp\u00e2ndirea cuv\u00e2ntului despre ce este PMI, ob\u021binerea de sponsoriz\u0103ri) <\/li>\n<li>Calitatea de membru (abordarea \u00eentreb\u0103rilor, a beneficiilor)<\/li>\n<li>Program de mentori (asisten\u021b\u0103 ca mentori)<\/li>\n<li>Dezvoltare profesional\u0103 (planificarea \u0219i gestionarea sec\u021biunilor noastre de filial\u0103) <\/li>\n<li>\u0219i mult mai mult&#8230;<\/li>\n<\/ul>\n\t\t<\/div>\n\t<\/div>\n\t\n\t\n\t<div id=\"gap-863949608\" class=\"gap-element clearfix\" style=\"display:block; height:auto;\">\n\t\t\n<style>\n#gap-863949608 {\n  padding-top: 30px;\n}\n<\/style>\n\t<\/div>\n\t\n\t\t<\/div>\n\t\t\t\t\t<\/div>\n\n\t\n\n\t<div id=\"col-932352718\" class=\"col medium-12 small-12 large-6\"  >\n\t\t\t\t<div class=\"col-inner\"  >\n\t\t\t\n\t\t\t\n\n\t\t<div class=\"icon-box featured-box icon-box-left text-left\"  >\n\t\t\t\t\t<div class=\"icon-box-img\" style=\"width: 50px\">\n\t\t\t\t<div class=\"icon\">\n\t\t\t\t\t<div class=\"icon-inner\" >\n\t\t\t\t\t\t<img loading=\"lazy\" decoding=\"async\" width=\"120\" height=\"120\" src=\"https:\/\/pmi.ro\/wp-content\/uploads\/2021\/10\/account-circle-line-2.png\" class=\"attachment-medium size-medium\" alt=\"\" srcset=\"https:\/\/pmi.ro\/wp-content\/uploads\/2021\/10\/account-circle-line-2.png 120w, https:\/\/pmi.ro\/wp-content\/uploads\/2021\/10\/account-circle-line-2-100x100.png 100w\" sizes=\"auto, (max-width: 120px) 100vw, 120px\" \/>\t\t\t\t\t<\/div>\n\t\t\t\t<\/div>\n\t\t\t<\/div>\n\t\t\t\t<div class=\"icon-box-text last-reset\">\n\t\t\t\t\t\t\t\t\t\n<h3>Care sunt avantajele de a fi voluntar la PMI:<\/h3>\n<ul>\n<li>Posibilitatea de a dob\u00e2ndi experien\u021b\u0103 \u00een ceea ce prive\u0219te abilit\u0103\u021bile de conducere \u0219i management <\/li>\n<li>Posibilitatea de a dob\u00e2ndi abilit\u0103\u021bi de management de proiect \u0219i de a c\u00e2\u0219tiga unit\u0103\u021bi de dezvoltare profesional\u0103 (PDU)<\/li>\n<li>Accesul la o re\u021bea de profesioni\u0219ti \u00een gestionarea proiectelor<\/li>\n<li>Certificat emis de PMI Romania Chapter dup\u0103 finalizarea cu succes a unui an ca voluntar<\/li>\n<\/ul>\n\t\t<\/div>\n\t<\/div>\n\t\n\t\n\t\t<\/div>\n\t\t\t\t\t<\/div>\n\n\t\n\n\t<div id=\"col-1423165155\" class=\"col medium-6 small-12 large-6\"  >\n\t\t\t\t<div class=\"col-inner\"  >\n\t\t\t\n\t\t\t\n\n\t\t<div class=\"icon-box featured-box icon-box-left text-left\"  >\n\t\t\t\t\t<div class=\"icon-box-img\" style=\"width: 50px\">\n\t\t\t\t<div class=\"icon\">\n\t\t\t\t\t<div class=\"icon-inner\" >\n\t\t\t\t\t\t<img loading=\"lazy\" decoding=\"async\" width=\"120\" height=\"120\" src=\"https:\/\/pmi.ro\/wp-content\/uploads\/2021\/10\/account-circle-line-2.png\" class=\"attachment-medium size-medium\" alt=\"\" srcset=\"https:\/\/pmi.ro\/wp-content\/uploads\/2021\/10\/account-circle-line-2.png 120w, https:\/\/pmi.ro\/wp-content\/uploads\/2021\/10\/account-circle-line-2-100x100.png 100w\" sizes=\"auto, (max-width: 120px) 100vw, 120px\" \/>\t\t\t\t\t<\/div>\n\t\t\t\t<\/div>\n\t\t\t<\/div>\n\t\t\t\t<div class=\"icon-box-text last-reset\">\n\t\t\t\t\t\t\t\t\t\n<h3>Cine poate fi voluntar?<\/h3>\n<p>Pentru a putea fi voluntar la PMI Romania Chapter, trebuie s\u0103 fi\u021bi membru activ al chapterului.<\/p>\n<p>Dac\u0103 nu sunte\u021bi membru, \u00eenscrie\u0163i-v\u0103 acum. <\/p>\n<p>Dac\u0103 abonamentul dvs. a expirat trebuie s\u0103 v\u0103 re\u00eennoi\u021bi calitatea de membru. <\/p>\n\t\t<\/div>\n\t<\/div>\n\t\n\t\n\t\t<\/div>\n\t\t\t\t\t<\/div>\n\n\t\n<\/div>\n<div class=\"message-box relative\" style=\"padding-top:15px;padding-bottom:15px;\"><div class=\"message-box-bg-image bg-fill fill\" ><\/div><div class=\"message-box-bg-overlay bg-fill fill\" ><\/div><div class=\"container relative\"><div class=\"inner last-reset\">\n<div class=\"row align-middle align-center\"  id=\"row-746792364\">\n\n\t<div id=\"col-884531734\" class=\"col medium-9 small-12 large-9\"  >\n\t\t\t\t<div class=\"col-inner\"  >\n\t\t\t\n\t\t\t\n<h3>Pentru mai multe detalii, nu ezita\u021bi s\u0103 ne contacta\u021bi!<\/h3>\n\t\t<\/div>\n\t\t\t\t\t<\/div>\n\n\t\n\n\t<div id=\"col-590484913\" class=\"col medium-2 small-12 large-2\"  >\n\t\t\t\t<div class=\"col-inner text-center\"  >\n\t\t\t\n\t\t\t\n<a href=\"\/en\/contact\/\" class=\"button white is-outline\" style=\"border-radius:99px;\">\n\t\t<span>CONTACT<\/span>\n\t<\/a>\n\n\t\t<\/div>\n\t\t\t\t\t<\/div>\n\n\t\n<\/div>\n<\/div><\/div><\/div>\n\t\t<\/div>\n\n\t\t\n<style>\n#section_311034827 {\n  padding-top: 30px;\n  padding-bottom: 30px;\n}\n<\/style>\n\t<\/section>","protected":false},"excerpt":{"rendered":"","protected":false},"author":2,"featured_media":0,"parent":322,"menu_order":0,"comment_status":"closed","ping_status":"closed","template":"","meta":{"footnotes":""},"class_list":["post-619","page","type-page","status-publish","hentry"],"_links":{"self":[{"href":"https:\/\/pmi.ro\/en\/wp-json\/wp\/v2\/pages\/619","targetHints":{"allow":["GET"]}}],"collection":[{"href":"https:\/\/pmi.ro\/en\/wp-json\/wp\/v2\/pages"}],"about":[{"href":"https:\/\/pmi.ro\/en\/wp-json\/wp\/v2\/types\/page"}],"author":[{"embeddable":true,"href":"https:\/\/pmi.ro\/en\/wp-json\/wp\/v2\/users\/2"}],"replies":[{"embeddable":true,"href":"https:\/\/pmi.ro\/en\/wp-json\/wp\/v2\/comments?post=619"}],"version-history":[{"count":0,"href":"https:\/\/pmi.ro\/en\/wp-json\/wp\/v2\/pages\/619\/revisions"}],"up":[{"embeddable":true,"href":"https:\/\/pmi.ro\/en\/wp-json\/wp\/v2\/pages\/322"}],"wp:attachment":[{"href":"https:\/\/pmi.ro\/en\/wp-json\/wp\/v2\/media?parent=619"}],"curies":[{"name":"wp","href":"https:\/\/api.w.org\/{rel}","templated":true}]}}