{"id":739,"date":"2021-10-12T06:00:48","date_gmt":"2021-10-12T06:00:48","guid":{"rendered":"https:\/\/pmi.ro\/?page_id=739"},"modified":"2025-10-28T12:03:38","modified_gmt":"2025-10-28T10:03:38","slug":"become-mentor","status":"publish","type":"page","link":"https:\/\/pmi.ro\/en\/involvement\/become-mentor\/?lang=en","title":{"rendered":"Become a mentor!"},"content":{"rendered":"<section class=\"section\" id=\"section_1668724611\">\n\t\t<div class=\"section-bg fill\" >\n\t\t\t\t\t\t\t\t\t\n\t\t\t\n\n\t\t<\/div>\n\n\t\t\n\n\t\t<div class=\"section-content relative\">\n\t\t\t\n\t<div id=\"gap-1820894912\" class=\"gap-element clearfix\" style=\"display:block; height:auto;\">\n\t\t\n<style>\n#gap-1820894912 {\n  padding-top: 30px;\n}\n<\/style>\n\t<\/div>\n\t\n<div class=\"row row-large\"  id=\"row-558709781\">\n\n\t<div id=\"col-1559893447\" class=\"col medium-12 small-12 large-6\"  >\n\t\t\t\t<div class=\"col-inner\"  >\n\t\t\t\n\t\t\t\n\t<div id=\"text-1504575073\" class=\"text\">\n\t\t\n<h2>Become a mentor!<\/h2>\n\t\t\n<style>\n#text-1504575073 {\n  font-size: 1.5rem;\n}\n<\/style>\n\t<\/div>\n\t\n<p>PMI Romania Chapter wants to offer a mentoring program in which chapter members are partners with certified professionals dedicated to receiving individual attention and guidance related to career aspirations, professional development and networks, as well as to obtain valuable information about project management certification.<\/p>\n<p>PMI Romania Chapter mentoring program will take place in two rounds according to these <a href=\"https:\/\/pmi.ro\/wp-content\/uploads\/2025\/10\/MENTORING-PROGRAM-2.pdf\" target=\"_blank\" rel=\"noopener\">rules<\/a>.<\/p>\n<p>First round: March 15th, 2025 \u2013 July 15th, 2025<\/p>\n<p>Second round: November 15th, 2025 \u2013 April 15th, 2026<\/p>\n<p>We wish success to the mentors and disciples who have enrolled in this program. <\/p>\n\t\t<\/div>\n\t\t\t\t\t<\/div>\n\n\t\n\n\t<div id=\"col-964472344\" class=\"col medium-12 small-12 large-6\"  >\n\t\t\t\t<div class=\"col-inner\"  >\n\t\t\t\n\t\t\t\n\n\t\t<div class=\"icon-box featured-box icon-box-left text-left\"  >\n\t\t\t\t\t<div class=\"icon-box-img\" style=\"width: 50px\">\n\t\t\t\t<div class=\"icon\">\n\t\t\t\t\t<div class=\"icon-inner\" >\n\t\t\t\t\t\t<img loading=\"lazy\" decoding=\"async\" width=\"120\" height=\"120\" src=\"https:\/\/pmi.ro\/wp-content\/uploads\/2021\/10\/stack-line.png\" class=\"attachment-medium size-medium\" alt=\"\" srcset=\"https:\/\/pmi.ro\/wp-content\/uploads\/2021\/10\/stack-line.png 120w, https:\/\/pmi.ro\/wp-content\/uploads\/2021\/10\/stack-line-100x100.png 100w\" sizes=\"auto, (max-width: 120px) 100vw, 120px\" \/>\t\t\t\t\t<\/div>\n\t\t\t\t<\/div>\n\t\t\t<\/div>\n\t\t\t\t<div class=\"icon-box-text last-reset\">\n\t\t\t\t\t\t\t\t\t\n<h3>Objectives<\/h3>\n<p>The mentoring program aims to develop the project management skills of the mentoring, as well as to support career development. The aims and objectives of the Mentor-Mentee relationship: <\/p>\n<ul>\n<li>Establishing the practice of individual mentoring<\/li>\n<li>Contributed to the individual development of the participants by developing the set of empathic skills<\/li>\n<li>Supporting the development of talent triangle skills<\/li>\n<li>Providing opportunities for professional network development and earning PDUs<\/li>\n<\/ul>\n\t<div id=\"gap-45853737\" class=\"gap-element clearfix\" style=\"display:block; height:auto;\">\n\t\t\n<style>\n#gap-45853737 {\n  padding-top: 30px;\n}\n<\/style>\n\t<\/div>\n\t\n\t\t<\/div>\n\t<\/div>\n\t\n\t\n\t\t<\/div>\n\t\t\t\t\t<\/div>\n\n\t\n<\/div>\n<div class=\"row row-large\"  id=\"row-1250994864\">\n\n\t<div id=\"col-124840572\" class=\"col medium-12 small-12 large-6\"  >\n\t\t\t\t<div class=\"col-inner\"  >\n\t\t\t\n\t\t\t\n\n\t\t<div class=\"icon-box featured-box icon-box-left text-left\"  >\n\t\t\t\t\t<div class=\"icon-box-img\" style=\"width: 50px\">\n\t\t\t\t<div class=\"icon\">\n\t\t\t\t\t<div class=\"icon-inner\" >\n\t\t\t\t\t\t<img loading=\"lazy\" decoding=\"async\" width=\"120\" height=\"120\" src=\"https:\/\/pmi.ro\/wp-content\/uploads\/2021\/10\/account-circle-line-2.png\" class=\"attachment-medium size-medium\" alt=\"\" srcset=\"https:\/\/pmi.ro\/wp-content\/uploads\/2021\/10\/account-circle-line-2.png 120w, https:\/\/pmi.ro\/wp-content\/uploads\/2021\/10\/account-circle-line-2-100x100.png 100w\" sizes=\"auto, (max-width: 120px) 100vw, 120px\" \/>\t\t\t\t\t<\/div>\n\t\t\t\t<\/div>\n\t\t\t<\/div>\n\t\t\t\t<div class=\"icon-box-text last-reset\">\n\t\t\t\t\t\t\t\t\t\n<h3>The role of the mentor<\/h3>\n<p>A fi mentor ofer\u0103 o oportunitate pentru practicienii din managementul proiectelor de a-\u0219i \u00eemp\u0103rt\u0103\u0219i cuno\u0219tin\u021bele, abilit\u0103\u021bile \u0219i experien\u021ba unor oameni afla\u021bi la \u00eenceput de drum \u00een domeniul managementului de proiecte. Mentorul va ac\u021biona ca un model pentru a ajuta un discipol \u00een dezvoltarea sa personal\u0103 \u0219i profesional\u0103, \u00eemp\u0103rt\u0103\u0219ind cuno\u0219tin\u021be, ajut\u00e2nd la clarificarea parcursului \u00een carier\u0103 \u0219i la atingerea obiectivelor. Programul ofer\u0103 o oportunitate mentorilor de a-\u0219i dezvolta propriul stil de mentorat \u0219i abilit\u0103\u021bi u\u0219oare stabilite \u00een acela\u0219i timp cu influen\u021barea noii genera\u021bii de manageri de proiect.  <\/p>\n\t\t<\/div>\n\t<\/div>\n\t\n\t\n\t<div id=\"gap-213664658\" class=\"gap-element clearfix\" style=\"display:block; height:auto;\">\n\t\t\n<style>\n#gap-213664658 {\n  padding-top: 30px;\n}\n<\/style>\n\t<\/div>\n\t\n\n\t\t<div class=\"icon-box featured-box icon-box-left text-left\"  >\n\t\t\t\t\t<div class=\"icon-box-img\" style=\"width: 50px\">\n\t\t\t\t<div class=\"icon\">\n\t\t\t\t\t<div class=\"icon-inner\" >\n\t\t\t\t\t\t<img loading=\"lazy\" decoding=\"async\" width=\"120\" height=\"120\" src=\"https:\/\/pmi.ro\/wp-content\/uploads\/2021\/10\/stack-line.png\" class=\"attachment-medium size-medium\" alt=\"\" srcset=\"https:\/\/pmi.ro\/wp-content\/uploads\/2021\/10\/stack-line.png 120w, https:\/\/pmi.ro\/wp-content\/uploads\/2021\/10\/stack-line-100x100.png 100w\" sizes=\"auto, (max-width: 120px) 100vw, 120px\" \/>\t\t\t\t\t<\/div>\n\t\t\t\t<\/div>\n\t\t\t<\/div>\n\t\t\t\t<div class=\"icon-box-text last-reset\">\n\t\t\t\t\t\t\t\t\t\n<h3>Eligibility criteria and responsibilities of mentors<\/h3>\n<ul>\n<li>Active member of the PMI Romania Chapter<\/li>\n<li>Holding a certification recognized by PMI<\/li>\n<li>Participation in person or online in monthly meetings (3 to 6 meetings for 1-2 hours during the cycle)<\/li>\n<li>Providing advice and encouragement for the mentee<\/li>\n<li>Completing the survey at the end of the mentoring cycle<\/li>\n<\/ul>\n\t\t<\/div>\n\t<\/div>\n\t\n\t\n\t\t<\/div>\n\t\t\t\t\t<\/div>\n\n\t\n\n\t<div id=\"col-469378829\" class=\"col medium-12 small-12 large-6\"  >\n\t\t\t\t<div class=\"col-inner\"  >\n\t\t\t\n\t\t\t\n\n\t\t<div class=\"icon-box featured-box icon-box-left text-left\"  >\n\t\t\t\t\t<div class=\"icon-box-img\" style=\"width: 50px\">\n\t\t\t\t<div class=\"icon\">\n\t\t\t\t\t<div class=\"icon-inner\" >\n\t\t\t\t\t\t<img loading=\"lazy\" decoding=\"async\" width=\"120\" height=\"120\" src=\"https:\/\/pmi.ro\/wp-content\/uploads\/2021\/10\/account-circle-line-2.png\" class=\"attachment-medium size-medium\" alt=\"\" srcset=\"https:\/\/pmi.ro\/wp-content\/uploads\/2021\/10\/account-circle-line-2.png 120w, https:\/\/pmi.ro\/wp-content\/uploads\/2021\/10\/account-circle-line-2-100x100.png 100w\" sizes=\"auto, (max-width: 120px) 100vw, 120px\" \/>\t\t\t\t\t<\/div>\n\t\t\t\t<\/div>\n\t\t\t<\/div>\n\t\t\t\t<div class=\"icon-box-text last-reset\">\n\t\t\t\t\t\t\t\t\t\n<h3>The role of the mentee<\/h3>\n<p>Being a mentee is an opportunity to experience, understand, and learn from a professional with established experience in the field of project management. The one-on-one mentor-disciple relationship offers <\/span> each participant the opportunity to receive individual attention and guidance tailored to their personal needs and aspirations.<\/p>\n\t\t<\/div>\n\t<\/div>\n\t\n\t\n\t<div id=\"gap-991958464\" class=\"gap-element clearfix\" style=\"display:block; height:auto;\">\n\t\t\n<style>\n#gap-991958464 {\n  padding-top: 150px;\n}\n<\/style>\n\t<\/div>\n\t\n\n\t\t<div class=\"icon-box featured-box icon-box-left text-left\"  >\n\t\t\t\t\t<div class=\"icon-box-img\" style=\"width: 50px\">\n\t\t\t\t<div class=\"icon\">\n\t\t\t\t\t<div class=\"icon-inner\" >\n\t\t\t\t\t\t<img loading=\"lazy\" decoding=\"async\" width=\"120\" height=\"120\" src=\"https:\/\/pmi.ro\/wp-content\/uploads\/2021\/10\/stack-line.png\" class=\"attachment-medium size-medium\" alt=\"\" srcset=\"https:\/\/pmi.ro\/wp-content\/uploads\/2021\/10\/stack-line.png 120w, https:\/\/pmi.ro\/wp-content\/uploads\/2021\/10\/stack-line-100x100.png 100w\" sizes=\"auto, (max-width: 120px) 100vw, 120px\" \/>\t\t\t\t\t<\/div>\n\t\t\t\t<\/div>\n\t\t\t<\/div>\n\t\t\t\t<div class=\"icon-box-text last-reset\">\n\t\t\t\t\t\t\t\t\t\n<h3>Eligibility criteria and learners\u2019 responsibilities<\/h3>\n<ul>\n<li>Active member of the PMI Romania Chapter<\/li>\n<li>Participation in person or online in monthly meetings (3 to 6 meetings for 1-2 hours during the cycle)<\/li>\n<li>Active participation in the relationship led by mentors, coordinating the meeting and preparing the topics for discussion<\/li>\n<li>Completing the survey at the end of the mentoring cycle<\/li>\n<\/ul>\n\t\t<\/div>\n\t<\/div>\n\t\n\t\n\t\t<\/div>\n\t\t\t\t\t<\/div>\n\n\t\n<\/div>\n<div class=\"message-box relative\" style=\"padding-top:15px;padding-bottom:15px;\"><div class=\"message-box-bg-image bg-fill fill\" ><\/div><div class=\"message-box-bg-overlay bg-fill fill\" ><\/div><div class=\"container relative\"><div class=\"inner last-reset\">\n<div class=\"row align-middle align-center\"  id=\"row-1659211501\">\n\n\t<div id=\"col-864252525\" class=\"col medium-9 small-12 large-9\"  >\n\t\t\t\t<div class=\"col-inner\"  >\n\t\t\t\n\t\t\t\n<h3>For further details, please do not hesitate to contact us!<\/h3>\n\t\t<\/div>\n\t\t\t\t\t<\/div>\n\n\t\n\n\t<div id=\"col-1212875055\" class=\"col medium-2 small-12 large-2\"  >\n\t\t\t\t<div class=\"col-inner text-center\"  >\n\t\t\t\n\t\t\t\n<a href=\"https:\/\/pmi.ro\/en\/contact\/?lang=en\" class=\"button white is-outline\" style=\"border-radius:99px;\">\n\t\t<span>CONTACT<\/span>\n\t<\/a>\n\n\t\t<\/div>\n\t\t\t\t\t<\/div>\n\n\t\n<\/div>\n<\/div><\/div><\/div>\n\t\t<\/div>\n\n\t\t\n<style>\n#section_1668724611 {\n  padding-top: 30px;\n  padding-bottom: 30px;\n}\n<\/style>\n\t<\/section>","protected":false},"excerpt":{"rendered":"","protected":false},"author":2,"featured_media":0,"parent":732,"menu_order":0,"comment_status":"closed","ping_status":"closed","template":"","meta":{"footnotes":""},"class_list":["post-739","page","type-page","status-publish","hentry"],"_links":{"self":[{"href":"https:\/\/pmi.ro\/en\/wp-json\/wp\/v2\/pages\/739","targetHints":{"allow":["GET"]}}],"collection":[{"href":"https:\/\/pmi.ro\/en\/wp-json\/wp\/v2\/pages"}],"about":[{"href":"https:\/\/pmi.ro\/en\/wp-json\/wp\/v2\/types\/page"}],"author":[{"embeddable":true,"href":"https:\/\/pmi.ro\/en\/wp-json\/wp\/v2\/users\/2"}],"replies":[{"embeddable":true,"href":"https:\/\/pmi.ro\/en\/wp-json\/wp\/v2\/comments?post=739"}],"version-history":[{"count":5,"href":"https:\/\/pmi.ro\/en\/wp-json\/wp\/v2\/pages\/739\/revisions"}],"predecessor-version":[{"id":999128,"href":"https:\/\/pmi.ro\/en\/wp-json\/wp\/v2\/pages\/739\/revisions\/999128"}],"up":[{"embeddable":true,"href":"https:\/\/pmi.ro\/en\/wp-json\/wp\/v2\/pages\/732"}],"wp:attachment":[{"href":"https:\/\/pmi.ro\/en\/wp-json\/wp\/v2\/media?parent=739"}],"curies":[{"name":"wp","href":"https:\/\/api.w.org\/{rel}","templated":true}]}}