{"id":999291,"date":"2026-04-08T12:57:43","date_gmt":"2026-04-08T09:57:43","guid":{"rendered":"https:\/\/pmi.ro\/politica-date-personale\/"},"modified":"2026-04-08T12:57:43","modified_gmt":"2026-04-08T09:57:43","slug":"politica-date-personale","status":"publish","type":"page","link":"https:\/\/pmi.ro\/en\/politica-date-personale\/","title":{"rendered":"Politica date personale"},"content":{"rendered":"<h1 style=\"text-align: center;\">Politica Date Personale<\/h1>\n<p>Confiden\u021bialitatea datelor dumneavoastr\u0103 cu caracter personal reprezint\u0103 una dintre preocup\u0103rile principale ale ASOCIA\u021aIEI PROJECT MANAGEMENT INSTITUTE ROMANIA CHAPTER, \u00een calitate de operator de date.<\/p>\n<p>ASOCIA\u021aIA PROJECT MANAGEMENT INSTITUTE ROMANIA CHAPTER este r\u0103spunz\u0103toare de aceste date cu caracter personal pe care ni le furniza\u021bi potrivit Regulamentului nr. 679 din 27 aprilie 2016 al Parlamentului European \u015fi Consiliului Uniunii Europene privind protec\u021bia persoanelor fizice \u00een ceea ce prive\u0219te prelucrarea datelor cu caracter personal \u015fi privind libera circula\u021bie a acestor date \u015fi de abrogare a Directivei 95\/46\/CE.<\/p>\n<p>Prezentul document are rolul de a v\u0103 informa cu privire la prelucrarea datelor dumneavoastr\u0103 cu caracter personal, \u00een contextul utiliz\u0103rii paginii de internet <a href=\"https:\/\/pmiro-wp-hwf2bxbuabb0eyhs.germanywestcentral-01.azurewebsites.net\/\">www.pmi.ro<\/a>. (\u201eSite-ul\u201d) <\/p>\n<h5>Categoriile de date cu caracter personal prelucrate:<\/h5>\n<p>1.Dac\u0103 sunte\u021bi client al Site-ului, ASOCIA\u021aIA PROJECT MANAGEMENT INSTITUTE ROMANIA CHAPTER va prelucra datele dumneavoastr\u0103 cu caracter personal, cum ar fi nume \u015fi prenume, telefon, adresa de e-mail, adresa de facturare, adresa de livrare, date referitoare la modul \u00een care utiliza\u021bi Site-ul, de exemplu comportamentul\/preferin\u0163ele\/obi\u015fnuin\u021bele dumneavoastr\u0103 \u00een cadrul <a href=\"https:\/\/pmiro-wp-hwf2bxbuabb0eyhs.germanywestcentral-01.azurewebsites.net\/\">www.pmi.ro<\/a>, precum \u0219i orice alte categorii de date pe care le furniza\u021bi \u00een mod direct \u00een contextul cre\u0103rii contului de utilizator, \u00een contextul plas\u0103rii unei comenzi prin intermediul site-ului sau \u00een orice alt mod care rezult\u0103 din utilizarea Site-ului.<\/p>\n<p>\u00cen cazul \u00een care alege\u021bi s\u0103 v\u0103 crea\u021bi cont de utilizator doar \u00eenainte de a finaliza comanda unui produs disponibil pe Site, se va solicita adresa dumneavoastr\u0103 de e-mail \u00een baza c\u0103reia va fi creat automat un cont. \u00cen cazul \u00een care nu finaliza\u021bi comanda, adresa de e-mail \u0219i celelalte date furnizate nu vor fi stocate de ASOCIA\u021aIA PROJECT MANAGEMENT INSTITUTE ROMANIA CHAPTER, necre\u00e2ndu-se un cont. <\/p>\n<p>2. Dac\u0103 sunte\u021bi vizitator al Site-ului, ASOCIA\u021aIA PROJECT MANAGEMENT INSTITUTE ROMANIA CHAPTER va prelucra datele dumneavoastr\u0103 cu caracter personal pe care le furniza\u021bi \u00een mod direct \u00een contextul utiliz\u0103rii Site-ului, cum ar fi datele pe care le furniza\u021bi \u00een cadrul sec\u021biunii de contact\/\u00eentreb\u0103ri\/reclama\u021bii, \u00een m\u0103sura \u00een care ne contacta\u021bi \u00een acest fel.<\/p>\n<h5>Scopurile \u0219i temeiurile prelucr\u0103rii:<\/h5>\n<p>1. Dac\u0103 sunte\u021bi client al Site-ului, ASOCIA\u021aIA PROJECT MANAGEMENT INSTITUTE ROMANIA CHAPTER prelucreaz\u0103 datele dumneavoastr\u0103 cu caracter personal astfel:<\/p>\n<ul>\n<li>pentru desf\u0103\u0219urarea rela\u021biei contractuale dintre dumneavoastr\u0103 \u015fi ASOCIA\u021aIA PROJECT MANAGEMENT INSTITUTE ROMANIA CHAPTER, respectiv pentru preluarea, validarea, expedierea \u015fi facturarea comenzii plasate pe Site, informarea dumneavoastr\u0103 asupra st\u0103rii comenzii, organizarea returului de produse comandate etc.<\/li>\n<\/ul>\n<p> <strong> TEMEI: <\/strong> Prelucrarea datelor dumneavoastr\u0103 \u00een acest scop are la baz\u0103 contractul \u00eencheiat \u00eentre dumneavoastr\u0103 \u0219i ASOCIA\u021aIA PROJECT MANAGEMENT INSTITUTE ROMANIA CHAPTER, definit \u00een cuprinsul Termenelor \u0219i Condi\u021biilor. Furnizarea datelor dumneavoastr\u0103 cu caracter personal este necesar\u0103 pentru executarea acestui contract. Refuzul furniz\u0103rii datelor poate avea drept consecin\u021b\u0103 imposibilitatea derul\u0103rii raporturilor contractuale dintre dumneavoastr\u0103 \u0219i ASOCIA\u021aIA PROJECT MANAGEMENT INSTITUTE ROMANIA CHAPTER.  <\/p>\n<ul>\n<li>pentru \u00eendeplinirea obliga\u021biilor legale care incumb\u0103 ASOCIA\u021aIA PROJECT MANAGEMENT INSTITUTE ROMANIA CHAPTER \u00een contextul serviciilor prestate prin intermediul Site-ului, inclusiv a obliga\u021biilor \u00een materie fiscal\u0103, precum \u0219i \u00een materie de arhivare.<\/li>\n<\/ul>\n<p><strong>TEMEI :<\/strong> Prelucrarea datelor dumneavoastr\u0103 pentru acest scop este necesar\u0103 \u00een baza unor obliga\u021bii legale. Furnizarea datelor dumneavoastr\u0103 \u00een acest scop este necesar\u0103. Refuzul furniz\u0103rii datelor poate avea drept consecin\u021b\u0103 imposibilitatea ASOCIA\u021aIA PROJECT MANAGEMENT INSTITUTE ROMANIA CHAPTER de a respecta obliga\u021biile legale care \u00eei revin \u0219i deci \u00een imposibilitatea de a v\u0103 oferi serviciile prin intermediul Site-ului.  <\/p>\n<ul>\n<li>pentru activit\u0103\u0163i de marketing, respectiv pentru transmiterea, prin intermediul mijloacelor de comunicare la distan\u0163\u0103 (e-mail, sms) de comunic\u0103ri comerciale privind produsele \u015fi serviciile oferite de ASOCIA\u021aIA PROJECT MANAGEMENT INSTITUTE ROMANIA CHAPTER, prin intermediul Site-ului.<\/li>\n<\/ul>\n<p><strong>Temei<\/strong>: Prelucrarea datelor dumneavoastr\u0103 pentru acest scop are la baz\u0103 consim\u021b\u0103m\u00e2ntul dumneavoastr\u0103, dac\u0103 alege\u021bi s\u0103-l furniza\u021bi.<\/p>\n<p>V\u0103 pute\u021bi exprima consim\u021b\u0103m\u00e2ntul pentru prelucrarea datelor \u00een acest scop prin bifarea c\u0103su\u021bei corespunz\u0103toare de la momentul cre\u0103rii contului, sau ulterior cre\u0103rii contului, la sec\u021biunea Informa\u021biile contului meu. Pentru dezabonarea de la primirea unor astfel de comunic\u0103ri comerciale pute\u021bi folosi op\u0163iunea de la finalul fiec\u0103rui e-mail\/sms con\u0163in\u00e2nd comunic\u0103ri comerciale. \u00cen plus, pute\u021bi s\u0103 v\u0103 dezabona\u021bi prin accesarea sec\u021biunii Informa\u021biile contului meu.  <\/p>\n<p>Furnizarea datelor dumneavoastr\u0103 \u00een acest scop este voluntar\u0103. Refuzul furniz\u0103rii consim\u021b\u0103m\u00e2ntului pentru prelucrarea datelor dumneavoastr\u0103 \u00een acest scop nu va avea urm\u0103ri negative pentru dumneavoastr\u0103. <\/p>\n<ul>\n<li>\u00een scopul efectu\u0103rii diverselor analize, raport\u0103ri privind modul de func\u021bionare a Site-ului, realizarea de profiluri de preferin\u0163e de consum, \u00een principal, \u00een vederea \u00eembun\u0103t\u0103\u0163irii experien\u021bei oferite pe Site.<\/li>\n<\/ul>\n<p><strong>Temei:<\/strong> Prelucrarea datelor dumneavoastr\u0103 pentru acest scop are la baz\u0103 interesul legitim al ASOCIA\u021aIA PROJECT MANAGEMENT INSTITUTE ROMANIA CHAPTER de a \u00eembun\u0103t\u0103\u021bi permanent experien\u021ba clien\u021bilor pe Site. Furnizarea datelor dumneavoastr\u0103 \u00een acest scop este voluntar\u0103. Refuzul furniz\u0103rii datelor pentru acest scop nu va avea urm\u0103ri negative pentru dumneavoastr\u0103.  <\/p>\n<p>2. Dac\u0103 sunte\u021bi vizitator al Site-ului, ASOCIA\u021aIA PROJECT MANAGEMENT INSTITUTE ROMANIA CHAPTER prelucreaz\u0103 datele dumneavoastr\u0103 cu caracter personal astfel:<\/p>\n<ul>\n<li>pentru activit\u0103\u0163i de marketing, respectiv pentru transmiterea, prin intermediul mijloacelor de comunicare la distan\u0163\u0103 (e-mail, sms), de comunic\u0103ri comerciale privind produsele \u015fi serviciile oferite de ASOCIA\u021aIA PROJECT MANAGEMENT INSTITUTE ROMANIA CHAPTER, prin intermediul Site-ului.<\/li>\n<\/ul>\n<p><strong>Temei<\/strong>: Prelucrarea datelor dumneavoastr\u0103 pentru acest scop are la baz\u0103 consim\u021b\u0103m\u00e2ntul dumneavoastr\u0103, dac\u0103 alege\u021bi s\u0103-l furniza\u021bi.<\/p>\n<p>V\u0103 pute\u021bi exprima consim\u021b\u0103m\u00e2ntul pentru prelucrarea datelor \u00een acest scop prin completarea \u0219i bifarea c\u0103su\u021bei corespunz\u0103toare din formularul pentru abonarea la newsletter disponibil pe Site. Pentru dezabonarea de la primirea unor astfel de comunic\u0103ri comerciale v\u0103 pute\u021bi autentifica pe website-ul nostru <a href=\"https:\/\/pmiro-wp-hwf2bxbuabb0eyhs.germanywestcentral-01.azurewebsites.net\/\">www.pmi.ro<\/a> \u0219i g\u0103si\u021bi la pagina Informa\u021biile contului meu, subpagina de Abonare\/Dezabonare newsletter. <\/p>\n<p>Furnizarea datelor dumneavoastr\u0103 \u00een acest scop este voluntar\u0103. Refuzul furniz\u0103rii consim\u021b\u0103m\u00e2ntului pentru prelucrarea datelor dumneavoastr\u0103 \u00een acest scop nu va avea urm\u0103ri negative pentru dumneavoastr\u0103. <\/p>\n<ul>\n<li>pentru rezolvarea pl\u00e2ngerilor, reclama\u0163iilor \u015fi pentru a monitoriza traficul \u0219i a \u00eembun\u0103t\u0103\u0163i experien\u021ba dumneavoastr\u0103 oferit\u0103 pe Site.<\/li>\n<\/ul>\n<p><strong>Temei:<\/strong> Prelucrarea datelor dumneavoastr\u0103 pentru acest scop are la baz\u0103 interesul legitim al ASOCIA\u021aIA PROJECT MANAGEMENT INSTITUTE ROMANIA CHAPTER de a asigura func\u021bionarea corect\u0103 a Site-ului, precum \u0219i pentru a \u00eembun\u0103t\u0103\u021bi permanent experien\u021ba vizitatorilor Site-ului, inclusiv prin solu\u021bionarea diferitelor comentarii, \u00eentreb\u0103ri sau reclama\u021bii.<\/p>\n<p>Furnizarea datelor dumneavoastr\u0103 \u00een acest scop este voluntar\u0103. Refuzul furniz\u0103rii datelor pentru acest scop nu va avea urm\u0103ri negative pentru dumneavoastr\u0103. <\/p>\n<h5>Durata pentru care v\u0103 prelucr\u0103m datele<\/h5>\n<p>Ca principiu, ASOCIA\u021aIA PROJECT MANAGEMENT INSTITUTE ROMANIA CHAPTER va prelucra datele dumneavoastr\u0103 cu caracter personal at\u00e2t c\u00e2t este necesar pentru realizarea scopurilor de prelucrare men\u021bionate mai sus.<\/p>\n<p>\u00cen cazul \u00een care sunte\u021bi client, vom prelucra datele dumneavoastr\u0103 pe \u00eentreaga durat\u0103 a raporturilor contractuale \u0219i ulterior conform obliga\u0163iilor legale care revin \u00een sarcina ASOCIA\u021aIA PROJECT MANAGEMENT INSTITUTE ROMANIA CHAPTER.<\/p>\n<p>Datele prelucrate \u00een scop de marketing vor fi prelucrate pe durata de func\u021bionare a societ\u0103\u021bii sau p\u00e2n\u0103 la exercitarea dreptului de opozi\u021bie de c\u0103tre dumneavoastr\u0103.<\/p>\n<p>Dac\u0103 v\u0103 retrage\u021bi consim\u021b\u0103m\u00e2ntul pentru prelucrarea datelor \u00een scop de marketing, ASOCIA\u021aIA PROJECT MANAGEMENT INSTITUTE ROMANIA CHAPTER va \u00eenceta prelucrarea datelor dumneavoastr\u0103 cu caracter personal \u00een acest scop, f\u0103r\u0103 \u00eens\u0103 a afecta prelucr\u0103rile desf\u0103\u0219urate de ASOCIA\u021aIA PROJECT MANAGEMENT INSTITUTE ROMANIA CHAPTER pe baza consim\u021b\u0103m\u00e2ntului exprimat de c\u0103tre dumneavoastr\u0103 \u00eenainte de retragerea acestuia.<\/p>\n<h5>Dezv\u0103luirea datelor cu caracter personal<\/h5>\n<p>Pentru \u00eendeplinirea scopurilor de prelucrare, ASOCIA\u021aIA PROJECT MANAGEMENT INSTITUTE ROMANIA CHAPTER poate dezv\u0103lui datele dumneavoastr\u0103 c\u0103tre parteneri, c\u0103tre ter\u021be persoane sau entit\u0103\u021bi care sprijin\u0103 de\u021bin\u0103torul website-ului \u00een desf\u0103\u0219urarea activit\u0103\u021bii prin intermediul Site-ului (de exemplu firme de curierat, furnizori de servicii IT), ori c\u0103tre autorit\u0103\u021bile publice centrale\/locale, \u00een urm\u0103toarele cazuri exemplificativ enumerate:<\/p>\n<ul>\n<li>pentru administrarea Site-ului;<\/li>\n<li>\u00een situa\u021biile \u00een care aceast\u0103 comunicare ar fi necesar\u0103 pentru atribuirea de premii sau alte facilit\u0103\u021bi persoanelor vizate, ob\u021binute ca urmare a particip\u0103rii lor la diverse campanii organizate de c\u0103tre ASOCIA\u021aIA PROJECT MANAGEMENT INSTITUTE ROMANIA CHAPTER prin intermediul Site-ului;<\/li>\n<li>pentru men\u021binerea, personalizarea \u0219i \u00eembun\u0103t\u0103\u021birea Site-ului \u0219i a serviciilor derulate prin intermediul lui;<\/li>\n<li>pentru efectuarea analizei datelor, testarea \u0219i cercetarea, monitorizarea tendin\u021belor de utilizare \u0219i activitate, dezvoltarea caracteristicilor de siguran\u021b\u0103 \u0219i autentificarea utilizatorilor;<\/li>\n<li>pentru transmiterea de comunic\u0103ri comerciale de marketing, \u00een condi\u021biile \u0219i limitele prev\u0103zute de lege;<\/li>\n<li>atunci c\u00e2nd dezv\u0103luirea datelor cu caracter personal este prev\u0103zut\u0103 de lege etc.<\/li>\n<\/ul>\n<h5>Transferul datelor cu caracter personal<\/h5>\n<p>Datele cu caracter personal furnizate c\u0103tre ASOCIA\u021aIA PROJECT MANAGEMENT INSTITUTE ROMANIA CHAPTER nu vor fi transferate \u00een afara Rom\u00e2niei.<\/p>\n<h5>Drepturile de care beneficia\u021bi<\/h5>\n<p>\u00cen condi\u021biile prev\u0103zute de legisla\u021bia \u00een materia prelucr\u0103rii datelor cu caracter personal, \u00een calitate de persoane vizate, beneficia\u021bi de urm\u0103toarele drepturi:<\/p>\n<ul>\n<li style=\"list-style-type: none;\">\n<ul>\n<li>dreptul la informare, respectiv dreptul de a primi detalii privind activit\u0103\u021bile de prelucrare efectuate de c\u0103tre ASOCIA\u021aIA PROJECT MANAGEMENT INSTITUTE ROMANIA CHAPTER, conform celor descrise \u00een prezentul document;<\/li>\n<li>dreptul de acces la date, respectiv dreptul de a ob\u021bine confirmarea din partea ASOCIA\u021aIA PROJECT MANAGEMENT INSTITUTE ROMANIA CHAPTER cu privire la prelucrarea datelor cu caracter personal, precum \u0219i detalii privind activit\u0103\u021bile de prelucrare precum modalitatea \u00een care sunt prelucrate datele, scopul \u00een care se face prelucrarea, destinatarii sau categoriile de destinatari ai datelor, etc;<\/li>\n<li>dreptul la rectificare, respectiv dreptul de a ob\u021bine corectarea, f\u0103r\u0103 \u00eent\u00e2rzieri justificate, de c\u0103tre ASOCIA\u021aIA PROJECT MANAGEMENT INSTITUTE ROMANIA CHAPTER a datelor cu caracter personal inexacte\/nejustificate, precum \u0219i completarea datelor incomplete; Rectificarea\/ completarea va fi comunicat\u0103 fiec\u0103rui destinatar la care au fost transmise datele, cu excep\u021bia cazului \u00een care acest lucru se dovede\u0219te imposibil sau presupune eforturi dispropor\u021bionate.<\/li>\n<li>dreptul la \u0219tergerea datelor, f\u0103r\u0103 \u00eent\u00e2rzieri nejustificate, (\u201edreptul de a fi uitat\u201d), \u00een cazul \u00een care se aplic\u0103 unul dintre urm\u0103toarele motive:\n<ul>\n<li>acestea nu mai sunt necesare pentru \u00eendeplinirea scopurilor pentru care au fost colectate sau prelucrate;<\/li>\n<li>\u00een cazul \u00een care este retras consim\u021b\u0103m\u00e2ntul \u0219i nu exist\u0103 niciun alt temei juridic pentru prelucrare;<\/li>\n<li>\u00een cazul \u00een care persoana vizat\u0103 se opune prelucr\u0103rii \u0219i nu exist\u0103 motive legitime care s\u0103 prevaleze;<\/li>\n<li>\u00een cazul \u00een care datele cu caracter personal au fost prelucrate ilegal;<\/li>\n<li>\u00een cazul \u00een care datele cu caracter personal trebuie \u0219terse pentru respectarea unei obliga\u021bii legale;<\/li>\n<li>datele cu caracter personal au fost colectate \u00een leg\u0103tur\u0103 cu oferirea de servicii ale societ\u0103\u021bii informa\u021bionale conform dreptului Uniunii sau al dreptului intern sub incidenta c\u0103ruia se afl\u0103 operatorul.<\/li>\n<\/ul>\n<\/li>\n<\/ul>\n<\/li>\n<\/ul>\n<p>Este posibil ca, \u00een urma solicit\u0103rii de \u0219tergere a datelor, ASOCIA\u021aIA PROJECT MANAGEMENT INSTITUTE ROMANIA CHAPTER s\u0103 anonimizeze aceste date (lipsindu-le astfel de caracterul personal) \u0219i s\u0103 continue \u00een aceste condi\u021bii prelucrarea pentru scopuri statistice;<\/p>\n<ul>\n<li>dreptul la restric\u021bionarea prelucr\u0103rii \u00een m\u0103sura \u00een care :\n<ul>\n<li>persoana contest\u0103 exactitatea datelor, pe o perioad\u0103 care ne permite verificarea corectitudinii datelor;<\/li>\n<li>prelucrarea este ilegal\u0103, iar persoana vizat\u0103 se opune \u0219tergerii datelor cu caracter personal, solicit\u00e2nd \u00een schimb restric\u021bionarea utiliz\u0103rii lor;<\/li>\n<li>operatorul nu mai are nevoie de datele cu caracter personal \u00een scopul prelucr\u0103rii, dar persoana vizat\u0103 i le solicit\u0103 pentru constatarea, exercitarea sau ap\u0103rarea unui drept \u00een instan\u021b\u0103; sau<\/li>\n<li>persoana vizat\u0103 s-a opus prelucr\u0103rii (altele dec\u00e2t cele de marketing direct), pentru intervalul de timp \u00een care se verific\u0103 dac\u0103 drepturile legitime ale operatorului prevaleaz\u0103 asupra celor ale persoanei vizate.<\/li>\n<\/ul>\n<\/li>\n<li>dreptul la portabilitatea datelor, respectiv (i) dreptul de a primi datele cu caracter personal \u00eentr-o modalitate structurat\u0103, folosit\u0103 \u00een mod obi\u0219nuit \u0219i \u00eentr-un format u\u0219or de citit, precum \u0219i (ii) dreptul ca aceste date s\u0103 fie transmise de c\u0103tre ASOCIA\u021aIA PROJECT MANAGEMENT INSTITUTE ROMANIA CHAPTER c\u0103tre alt operator de date, \u00een m\u0103sura \u00een care sunt \u00eendeplinite condi\u021biile prev\u0103zute de lege;  <\/li>\n<li>dreptul la opozi\u021bie \u2013 \u00een ceea ce prive\u0219te activit\u0103\u021bile de prelucrare se poate exercita prin transmiterea unei solicit\u0103ri conform celor indicate mai jos;\n<ul>\n<li>\u00een orice moment, din motive legate de situa\u021bia particular\u0103 \u00een care se afl\u0103 persoana vizat\u0103, ca datele care o vizeaz\u0103 s\u0103 fie prelucrate \u00een temeiul interesului legitim al ASOCIA\u021aIA PROJECT MANAGEMENT INSTITUTE ROMANIA CHAPTER sau \u00een temeiul interesului public, cu excep\u021bia cazurilor \u00een care ASOCIA\u021aIA PROJECT MANAGEMENT INSTITUTE ROMANIA CHAPTER poate demonstra c\u0103 are motive legitime \u0219i imperioase care justific\u0103 prelucrarea \u0219i care prevaleaz\u0103 asupra intereselor, drepturilor \u0219i libert\u0103\u021bilor persoanelor vizate sau c\u0103 scopul este constatarea, exercitarea sau ap\u0103rarea unui drept \u00een instan\u021b\u0103;<\/li>\n<li>\u00een orice moment, \u00een mod gratuit \u0219i f\u0103r\u0103 nicio justificare, c\u0103 datele care o vizeaz\u0103 s\u0103 fie prelucrate \u00een scop de marketing direct.<\/li>\n<\/ul>\n<\/li>\n<li>dreptul de a nu fi supus unei decizii individuale automate, respectiv dreptul de a nu fi subiectul unei decizii luate numai pe baza unor activit\u0103\u021bi de prelucrare automate, inclusiv crearea de profiluri, care produce efecte juridice care privesc persoana vizat\u0103 sau o afecteaz\u0103 \u00een mod similar \u00eentr-o m\u0103sur\u0103 semnificativ\u0103;<\/li>\n<li>dreptul de a v\u0103 adresa Autorit\u0103\u0163ii Na\u0163ionale de Supraveghere a Prelucr\u0103rii Datelor cu Caracter Personal sau instan\u021belor competente, \u00een m\u0103sura \u00een care considera\u021bi necesar.<\/li>\n<\/ul>\n<p>Pentru orice \u00eentreb\u0103ri suplimentare cu privire la modul \u00een care datele cu caracter personal sunt prelucrate \u0219i pentru a v\u0103 exercita drepturile men\u021bionate mai sus, v\u0103 rug\u0103m s\u0103 v\u0103 adresa\u021bi la adresa de email: <a href=\"mailto:office@pmi.ro\">office@pmi.ro<\/a>.<\/p>\n<h5>Securitatea datelor cu caracter personal<\/h5>\n<p>ASOCIA\u021aIA PROJECT MANAGEMENT INSTITUTE ROMANIA CHAPTER folose\u0219te parole puternice \u0219i d\u0103 acces la servere numai anumitor persoane.<\/p>\n<p>Fiecare utilizator se va loga cu un USER \u0219i o PAROL\u0102. Fiecare utilizator folose\u0219te un nume de utilizator \u0219i o parol\u0103 diferit\u0103 de a celorlal\u021bi utilizatori. Parola fiec\u0103rui utilizator este criptat\u0103, utiliz\u00e2ndu-se un algoritm de criptare. Parolele criptate se \u00eenregistreaz\u0103 \u00eentr-o baz\u0103 de date SQL protejat\u0103 cu parol\u0103. La fiecare logare se \u00eenregistreaz\u0103 numele de utilizator, data \u0219i ora la care s-a f\u0103cut logarea \u00een sistem. La introducerea unei informa\u021bii \u00een baza de date, pe l\u00e2ng\u0103 datele introduse se va \u00eenregistra \u0219i numele utilizatorului, data \u0219i ora la care s-a efectuat aceast\u0103 modificare. Utilizatorii vor avea diferite drepturi de acces: citire, citire-scriere.      <\/p>\n<p>Aceast\u0103 pagin\u0103 de internet folose\u0219te fi\u0219iere de tip cookie (Google Analytics, pixeli Facebook si Google AdWords). Pentru mai multe informa\u021bii cu privire la modul \u00een care se folosesc aceste fi\u0219iere, v\u0103 rug\u0103m s\u0103 consulta\u0163i <a href=\"https:\/\/pmiro-wp-hwf2bxbuabb0eyhs.germanywestcentral-01.azurewebsites.net\/cookie\/\">Politica de utilizare cookies.<\/a> <\/p>","protected":false},"excerpt":{"rendered":"<p>Politica Date Personale Confiden\u021bialitatea datelor dumneavoastr\u0103 cu caracter personal reprezint\u0103 una dintre preocup\u0103rile principale ale ASOCIA\u021aIEI PROJECT MANAGEMENT INSTITUTE ROMANIA CHAPTER, \u00een calitate de operator de date. ASOCIA\u021aIA PROJECT MANAGEMENT [&#8230;]\n","protected":false},"author":3,"featured_media":0,"parent":0,"menu_order":0,"comment_status":"closed","ping_status":"closed","template":"","meta":{"footnotes":""},"class_list":["post-999291","page","type-page","status-publish","hentry"],"_links":{"self":[{"href":"https:\/\/pmi.ro\/en\/wp-json\/wp\/v2\/pages\/999291","targetHints":{"allow":["GET"]}}],"collection":[{"href":"https:\/\/pmi.ro\/en\/wp-json\/wp\/v2\/pages"}],"about":[{"href":"https:\/\/pmi.ro\/en\/wp-json\/wp\/v2\/types\/page"}],"author":[{"embeddable":true,"href":"https:\/\/pmi.ro\/en\/wp-json\/wp\/v2\/users\/3"}],"replies":[{"embeddable":true,"href":"https:\/\/pmi.ro\/en\/wp-json\/wp\/v2\/comments?post=999291"}],"version-history":[{"count":0,"href":"https:\/\/pmi.ro\/en\/wp-json\/wp\/v2\/pages\/999291\/revisions"}],"wp:attachment":[{"href":"https:\/\/pmi.ro\/en\/wp-json\/wp\/v2\/media?parent=999291"}],"curies":[{"name":"wp","href":"https:\/\/api.w.org\/{rel}","templated":true}]}}