{"id":2818,"date":"2022-10-30T14:10:40","date_gmt":"2022-10-30T14:10:40","guid":{"rendered":"https:\/\/pmi.ro\/?post_type=product&#038;p=2818"},"modified":"2023-03-22T09:47:33","modified_gmt":"2023-03-22T09:47:33","slug":"ghidul-pmbok-in-limba-romana-editia-a-7-a-varianta-electronica","status":"publish","type":"product","link":"https:\/\/pmi.ro\/en\/product\/ghidul-pmbok-in-limba-romana-editia-a-7-a-varianta-electronica\/","title":{"rendered":"Ghidul PMBOK \u00een limba rom\u00e2n\u0103, edi\u021bia a 7-a (varianta electronic\u0103)"},"content":{"rendered":"<p>Pe 1 August 2021, Project Management Institute a publicat Ghidul PMBOK\u00ae edi\u0163ia a \u0219aptea, ca ghid \u015fi standard al profesiei de Manager de proiect.<\/p>\n<p>PMBOK\u00ae Guide este resursa de baz\u0103 pentru practicienii \u00een managementul proiectelor. Profesia de management de proiect a evoluat semnificativ datorit\u0103 tehnologiei emergente, noilor abord\u0103ri \u0219i schimb\u0103rilor rapide ale pie\u021bei. Reflect\u00e2nd aceast\u0103 evolu\u021bie, Standardul pentru Managementul Proiectelor enumer\u0103 12 principii ale managementului de proiect, iar Ghidul PMBOK\u00ae \u2013 Edi\u021bia a \u0219aptea este structurat \u00een jurul a opt domenii de performan\u021b\u0103 a proiectului.<\/p>\n<p>Aceast\u0103 edi\u021bie este conceput\u0103 pentru a r\u0103spunde nevoilor actuale \u0219i viitoare ale practicienilor \u0219i pentru a-i ajuta s\u0103 fie mai proactivi, inovatori \u0219i mai agili \u00een a permite rezultatele dorite ale proiectului.<\/p>\n<p>Aceast\u0103 edi\u021bie a Ghidului PMBOK\u00ae:<\/p>\n<ul>\n<li>Reflect\u0103 \u00eentreaga gam\u0103 de abord\u0103ri de dezvoltare (predictiv\u0103, adaptativ\u0103, hibrid\u0103 etc.);<\/li>\n<li>Ofer\u0103 o \u00eentreag\u0103 sec\u021biune dedicat\u0103 adapt\u0103rii abord\u0103rii \u0219i proceselor de dezvoltare;<\/li>\n<li>Include o list\u0103 extins\u0103 de modele, metode \u0219i artefacte;<\/li>\n<li>Se concentreaz\u0103 nu doar pe furnizarea de rezultate ale proiectului, ci \u0219i pe rezultate favorabile; \u0219i<\/li>\n<li>Se integreaz\u0103 cu PMIstandards+\u2122 pentru informa\u021bii \u0219i con\u021binutul aplica\u021biei standard, bazat pe tipul de proiect, abordarea de dezvoltare \u0219i sectorul industrial.<\/li>\n<\/ul>\n<p>NOTE:<br \/>\n1.Studentii beneficiaz\u0103 de o reducere de 20% din pretul afi\u0219at (dac\u0103 fac dovada calit\u0103\u021bii de student).<\/p>\n<p>2.Dupa realizarea pl\u0103\u021bii, veti primi prin e-mail, \u00een maximum 48 de ore, o copie personalizata. V\u0103 rug\u0103m s\u0103 trece\u021bi pe lista de adrese de \u00eencredere adresa \u201epmbok@pmi.ro\u201d (\u0219i s\u0103 verifica\u021bi \u0219i folderul de spam).<\/p>\n<p>3.Pentru orice nel\u0103muriri, v\u0103 rug\u0103m s\u0103 ne scrie\u021bi pe adresa pmbok@pmi.ro. V\u0103 mul\u021bumim!<\/p>","protected":false},"excerpt":{"rendered":"<p>Pe 1 August 2021, Project Management Institute a publicat Ghidul PMBOK\u00ae edi\u0163ia a \u0219aptea, ca ghid \u015fi standard al profesiei de Manager de proiect. PMBOK\u00ae Guide este resursa de baz\u0103 [&#8230;]\n","protected":false},"featured_media":2820,"comment_status":"open","ping_status":"closed","template":"","meta":[],"product_brand":[],"product_cat":[163],"product_tag":[],"class_list":{"0":"post-2818","1":"product","2":"type-product","3":"status-publish","4":"has-post-thumbnail","6":"product_cat-ghid-2","8":"first","9":"instock","10":"virtual","11":"purchasable","12":"product-type-simple"},"_links":{"self":[{"href":"https:\/\/pmi.ro\/en\/wp-json\/wp\/v2\/product\/2818","targetHints":{"allow":["GET"]}}],"collection":[{"href":"https:\/\/pmi.ro\/en\/wp-json\/wp\/v2\/product"}],"about":[{"href":"https:\/\/pmi.ro\/en\/wp-json\/wp\/v2\/types\/product"}],"replies":[{"embeddable":true,"href":"https:\/\/pmi.ro\/en\/wp-json\/wp\/v2\/comments?post=2818"}],"wp:featuredmedia":[{"embeddable":true,"href":"https:\/\/pmi.ro\/en\/wp-json\/wp\/v2\/media\/2820"}],"wp:attachment":[{"href":"https:\/\/pmi.ro\/en\/wp-json\/wp\/v2\/media?parent=2818"}],"wp:term":[{"taxonomy":"product_brand","embeddable":true,"href":"https:\/\/pmi.ro\/en\/wp-json\/wp\/v2\/product_brand?post=2818"},{"taxonomy":"product_cat","embeddable":true,"href":"https:\/\/pmi.ro\/en\/wp-json\/wp\/v2\/product_cat?post=2818"},{"taxonomy":"product_tag","embeddable":true,"href":"https:\/\/pmi.ro\/en\/wp-json\/wp\/v2\/product_tag?post=2818"}],"curies":[{"name":"wp","href":"https:\/\/api.w.org\/{rel}","templated":true}]}}