{"id":999147,"date":"2025-11-20T15:44:28","date_gmt":"2025-11-20T13:44:28","guid":{"rendered":"https:\/\/pmi.ro\/?post_type=product&#038;p=999147"},"modified":"2025-12-24T09:15:39","modified_gmt":"2025-12-24T07:15:39","slug":"aventurile-copiilor-in-lumea-proiectelor-casa-bantuita-cel-mai-infricosator-proiect","status":"publish","type":"product","link":"https:\/\/pmi.ro\/en\/product\/aventurile-copiilor-in-lumea-proiectelor-casa-bantuita-cel-mai-infricosator-proiect\/","title":{"rendered":"Aventurile copiilor \u00een lumea proiectelor &#8211; Casa b\u00e2ntuit\u0103 &#8211; cel mai \u00eenfrico\u0219\u0103tor proiect"},"content":{"rendered":"<p>Casa b\u00e2ntuit\u0103 &#8211; cel mai \u00eenfrico\u0219\u0103tor proiect este al doilea volum din seria <span class=\"NormalTextRun SCXW49690085 BCX0\"><strong>Aventurile copiilor \u00een lumea proiectelor<\/strong><\/span>.<\/p>\n<p><span class=\"NormalTextRun SCXW49690085 BCX0\">Este o <\/span><span class=\"NormalTextRun SpellingErrorV2Themed SCXW49690085 BCX0\">serie<\/span><span class=\"NormalTextRun SCXW49690085 BCX0\">\u00a0de\u00a0<\/span><span class=\"NormalTextRun SpellingErrorV2Themed SCXW49690085 BCX0\">c\u0103r\u021bi<\/span>\u00a0<span class=\"NormalTextRun SpellingErrorV2Themed SCXW49690085 BCX0\">captivante<\/span><span class=\"NormalTextRun SCXW49690085 BCX0\">\u00a0care\u00a0<\/span><span class=\"NormalTextRun SpellingErrorV2Themed SCXW49690085 BCX0\">\u00eei<\/span>\u00a0<span class=\"NormalTextRun SpellingErrorV2Themed SCXW49690085 BCX0\">\u00eenva\u021b\u0103<\/span><span class=\"NormalTextRun SCXW49690085 BCX0\">\u00a0pe\u00a0<\/span><span class=\"NormalTextRun SpellingErrorV2Themed SCXW49690085 BCX0\">copii<\/span>\u00a0<span class=\"NormalTextRun SpellingErrorV2Themed SCXW49690085 BCX0\">principiile<\/span><span class=\"NormalTextRun SCXW49690085 BCX0\">\u00a0de\u00a0<\/span><span class=\"NormalTextRun SpellingErrorV2Themed SCXW49690085 BCX0\">baz\u0103<\/span><span class=\"NormalTextRun SCXW49690085 BCX0\">\u00a0ale\u00a0<\/span><span class=\"NormalTextRun SpellingErrorV2Themed SCXW49690085 BCX0\">managementului<\/span><span class=\"NormalTextRun SCXW49690085 BCX0\">\u00a0de\u00a0<\/span><span class=\"NormalTextRun SpellingErrorV2Themed SCXW49690085 BCX0\">proiect<\/span><span class=\"NormalTextRun SCXW49690085 BCX0\">.\u00a0<\/span><\/p>\n<p><span class=\"NormalTextRun SpellingErrorV2Themed SCXW49690085 BCX0\">Proiectele<\/span><span class=\"NormalTextRun SCXW49690085 BCX0\">\u00a0fac\u00a0<\/span><span class=\"NormalTextRun SpellingErrorV2Themed SCXW49690085 BCX0\">parte<\/span><span class=\"NormalTextRun SCXW49690085 BCX0\">\u00a0din\u00a0<\/span><span class=\"NormalTextRun SpellingErrorV2Themed SCXW49690085 BCX0\">via\u021ba<\/span><span class=\"NormalTextRun SCXW49690085 BCX0\">\u00a0de zi cu zi \u2013 fie\u00a0<\/span><span class=\"NormalTextRun SpellingErrorV2Themed SCXW49690085 BCX0\">acas\u0103<\/span><span class=\"NormalTextRun SCXW49690085 BCX0\">, la\u00a0<\/span><span class=\"NormalTextRun SpellingErrorV2Themed SCXW49690085 BCX0\">\u0219coal\u0103<\/span>\u00a0<span class=\"NormalTextRun SpellingErrorV2Themed SCXW49690085 BCX0\">sau<\/span><span class=\"NormalTextRun SCXW49690085 BCX0\">\u00a0la\u00a0<\/span><span class=\"NormalTextRun SpellingErrorV2Themed SCXW49690085 BCX0\">locul<\/span><span class=\"NormalTextRun SCXW49690085 BCX0\">\u00a0de\u00a0<\/span><span class=\"NormalTextRun SpellingErrorV2Themed SCXW49690085 BCX0\">munc\u0103<\/span><span class=\"NormalTextRun SCXW49690085 BCX0\">.\u00a0<\/span><\/p>\n<p><span class=\"NormalTextRun SpellingErrorV2Themed SCXW49690085 BCX0\">Aceste<\/span>\u00a0<span class=\"NormalTextRun SpellingErrorV2Themed SCXW49690085 BCX0\">c\u0103r\u021bi<\/span>\u00a0<span class=\"NormalTextRun SpellingErrorV2Themed SCXW49690085 BCX0\">ofer\u0103<\/span><span class=\"NormalTextRun SCXW49690085 BCX0\">\u00a0un mod\u00a0<\/span><span class=\"NormalTextRun SpellingErrorV2Themed SCXW49690085 BCX0\">pl\u0103cut<\/span>\u00a0<span class=\"NormalTextRun SpellingErrorV2Themed SCXW49690085 BCX0\">\u0219i<\/span>\u00a0<span class=\"NormalTextRun SpellingErrorV2Themed SCXW49690085 BCX0\">educativ<\/span><span class=\"NormalTextRun SCXW49690085 BCX0\"> de\u00a0<\/span><span class=\"NormalTextRun SCXW49690085 BCX0\">a-<\/span><span class=\"NormalTextRun SpellingErrorV2Themed SCXW49690085 BCX0\">i<\/span>\u00a0<span class=\"NormalTextRun SpellingErrorV2Themed SCXW49690085 BCX0\">preg\u0103ti<\/span><span class=\"NormalTextRun SCXW49690085 BCX0\">\u00a0pe\u00a0<\/span><span class=\"NormalTextRun SpellingErrorV2Themed SCXW49690085 BCX0\">copii<\/span>\u00a0<span class=\"NormalTextRun SpellingErrorV2Themed SCXW49690085 BCX0\">at\u00e2t<\/span>\u00a0<span class=\"NormalTextRun SpellingErrorV2Themed SCXW49690085 BCX0\">pentru<\/span>\u00a0<span class=\"NormalTextRun SpellingErrorV2Themed SCXW49690085 BCX0\">anii<\/span><span class=\"NormalTextRun SCXW49690085 BCX0\">\u00a0de\u00a0<\/span><span class=\"NormalTextRun SpellingErrorV2Themed SCXW49690085 BCX0\">\u0219coal\u0103<\/span>\u00a0<span class=\"NormalTextRun SpellingErrorV2Themed SCXW49690085 BCX0\">ce<\/span>\u00a0<span class=\"NormalTextRun SpellingErrorV2Themed SCXW49690085 BCX0\">urmeaz\u0103<\/span><span class=\"NormalTextRun SCXW49690085 BCX0\">,\u00a0<\/span><span class=\"NormalTextRun SpellingErrorV2Themed SCXW49690085 BCX0\">c\u00e2t<\/span>\u00a0<span class=\"NormalTextRun SpellingErrorV2Themed SCXW49690085 BCX0\">\u0219i<\/span>\u00a0<span class=\"NormalTextRun SpellingErrorV2Themed SCXW49690085 BCX0\">pentru<\/span>\u00a0<span class=\"NormalTextRun SpellingErrorV2Themed SCXW49690085 BCX0\">viitoarea<\/span><span class=\"NormalTextRun SCXW49690085 BCX0\">\u00a0lor\u00a0<\/span><span class=\"NormalTextRun SpellingErrorV2Themed SCXW49690085 BCX0\">carier\u0103<\/span><span class=\"NormalTextRun SCXW49690085 BCX0\">.<\/span><\/p>\n<p><strong>NOT\u00c3: Pre\u0163ul nu include cheltuielile de transport.<\/strong><\/p>\n<p>&nbsp;<\/p>","protected":false},"excerpt":{"rendered":"<p>Casa b\u00e2ntuit\u0103 &#8211; cel mai \u00eenfrico\u0219\u0103tor proiect este al doilea volum din seria <span class=\"NormalTextRun SCXW49690085 BCX0\"><strong>Aventurile copiilor \u00een lumea proiectelor<\/strong><\/span>.<\/p>\n<p><span class=\"NormalTextRun SCXW49690085 BCX0\">Este o <\/span><span class=\"NormalTextRun SpellingErrorV2Themed SCXW49690085 BCX0\">serie<\/span><span class=\"NormalTextRun SCXW49690085 BCX0\">\u00a0de\u00a0<\/span><span class=\"NormalTextRun SpellingErrorV2Themed SCXW49690085 BCX0\">c\u0103r\u021bi<\/span>\u00a0<span class=\"NormalTextRun SpellingErrorV2Themed SCXW49690085 BCX0\">captivante<\/span><span class=\"NormalTextRun SCXW49690085 BCX0\">\u00a0care\u00a0<\/span><span class=\"NormalTextRun SpellingErrorV2Themed SCXW49690085 BCX0\">\u00eei<\/span>\u00a0<span class=\"NormalTextRun SpellingErrorV2Themed SCXW49690085 BCX0\">\u00eenva\u021b\u0103<\/span><span class=\"NormalTextRun SCXW49690085 BCX0\">\u00a0pe\u00a0<\/span><span class=\"NormalTextRun SpellingErrorV2Themed SCXW49690085 BCX0\">copii<\/span>\u00a0<span class=\"NormalTextRun SpellingErrorV2Themed SCXW49690085 BCX0\">principiile<\/span><span class=\"NormalTextRun SCXW49690085 BCX0\">\u00a0de\u00a0<\/span><span class=\"NormalTextRun SpellingErrorV2Themed SCXW49690085 BCX0\">baz\u0103<\/span><span class=\"NormalTextRun SCXW49690085 BCX0\">\u00a0ale\u00a0<\/span><span class=\"NormalTextRun SpellingErrorV2Themed SCXW49690085 BCX0\">managementului<\/span><span class=\"NormalTextRun SCXW49690085 BCX0\">\u00a0de\u00a0<\/span><span class=\"NormalTextRun SpellingErrorV2Themed SCXW49690085 BCX0\">proiect<\/span><span class=\"NormalTextRun SCXW49690085 BCX0\">.\u00a0<\/span><\/p>\n<p><strong>NOT\u00c3: Pre\u0163ul nu include cheltuielile de transport.<\/strong><\/p>\n<p>&nbsp;<\/p>\n<p>&nbsp;<\/p>","protected":false},"featured_media":999150,"comment_status":"open","ping_status":"closed","template":"","meta":[],"product_brand":[],"product_cat":[188],"product_tag":[],"class_list":{"0":"post-999147","1":"product","2":"type-product","3":"status-publish","4":"has-post-thumbnail","6":"product_cat-carte","8":"first","9":"instock","10":"virtual","11":"purchasable","12":"product-type-simple"},"_links":{"self":[{"href":"https:\/\/pmi.ro\/en\/wp-json\/wp\/v2\/product\/999147","targetHints":{"allow":["GET"]}}],"collection":[{"href":"https:\/\/pmi.ro\/en\/wp-json\/wp\/v2\/product"}],"about":[{"href":"https:\/\/pmi.ro\/en\/wp-json\/wp\/v2\/types\/product"}],"replies":[{"embeddable":true,"href":"https:\/\/pmi.ro\/en\/wp-json\/wp\/v2\/comments?post=999147"}],"wp:featuredmedia":[{"embeddable":true,"href":"https:\/\/pmi.ro\/en\/wp-json\/wp\/v2\/media\/999150"}],"wp:attachment":[{"href":"https:\/\/pmi.ro\/en\/wp-json\/wp\/v2\/media?parent=999147"}],"wp:term":[{"taxonomy":"product_brand","embeddable":true,"href":"https:\/\/pmi.ro\/en\/wp-json\/wp\/v2\/product_brand?post=999147"},{"taxonomy":"product_cat","embeddable":true,"href":"https:\/\/pmi.ro\/en\/wp-json\/wp\/v2\/product_cat?post=999147"},{"taxonomy":"product_tag","embeddable":true,"href":"https:\/\/pmi.ro\/en\/wp-json\/wp\/v2\/product_tag?post=999147"}],"curies":[{"name":"wp","href":"https:\/\/api.w.org\/{rel}","templated":true}]}}